{"id":279,"date":"2025-10-24T17:03:03","date_gmt":"2025-10-24T17:03:03","guid":{"rendered":"https:\/\/soe.snaponequipment.com\/brands\/"},"modified":"2025-10-31T20:15:56","modified_gmt":"2025-10-31T20:15:56","slug":"marken","status":"publish","type":"page","link":"https:\/\/soe.snaponequipment.com\/de\/marken\/","title":{"rendered":"Brands"},"content":{"rendered":"\n<div class=\"wp-block-group content-inner1200\"><div class=\"wp-block-group__inner-container is-layout-constrained wp-block-group-is-layout-constrained\">\n<h1 class=\"wp-block-heading h1line\">Unsere Marken<\/h1>\n\n\n\n<p>Unsere Marken auf der ganzen Welt verfolgen das Ziel, die Produktivit\u00e4t von Autowerkst\u00e4tten zu steigern. Die Steigerung der Effizienz steht seit \u00fcber einem Jahrhundert im Mittelpunkt unserer Gesch\u00e4ftst\u00e4tigkeit. Es gibt noch viel zu tun, aber gemeinsam k\u00f6nnen wir neue Ma\u00dfst\u00e4be f\u00fcr herausragenden Autoservice setzen.<\/p>\n\n\n\n<p><\/p>\n\n\n\n<div class=\"wp-block-group tssgrid is-layout-grid wp-container-core-group-is-layout-4448c592 wp-block-group-is-layout-grid\">\n<div class=\"wp-block-group tssbox\"><div class=\"wp-block-group__inner-container is-layout-constrained wp-block-group-is-layout-constrained\">\n<figure class=\"wp-block-image size-full\"><img loading=\"lazy\" decoding=\"async\" width=\"250\" height=\"70\" src=\"https:\/\/soe.snaponequipment.com\/wp-content\/uploads\/sun.png\" alt=\"\" class=\"wp-image-166\"\/><\/figure>\n\n\n\n<div class=\"wp-block-columns is-layout-flex wp-container-core-columns-is-layout-9d6595d7 wp-block-columns-is-layout-flex\">\n<div class=\"wp-block-column tsswordbox is-layout-flow wp-block-column-is-layout-flow\">\n<p><a href=\"https:\/\/eu.sun-workshopsolutions.com\/en\" data-type=\"link\" data-id=\"https:\/\/eu.sun-workshopsolutions.com\/en\" target=\"_blank\" rel=\"noreferrer noopener\">SUN\u00ae, eine der vielen Marken von Snap-on\u00ae, TOTAL SHOP SOLUTIONS, bietet umfassende Diagnose- und Reparaturinformationssysteme f\u00fcr alle Arten von Reparaturen &#8211; sowohl f\u00fcr Kollisionen als auch f\u00fcr mechanische Reparaturen &#8211; bei denen Erkenntnisse aus der Praxis mit OEM-Spezifikationen, Verfahren und mehr integriert werden, um Technikern zu helfen, Reparaturen mit Vertrauen zu beschleunigen.<\/a><\/p>\n<\/div>\n<\/div>\n<\/div><\/div>\n\n\n\n<div class=\"wp-block-group tssbox\"><div class=\"wp-block-group__inner-container is-layout-constrained wp-block-group-is-layout-constrained\">\n<figure class=\"wp-block-image size-full\"><a href=\"https:\/\/www.johnbean.com\/us\/\" target=\"_blank\"><img loading=\"lazy\" decoding=\"async\" width=\"250\" height=\"75\" src=\"https:\/\/soe.snaponequipment.com\/wp-content\/uploads\/johnbean.png\" alt=\"\" class=\"wp-image-173\"\/><\/a><\/figure>\n\n\n\n<div class=\"wp-block-columns is-layout-flex wp-container-core-columns-is-layout-9d6595d7 wp-block-columns-is-layout-flex\">\n<div class=\"wp-block-column tsswordbox is-layout-flow wp-block-column-is-layout-flow\">\n<p><a href=\"https:\/\/www.johnbean.com\/us\/\" data-type=\"link\" data-id=\"https:\/\/eu.sun-workshopsolutions.com\/en\" target=\"_blank\" rel=\"noreferrer noopener\">John Bean\u00ae ist ein weltweit f\u00fchrender Anbieter von L\u00f6sungen f\u00fcr die Kfz-Unterbodenwartung und eine der vielen Marken, die Snap-on\u00ae, TOTAL SHOP SOLUTIONS den Inhabern und Leitern von Werkst\u00e4tten anbietet.<\/a><\/p>\n<\/div>\n<\/div>\n<\/div><\/div>\n\n\n\n<div class=\"wp-block-group tssbox\"><div class=\"wp-block-group__inner-container is-layout-constrained wp-block-group-is-layout-constrained\">\n<figure class=\"wp-block-image size-full\"><a href=\"https:\/\/blackhawkcollision.com\/\" target=\"_blank\"><img loading=\"lazy\" decoding=\"async\" width=\"250\" height=\"75\" src=\"https:\/\/soe.snaponequipment.com\/wp-content\/uploads\/blackhawk.png\" alt=\"\" class=\"wp-image-175\"\/><\/a><\/figure>\n\n\n\n<div class=\"wp-block-columns is-layout-flex wp-container-core-columns-is-layout-9d6595d7 wp-block-columns-is-layout-flex\">\n<div class=\"wp-block-column tsswordbox is-layout-flow wp-block-column-is-layout-flow\">\n<p><a href=\"https:\/\/blackhawkcollision.com\/\" data-type=\"link\" data-id=\"https:\/\/eu.sun-workshopsolutions.com\/en\" target=\"_blank\" rel=\"noreferrer noopener\">BlackHawk\u2122, ein Mitglied der Snap-on\u00ae, TOTAL SHOP SOLUTIONS Familie, ist eine f\u00fchrende Marke f\u00fcr Richt-, Mess-, Hebe-, Schwei\u00df- und Induktionssysteme und bietet effiziente L\u00f6sungen mit h\u00f6chster Genauigkeit f\u00fcr die Kfz-Reparaturbranche.<\/a><\/p>\n<\/div>\n<\/div>\n<\/div><\/div>\n\n\n\n<div class=\"wp-block-group tssbox\"><div class=\"wp-block-group__inner-container is-layout-constrained wp-block-group-is-layout-constrained\">\n<figure class=\"wp-block-image size-full\"><a href=\"https:\/\/hofmann-equipment.com\/us\" target=\"_blank\"><img loading=\"lazy\" decoding=\"async\" width=\"250\" height=\"75\" src=\"https:\/\/soe.snaponequipment.com\/wp-content\/uploads\/hofmann.png\" alt=\"\" class=\"wp-image-170\"\/><\/a><\/figure>\n\n\n\n<div class=\"wp-block-columns is-layout-flex wp-container-core-columns-is-layout-9d6595d7 wp-block-columns-is-layout-flex\">\n<div class=\"wp-block-column tsswordbox is-layout-flow wp-block-column-is-layout-flow\">\n<p><a href=\"https:\/\/hofmann-equipment.com\/us\" target=\"_blank\" rel=\"noreferrer noopener\">Die hervorragende technische Leistung von Radauswuchtmaschinen, Reifenmontiermaschinen, Achsmessger\u00e4ten, Hebeb\u00fchnen und mehr hat Hofmann\u00ae zu einem vertrauensw\u00fcrdigen und respektierten Partner von OEMs und Reparaturfachleuten weltweit gemacht. Snap-on\u00ae, TOTAL SHOP SOLUTIONS freut sich, Hofmann in seiner gro\u00dfen Markenfamilie zu haben.<\/a><\/p>\n<\/div>\n<\/div>\n<\/div><\/div>\n\n\n\n<div class=\"wp-block-group tssbox\"><div class=\"wp-block-group__inner-container is-layout-constrained wp-block-group-is-layout-constrained\">\n<figure class=\"wp-block-image size-full\"><a href=\"https:\/\/www.kansasjack.com\/\" target=\"_blank\"><img loading=\"lazy\" decoding=\"async\" width=\"250\" height=\"75\" src=\"https:\/\/soe.snaponequipment.com\/wp-content\/uploads\/kansasjack.png\" alt=\"\" class=\"wp-image-179\"\/><\/a><\/figure>\n\n\n\n<div class=\"wp-block-columns is-layout-flex wp-container-core-columns-is-layout-9d6595d7 wp-block-columns-is-layout-flex\">\n<div class=\"wp-block-column tsswordbox is-layout-flow wp-block-column-is-layout-flow\">\n<p><a href=\"https:\/\/www.kansasjack.com\/\" target=\"_blank\" rel=\"noreferrer noopener\">Die Kfz-Reparaturbranche vertraut auf Kansas Jack, eine der vielen Marken von Snap-on\u00ae, TOTAL SHOP SOLUTIONS. Die Rahmenmessdaten, Richt- und Schwei\u00dfger\u00e4te von Kansas Jack\u00ae bieten die Werkzeuge, die f\u00fcr schnelle und pr\u00e4zise Reparaturen ben\u00f6tigt werden.<\/a><\/p>\n<\/div>\n<\/div>\n<\/div><\/div>\n\n\n\n<div class=\"wp-block-group tssbox\"><div class=\"wp-block-group__inner-container is-layout-constrained wp-block-group-is-layout-constrained\">\n<figure class=\"wp-block-image size-full\"><a href=\"https:\/\/eu.boxer-equipment.com\/en\" target=\"_blank\"><img loading=\"lazy\" decoding=\"async\" width=\"250\" height=\"75\" src=\"https:\/\/soe.snaponequipment.com\/wp-content\/uploads\/boxer.png\" alt=\"\" class=\"wp-image-182\"\/><\/a><\/figure>\n\n\n\n<div class=\"wp-block-columns is-layout-flex wp-container-core-columns-is-layout-9d6595d7 wp-block-columns-is-layout-flex\">\n<div class=\"wp-block-column tsswordbox is-layout-flow wp-block-column-is-layout-flow\">\n<p><a href=\"https:\/\/eu.boxer-equipment.com\/en\" target=\"_blank\" rel=\"noreferrer noopener\">Von Reifenmontiermaschinen \u00fcber Radauswuchtmaschinen bis hin zu Schwerlastsystemen ist Boxer\u00ae nur eine der vielen Marken von Snap-on\u00ae, TOTAL SHOP SOLUTIONS, die als Inspiration f\u00fcr die Technologie von morgen dienen.<\/a><\/p>\n<\/div>\n<\/div>\n<\/div><\/div>\n\n\n\n<div class=\"wp-block-group tssbox\"><div class=\"wp-block-group__inner-container is-layout-constrained wp-block-group-is-layout-constrained\">\n<figure class=\"wp-block-image size-full\"><a href=\"https:\/\/eu.cartec-equipment.com\/en\" target=\"_blank\"><img loading=\"lazy\" decoding=\"async\" width=\"250\" height=\"75\" src=\"https:\/\/soe.snaponequipment.com\/wp-content\/uploads\/cartec.png\" alt=\"\" class=\"wp-image-184\"\/><\/a><\/figure>\n\n\n\n<div class=\"wp-block-columns is-layout-flex wp-container-core-columns-is-layout-9d6595d7 wp-block-columns-is-layout-flex\">\n<div class=\"wp-block-column tsswordbox is-layout-flow wp-block-column-is-layout-flow\">\n<p><a href=\"https:\/\/eu.cartec-equipment.com\/en\" target=\"_blank\" rel=\"noreferrer noopener\">Als eine der vielen Marken von Snap-on\u00ae, TOTAL SHOP SOLUTIONS, bietet Cartec\u00ae der Automobil- und LKW-Reparaturbranche fortschrittliche Pr\u00fcftechnologie f\u00fcr modulare Systeme, einschlie\u00dflich Ger\u00e4ten zur Pr\u00fcfung von Bremsen, Aufh\u00e4ngung, Lenkung, Geschwindigkeit, Emissionen und mehr.<\/a><\/p>\n<\/div>\n<\/div>\n<\/div><\/div>\n\n\n\n<div class=\"wp-block-group tssbox\"><div class=\"wp-block-group__inner-container is-layout-constrained wp-block-group-is-layout-constrained\">\n<figure class=\"wp-block-image size-full\"><img loading=\"lazy\" decoding=\"async\" width=\"250\" height=\"75\" src=\"https:\/\/soe.snaponequipment.com\/wp-content\/uploads\/challenger.png\" alt=\"\" class=\"wp-image-185\"\/><\/figure>\n\n\n\n<div class=\"wp-block-columns is-layout-flex wp-container-core-columns-is-layout-9d6595d7 wp-block-columns-is-layout-flex\">\n<div class=\"wp-block-column tsswordbox is-layout-flow wp-block-column-is-layout-flow\">\n<p><a href=\"https:\/\/eu.cartec-equipment.com\/en\" target=\"_blank\" rel=\"noreferrer noopener\"><\/a><a href=\"https:\/\/www.challengerlifts.com\/\" target=\"_blank\" rel=\"noreferrer noopener\">Challenger Lifts ist eine der vielen Marken von Snap-on\u00ae, TOTAL SHOP SOLUTIONS, die innovative L\u00f6sungen in der Automobilhebeb\u00fchnenbranche anbieten, darunter Unterflur-, 2-S\u00e4ulen-, 4-S\u00e4ulen-, mobile S\u00e4ulen und mehr.<\/a><\/p>\n<\/div>\n<\/div>\n<\/div><\/div>\n\n\n\n<div class=\"wp-block-group tssbox\"><div class=\"wp-block-group__inner-container is-layout-constrained wp-block-group-is-layout-constrained\">\n<figure class=\"wp-block-image size-full\"><a href=\"https:\/\/www.procutusa.com\/\" target=\"_blank\"><img loading=\"lazy\" decoding=\"async\" width=\"250\" height=\"75\" src=\"https:\/\/soe.snaponequipment.com\/wp-content\/uploads\/pro-cut.png\" alt=\"\" class=\"wp-image-186\"\/><\/a><\/figure>\n\n\n\n<div class=\"wp-block-columns is-layout-flex wp-container-core-columns-is-layout-9d6595d7 wp-block-columns-is-layout-flex\">\n<div class=\"wp-block-column tsswordbox is-layout-flow wp-block-column-is-layout-flow\">\n<p><a href=\"https:\/\/www.procutusa.com\/\" target=\"_blank\" rel=\"noreferrer noopener\">Pro-Cut Bremsenl\u00f6sungen von Snap-on\u00ae, TOTAL SHOP SOLUTIONS: Bremsendrehmaschinen, die von den meisten OEM-Marken f\u00fcr Reparaturen im Rahmen der Garantie gefordert werden und von den meisten Bremstechnikern im Einzelhandel wegen ihrer Genauigkeit, Effizienz und Rentabilit\u00e4t gesch\u00e4tzt werden. Pro-Cut: Never Outmatched\u2122<\/a><\/p>\n<\/div>\n<\/div>\n<\/div><\/div>\n\n\n\n<div class=\"wp-block-group tssbox\"><div class=\"wp-block-group__inner-container is-layout-constrained wp-block-group-is-layout-constrained\">\n<figure class=\"wp-block-image size-full\"><a href=\"https:\/\/www.ecotechnics.com\/usa\/\" target=\"_blank\"><img loading=\"lazy\" decoding=\"async\" width=\"250\" height=\"75\" src=\"https:\/\/soe.snaponequipment.com\/wp-content\/uploads\/ecotechnics.png\" alt=\"\" class=\"wp-image-187\"\/><\/a><\/figure>\n\n\n\n<div class=\"wp-block-columns is-layout-flex wp-container-core-columns-is-layout-9d6595d7 wp-block-columns-is-layout-flex\">\n<div class=\"wp-block-column tsswordbox is-layout-flow wp-block-column-is-layout-flow\">\n<p><a href=\"https:\/\/www.ecotechnics.com\/usa\/\" target=\"_blank\" rel=\"noreferrer noopener\">Ecotechnics\u00ae ist ein f\u00fchrender Innovator im Bereich der R\u00fcckgewinnung, des Recyclings und des Auff\u00fcllens von K\u00e4ltemitteln f\u00fcr Kfz-Klimaanlagen. Das Unternehmen ist Mitglied der Snap-on\u00ae, TOTAL SHOP SOLUTIONS Familie und stellt Produkte her, die f\u00fcr Pkw, Lkw, Busse und landwirtschaftliche Fahrzeuge geeignet sind.<\/a><\/p>\n<\/div>\n<\/div>\n<\/div><\/div>\n\n\n\n<div class=\"wp-block-group tssbox\"><div class=\"wp-block-group__inner-container is-layout-constrained wp-block-group-is-layout-constrained\">\n<figure class=\"wp-block-image size-full\"><a href=\"https:\/\/car-o-liner.com\/\" target=\"_blank\"><img loading=\"lazy\" decoding=\"async\" width=\"250\" height=\"75\" src=\"https:\/\/soe.snaponequipment.com\/wp-content\/uploads\/caroliner.png\" alt=\"\" class=\"wp-image-189\"\/><\/a><\/figure>\n\n\n\n<div class=\"wp-block-columns is-layout-flex wp-container-core-columns-is-layout-9d6595d7 wp-block-columns-is-layout-flex\">\n<div class=\"wp-block-column tsswordbox is-layout-flow wp-block-column-is-layout-flow\">\n<p><a href=\"https:\/\/car-o-liner.com\/\" target=\"_blank\" rel=\"noreferrer noopener\">Als Mitglied der Snap-on\u00ae, TOTAL SHOP SOLUTIONS-Familie ist Car-O-Liner\u00ae der weltweit f\u00fchrende Anbieter von qualitativ hochwertigen, technologisch fortschrittlichen Reparaturger\u00e4ten f\u00fcr den Kfz-Ersatzteilmarkt und bietet innovative L\u00f6sungen, technische Entwicklung, Schulungen und Kundensupport weltweit.<\/a><\/p>\n<\/div>\n<\/div>\n<\/div><\/div>\n\n\n\n<div class=\"wp-block-group tssbox\"><div class=\"wp-block-group__inner-container is-layout-constrained wp-block-group-is-layout-constrained\">\n<figure class=\"wp-block-image size-full\"><a href=\"https:\/\/truckcam.com\/\" target=\"_blank\"><img loading=\"lazy\" decoding=\"async\" width=\"250\" height=\"70\" src=\"https:\/\/soe.snaponequipment.com\/wp-content\/uploads\/truckcam.png\" alt=\"\" class=\"wp-image-191\"\/><\/a><\/figure>\n\n\n\n<div class=\"wp-block-columns is-layout-flex wp-container-core-columns-is-layout-9d6595d7 wp-block-columns-is-layout-flex\">\n<div class=\"wp-block-column tsswordbox is-layout-flow wp-block-column-is-layout-flow\">\n<p><a href=\"https:\/\/truckcam.com\/\" target=\"_blank\" rel=\"noreferrer noopener\">Erstausr\u00fcster auf der ganzen Welt verlassen sich auf truckCAM\u2122, ein Mitglied der Snap-on\u00ae TOTAL SHOP SOLUTIONS-Familie, wenn es um End-of-Line-L\u00f6sungen f\u00fcr die Achsvermessung, den adaptiven Geschwindigkeitsregler und die patentierte Kameratechnologie des Spurhaltewarnsystems in der Schwerlastfahrzeugindustrie geht.<\/a><\/p>\n<\/div>\n<\/div>\n<\/div><\/div>\n\n\n\n<div class=\"wp-block-group tssbox\"><div class=\"wp-block-group__inner-container is-layout-constrained wp-block-group-is-layout-constrained\">\n<figure class=\"wp-block-image size-full\"><a href=\"https:\/\/josam.se\/en\/\" target=\"_blank\"><img loading=\"lazy\" decoding=\"async\" width=\"250\" height=\"75\" src=\"https:\/\/soe.snaponequipment.com\/wp-content\/uploads\/josam.png\" alt=\"\" class=\"wp-image-193\"\/><\/a><\/figure>\n\n\n\n<div class=\"wp-block-columns is-layout-flex wp-container-core-columns-is-layout-9d6595d7 wp-block-columns-is-layout-flex\">\n<div class=\"wp-block-column tsswordbox is-layout-flow wp-block-column-is-layout-flow\">\n<p><a href=\"https:\/\/josam.se\/en\/\" target=\"_blank\" rel=\"noreferrer noopener\">Josam\u00ae, ein Mitglied der Snap-on\u00ae, TOTAL SHOP SOLUTIONS Familie, ist ein weltweiter Hersteller und Anbieter von Achsvermessungs-, Richt- und Induktionserw\u00e4rmungsanlagen f\u00fcr die Schwerfahrzeugindustrie.<\/a><\/p>\n<\/div>\n<\/div>\n<\/div><\/div>\n<\/div>\n<\/div><\/div>\n\n\n\n<p><\/p>\n","protected":false},"excerpt":{"rendered":"<p>Unsere Marken Unsere Marken auf der ganzen Welt verfolgen das Ziel, die Produktivit\u00e4t von Autowerkst\u00e4tten zu steigern. Die Steigerung der Effizienz steht seit \u00fcber einem Jahrhundert im Mittelpunkt unserer Gesch\u00e4ftst\u00e4tigkeit. Es gibt noch viel zu tun, aber gemeinsam k\u00f6nnen wir neue Ma\u00dfst\u00e4be f\u00fcr herausragenden Autoservice setzen. SUN\u00ae, eine der vielen Marken von Snap-on\u00ae, TOTAL SHOP [&hellip;]<\/p>\n","protected":false},"author":1,"featured_media":0,"parent":0,"menu_order":0,"comment_status":"closed","ping_status":"closed","template":"","meta":{"footnotes":""},"class_list":["post-279","page","type-page","status-publish","hentry"],"_links":{"self":[{"href":"https:\/\/soe.snaponequipment.com\/de\/wp-json\/wp\/v2\/pages\/279","targetHints":{"allow":["GET"]}}],"collection":[{"href":"https:\/\/soe.snaponequipment.com\/de\/wp-json\/wp\/v2\/pages"}],"about":[{"href":"https:\/\/soe.snaponequipment.com\/de\/wp-json\/wp\/v2\/types\/page"}],"author":[{"embeddable":true,"href":"https:\/\/soe.snaponequipment.com\/de\/wp-json\/wp\/v2\/users\/1"}],"replies":[{"embeddable":true,"href":"https:\/\/soe.snaponequipment.com\/de\/wp-json\/wp\/v2\/comments?post=279"}],"version-history":[{"count":1,"href":"https:\/\/soe.snaponequipment.com\/de\/wp-json\/wp\/v2\/pages\/279\/revisions"}],"predecessor-version":[{"id":1801,"href":"https:\/\/soe.snaponequipment.com\/de\/wp-json\/wp\/v2\/pages\/279\/revisions\/1801"}],"wp:attachment":[{"href":"https:\/\/soe.snaponequipment.com\/de\/wp-json\/wp\/v2\/media?parent=279"}],"curies":[{"name":"wp","href":"https:\/\/api.w.org\/{rel}","templated":true}]}}