{"id":320,"date":"2025-10-24T18:53:00","date_gmt":"2025-10-24T18:53:00","guid":{"rendered":"https:\/\/soe.snaponequipment.com\/careers\/"},"modified":"2025-10-31T20:39:07","modified_gmt":"2025-10-31T20:39:07","slug":"karriere","status":"publish","type":"page","link":"https:\/\/soe.snaponequipment.com\/de\/karriere\/","title":{"rendered":"Careers"},"content":{"rendered":"\n<div class=\"wp-block-group content-inner1200\"><div class=\"wp-block-group__inner-container is-layout-constrained wp-block-group-is-layout-constrained\">\n<h1 class=\"wp-block-heading h1line\">Karriere<\/h1>\n\n\n\n<p>Die Menschen kennen Snap-on Equipment wegen der Qualit\u00e4t unserer Produkte, und wir wissen, dass die Leidenschaft und der Charakter unserer Mitarbeiter unser Unternehmen zu einem weltweit f\u00fchrenden Unternehmen machen. Wir sind immer auf der Suche nach neuen Teammitgliedern &#8211; Kandidaten, die beispielhaft f\u00fcr uns sind und zu uns passen. Wir sind stolz auf unsere Arbeit, sind integer und haben eine positive Einstellung. Wir sind zuverl\u00e4ssig und respektvoll, verf\u00fcgen \u00fcber eine ausgepr\u00e4gte F\u00e4higkeit zur Zusammenarbeit und haben den Wunsch, zu lernen, uns zu verbessern und erfolgreich zu sein. Mit unseren vielf\u00e4ltigen Talenten und unserem gro\u00dfen Stolz auf die Markenfamilie von Snap-on Equipment treiben wir Innovationen voran und schaffen Werte. Wir wachsen gemeinsam. Wir sind gemeinsam erfolgreich. Und gemeinsam bilden wir das Team Snap-on.<\/p>\n\n\n\n<h2 class=\"wp-block-heading\">ERFOLGSGESCHICHTEN<\/h2>\n\n\n\n<div class=\"wp-block-group portfolio-iteml\"><div class=\"wp-block-group__inner-container is-layout-constrained wp-block-group-is-layout-constrained\">\n<div class=\"wp-block-group portfolio-imagel\"><div class=\"wp-block-group__inner-container is-layout-constrained wp-block-group-is-layout-constrained\">\n<figure class=\"wp-block-image size-full img100\"><img loading=\"lazy\" decoding=\"async\" width=\"315\" height=\"400\" src=\"https:\/\/soe.snaponequipment.com\/wp-content\/uploads\/anny.jpg\" alt=\"\" class=\"wp-image-203\"\/><\/figure>\n<\/div><\/div>\n\n\n\n<div class=\"wp-block-group portfolio-descl\"><div class=\"wp-block-group__inner-container is-layout-constrained wp-block-group-is-layout-constrained\">\n<p style=\"font-size:25px\"><strong>Entwicklungsingenieurin<\/strong><\/p>\n\n\n\n<p>Als ich vor fast einem Jahrzehnt zu Snap-on kam, h\u00e4tte ich mir nicht vorstellen k\u00f6nnen, was f\u00fcr ein unglaublicher Weg vor mir liegt. Im Laufe der Jahre hatte ich die Chance, in Brasilien, Italien und Schweden t\u00e4tig zu sein und dabei mit au\u00dfergew\u00f6hnlichen Menschen aus fast allen Ecken der Welt zusammenzuarbeiten, was sowohl mein pers\u00f6nliches als auch mein berufliches Leben sehr bereichert hat. Nun hat mich der Weg in die Vereinigten Staaten gef\u00fchrt. Ich bin fest entschlossen, weiterhin Neues zu denken und umzusetzen, Neues zu lernen und treibende Kraft f\u00fcr Ver\u00e4nderungen zu sein, denn wir bei Snap-on begn\u00fcgen uns nicht damit, nur Zeugen des Wandels zu sein, wir gestalten den Wandel aktiv mit.<\/p>\n\n\n\n<div style=\"height:1px\" aria-hidden=\"true\" class=\"wp-block-spacer\"><\/div>\n<\/div><\/div>\n<\/div><\/div>\n\n\n\n<div class=\"wp-block-group portfolio-itemr\"><div class=\"wp-block-group__inner-container is-layout-constrained wp-block-group-is-layout-constrained\">\n<div class=\"wp-block-group portfolio-imager\"><div class=\"wp-block-group__inner-container is-layout-constrained wp-block-group-is-layout-constrained\">\n<figure class=\"wp-block-image size-full img100\"><img loading=\"lazy\" decoding=\"async\" width=\"315\" height=\"401\" src=\"https:\/\/soe.snaponequipment.com\/wp-content\/uploads\/success-1r.jpg\" alt=\"\" class=\"wp-image-238\"\/><\/figure>\n<\/div><\/div>\n\n\n\n<div class=\"wp-block-group portfolio-descr\"><div class=\"wp-block-group__inner-container is-layout-constrained wp-block-group-is-layout-constrained\">\n<p style=\"font-size:25px\"><strong>Line Lead<\/strong><\/p>\n\n\n\n<p>Ich arbeite seit 11 Jahren bei Snap-on und bin derzeit der Leiter der ADAS-Montagelinie. Ich sorge daf\u00fcr, dass die Montage unserer Produkte reibungslos verl\u00e4uft, f\u00fchre aber auch Endkontrollen durch, um unseren Kunden Qualit\u00e4tsprodukte zu liefern. Was mir an der Arbeit bei Snap-on gef\u00e4llt, ist die famili\u00e4re Atmosph\u00e4re und wie wir unsere Erfolge feiern.<\/p>\n\n\n\n<p>Mein Team ist stolz auf die Ger\u00e4te, die wir jeden Tag bauen, denn wir wissen, dass unsere Ger\u00e4te weltweit in Fahrzeugen eingesetzt werden, um einen Sensor oder eine Kamera zu korrigieren, die f\u00fcr die Sicherheit von Menschen sorgen. Die Herstellung neuer Produkte f\u00fcr die Marke John Bean l\u00e4sst mich mit Spannung in die Zukunft blicken.<\/p>\n\n\n\n<div style=\"height:1px\" aria-hidden=\"true\" class=\"wp-block-spacer\"><\/div>\n<\/div><\/div>\n<\/div><\/div>\n\n\n\n<div class=\"wp-block-group portfolio-iteml\"><div class=\"wp-block-group__inner-container is-layout-constrained wp-block-group-is-layout-constrained\">\n<div class=\"wp-block-group portfolio-imagel\"><div class=\"wp-block-group__inner-container is-layout-constrained wp-block-group-is-layout-constrained\">\n<figure class=\"wp-block-image size-full img100\"><img loading=\"lazy\" decoding=\"async\" width=\"315\" height=\"401\" src=\"https:\/\/soe.snaponequipment.com\/wp-content\/uploads\/success-3r.jpg\" alt=\"\" class=\"wp-image-244\"\/><\/figure>\n<\/div><\/div>\n\n\n\n<div class=\"wp-block-group portfolio-descl\"><div class=\"wp-block-group__inner-container is-layout-constrained wp-block-group-is-layout-constrained\">\n<p style=\"font-size:25px\"><strong>Leiterin Marketingkommunikation<\/strong><\/p>\n\n\n\n<p>Es ist ein gutes Gef\u00fchl, Teil einer Branche zu sein, die dazu beitr\u00e4gt, die Welt in Bewegung zu halten. Die St\u00e4rke der Marke und die bemerkenswerte Geschichte von Snap-on verst\u00e4rken meine Leidenschaft f\u00fcr die Rolle, die ich einnehme, um sicherzustellen, dass wir den Wert unseres Unternehmens und seinen kontinuierlichen Beitrag zu unserer Gesellschaft aufrechterhalten und bewahren.<\/p>\n\n\n\n<p>Es \u00fcberrascht nicht, dass viele Familien mehr als ein Mitglied im Snap-on-Team haben. Es hat mich sehr \u00fcberrascht, als mein Erstgeborener beschloss, dass sein erster Job nach der Schwei\u00dferlehre bei Snap-on sein sollte, und ich h\u00e4tte nicht gl\u00fccklicher sein k\u00f6nnen, als er sich aufmachte, dieses Ziel selbst zu erreichen. Jetzt arbeitet er eigenst\u00e4ndig, beginnt seine Karriere in Louisville, KY, und hilft beim Aufbau der gleichen Ausr\u00fcstung, die ich mit Marketinginhalten unterst\u00fctze.<\/p>\n\n\n\n<div style=\"height:1px\" aria-hidden=\"true\" class=\"wp-block-spacer\"><\/div>\n<\/div><\/div>\n<\/div><\/div>\n\n\n\n<div class=\"wp-block-group portfolio-itemr\"><div class=\"wp-block-group__inner-container is-layout-constrained wp-block-group-is-layout-constrained\">\n<div class=\"wp-block-group portfolio-imager\"><div class=\"wp-block-group__inner-container is-layout-constrained wp-block-group-is-layout-constrained\">\n<figure class=\"wp-block-image size-full img100\"><img loading=\"lazy\" decoding=\"async\" width=\"315\" height=\"401\" src=\"https:\/\/soe.snaponequipment.com\/wp-content\/uploads\/success-4r.jpg\" alt=\"\" class=\"wp-image-245\"\/><\/figure>\n<\/div><\/div>\n\n\n\n<div class=\"wp-block-group portfolio-descr\"><div class=\"wp-block-group__inner-container is-layout-constrained wp-block-group-is-layout-constrained\">\n<p style=\"font-size:25px\"><strong>Qualit\u00e4tskontrolleur<\/strong><\/p>\n\n\n\n<p>Ich bin in den 90er Jahren w\u00e4hrend der Wirtschaftskrise in meinem Land aus Argentinien ausgewandert. Wie viele andere habe ich zun\u00e4chst \u00fcber eine Arbeitsagentur als Zeitarbeitnehmer gearbeitet, bevor ich von Snap-on fest eingestellt wurde. Ich habe meinen Abschluss in Elektronik an der \u00f6rtlichen High School gemacht und gleichzeitig bei Snap-on gearbeitet &#8211; ich wurde sogar zum Flie\u00dfbandaufseher bef\u00f6rdert! Heute habe ich immer noch den Wunsch, mich zu verbessern, und studiere Ingenieurwesen.<\/p>\n\n\n\n<p>Als ein Teammitglied mit mehr als 42 Jahren Erfahrung beschloss, in den Ruhestand zu gehen, wusste ich, dass er gro\u00dfe Fu\u00dfstapfen hinterlassen w\u00fcrde, die ich ausf\u00fcllen musste, aber ich nahm trotzdem seinen Platz ein. Belegschaft, und so arbeite ich jeden Tag hart daran, seinem Erbe gerecht zu werden und meinem 11-j\u00e4hrigen Sohn ein Vorbild zu sein.<\/p>\n\n\n\n<p>Nach 18 Jahren Besch\u00e4ftigung &#8211; im September 2022 -, mache ich immer noch Karriere bei Snap-on, derzeit als Health &amp; Safety Coordinator, und erf\u00fclle mir meinen Traum, in diesem Bereich zu arbeiten. Ich hoffe, dass sich dieser neue Schritt positiv auf die Sicherheit aller am Arbeitsplatz auswirken wird.<\/p>\n\n\n\n<div style=\"height:1px\" aria-hidden=\"true\" class=\"wp-block-spacer\"><\/div>\n<\/div><\/div>\n<\/div><\/div>\n\n\n\n<h2 class=\"wp-block-heading\">EIN GROSSARTIGER ORT ZUM ARBEITEN<\/h2>\n\n\n\n<p>Wir sind weltweit f\u00fchrend in den Bereichen Kfz-Radservice und Kollisionsreparaturausr\u00fcstungen. Gemeinsam mit uns werden Sie die F\u00e4higkeit zur Reparatur und Verbesserung der Arbeitsumgebung von Fachleuten auf der ganzen Welt unterst\u00fctzen, die unsere Produkte und unser Umfeld f\u00fcr ihre Unternehmen nutzen. Wenn Sie bei Snap-on Equipment arbeiten, tragen Sie zu mehr Nachhaltigkeit bei. Au\u00dferdem haben Sie die M\u00f6glichkeit, mit Produkten zu arbeiten, auf die Sie sehr stolz sein k\u00f6nnen, da sie von Fachleuten als die absolut beste Qualit\u00e4t anerkannt werden, die weltweit erh\u00e4ltlich ist.<\/p>\n\n\n\n<p>Snap-on Equipment ist st\u00e4ndig bestrebt, ein bevorzugter Arbeitgeber zu sein und einen great place to work zu bieten. Die Unternehmenskultur von Snap-on f\u00f6rdert respektvolle und ehrliche Beziehungen, Teamgeist, Transparenz, Kundenorientierung und Innovation. Auf Basis unserer \u00dcberzeugungen haben wir einen kompromisslosen Blick auf Sicherheit, Qualit\u00e4t und kontinuierliche Verbesserung unseres Unternehmens, unserer Produkte und unserer Mitarbeiter. Wir haben immer verschiedene Entwicklungsprogramme in verschiedenen Bereichen unseres Unternehmens.<\/p>\n\n\n\n<p class=\"has-text-align-center\" style=\"font-size:22px\"><strong>Wer wir sind<\/strong><br>Unsere Mission<br>Die am h\u00f6chsten gesch\u00e4tzten Produktivit\u00e4tsl\u00f6sungen der Welt<\/p>\n\n\n\n<div class=\"wp-block-group grid3 is-layout-grid wp-container-core-group-is-layout-6be84c55 wp-block-group-is-layout-grid\">\n<div class=\"wp-block-group\"><div class=\"wp-block-group__inner-container is-layout-constrained wp-block-group-is-layout-constrained\">\n<h3 class=\"wp-block-heading\">berzeugungen<\/h3>\n\n\n\n<ul class=\"wp-block-list\">\n<li>Wir glauben fest an:<\/li>\n\n\n\n<li>Unbedingte Sicherheit von Produkt und Arbeitsplatz<\/li>\n\n\n\n<li>Kompromi\u00dflose Oualit\u00e4t<\/li>\n\n\n\n<li>Leidenschaftlichen Kundendienst<\/li>\n\n\n\n<li>Mutige Innovation<\/li>\n\n\n\n<li>Schnelle und stetige Verbesserung<\/li>\n<\/ul>\n<\/div><\/div>\n\n\n\n<div class=\"wp-block-group\"><div class=\"wp-block-group__inner-container is-layout-constrained wp-block-group-is-layout-constrained\">\n<h3 class=\"wp-block-heading\">Werte<\/h3>\n\n\n\n<ul class=\"wp-block-list\">\n<li>Unser Verhalten bestimmt unseren Erfolg:<\/li>\n\n\n\n<li>Wir zeigen lntegrit\u00e4t.<\/li>\n\n\n\n<li>Wir sagen die Wahrheit.<\/li>\n\n\n\n<li>Wir respektieren den Einzelnen.<\/li>\n\n\n\n<li>Wir f\u00f6rdern Teamwork.<\/li>\n\n\n\n<li>Wir h\u00f6ren zu.<\/li>\n<\/ul>\n<\/div><\/div>\n\n\n\n<div class=\"wp-block-group\"><div class=\"wp-block-group__inner-container is-layout-constrained wp-block-group-is-layout-constrained\">\n<h3 class=\"wp-block-heading\">Visionen<\/h3>\n\n\n\n<ul class=\"wp-block-list\">\n<li>Anerkannt werden als:<\/li>\n\n\n\n<li>Marken erster Wahl<\/li>\n\n\n\n<li>Arbeitgeber erster Wahl<\/li>\n\n\n\n<li>als Franchisegeber erster Wahl<\/li>\n\n\n\n<li>Gesch\u00e4ftspartner erster Wahl<\/li>\n\n\n\n<li>lnvestition erster Wahl<\/li>\n<\/ul>\n<\/div><\/div>\n<\/div>\n\n\n\n<h1 class=\"wp-block-heading has-text-align-center\"><strong>Wir aktualisieren unser Karriereportal.<\/strong><\/h1>\n\n\n\n<h1 class=\"wp-block-heading has-text-align-center\"><strong>Neues Bewerbungssystem in K\u00fcrze verf\u00fcgbar.<\/strong><\/h1>\n<\/div><\/div>\n","protected":false},"excerpt":{"rendered":"<p>Karriere Die Menschen kennen Snap-on Equipment wegen der Qualit\u00e4t unserer Produkte, und wir wissen, dass die Leidenschaft und der Charakter unserer Mitarbeiter unser Unternehmen zu einem weltweit f\u00fchrenden Unternehmen machen. Wir sind immer auf der Suche nach neuen Teammitgliedern &#8211; Kandidaten, die beispielhaft f\u00fcr uns sind und zu uns passen. Wir sind stolz auf unsere [&hellip;]<\/p>\n","protected":false},"author":1,"featured_media":0,"parent":0,"menu_order":0,"comment_status":"closed","ping_status":"closed","template":"","meta":{"footnotes":""},"class_list":["post-320","page","type-page","status-publish","hentry"],"_links":{"self":[{"href":"https:\/\/soe.snaponequipment.com\/de\/wp-json\/wp\/v2\/pages\/320","targetHints":{"allow":["GET"]}}],"collection":[{"href":"https:\/\/soe.snaponequipment.com\/de\/wp-json\/wp\/v2\/pages"}],"about":[{"href":"https:\/\/soe.snaponequipment.com\/de\/wp-json\/wp\/v2\/types\/page"}],"author":[{"embeddable":true,"href":"https:\/\/soe.snaponequipment.com\/de\/wp-json\/wp\/v2\/users\/1"}],"replies":[{"embeddable":true,"href":"https:\/\/soe.snaponequipment.com\/de\/wp-json\/wp\/v2\/comments?post=320"}],"version-history":[{"count":4,"href":"https:\/\/soe.snaponequipment.com\/de\/wp-json\/wp\/v2\/pages\/320\/revisions"}],"predecessor-version":[{"id":1809,"href":"https:\/\/soe.snaponequipment.com\/de\/wp-json\/wp\/v2\/pages\/320\/revisions\/1809"}],"wp:attachment":[{"href":"https:\/\/soe.snaponequipment.com\/de\/wp-json\/wp\/v2\/media?parent=320"}],"curies":[{"name":"wp","href":"https:\/\/api.w.org\/{rel}","templated":true}]}}