{"id":287,"date":"2025-10-24T17:03:03","date_gmt":"2025-10-24T17:03:03","guid":{"rendered":"https:\/\/soe.snaponequipment.com\/brands\/"},"modified":"2025-11-03T20:23:00","modified_gmt":"2025-11-03T20:23:00","slug":"marcas","status":"publish","type":"page","link":"https:\/\/soe.snaponequipment.com\/es\/marcas\/","title":{"rendered":"Brands"},"content":{"rendered":"\n<div class=\"wp-block-group content-inner1200\"><div class=\"wp-block-group__inner-container is-layout-constrained wp-block-group-is-layout-constrained\">\n<h1 class=\"wp-block-heading h1line\">Nuestras Marcas<\/h1>\n\n\n\n<p>Nuestras marcas en todo el mundo tienen la misi\u00f3n global de aumentar la productividad de los talleres de reparaci\u00f3n de autom\u00f3viles. Mejorar la eficiencia ha sido el eje central de nuestras operaciones durante m\u00e1s de un siglo. Hay m\u00e1s terreno por cubrir, pero juntos podemos establecer nuevos est\u00e1ndares de excelencia en el servicio automotriz.<\/p>\n\n\n\n<p><\/p>\n\n\n\n<div class=\"wp-block-group tssgrid is-layout-grid wp-container-core-group-is-layout-4448c592 wp-block-group-is-layout-grid\">\n<div class=\"wp-block-group tssbox\"><div class=\"wp-block-group__inner-container is-layout-constrained wp-block-group-is-layout-constrained\">\n<figure class=\"wp-block-image size-full\"><img loading=\"lazy\" decoding=\"async\" width=\"250\" height=\"70\" src=\"https:\/\/soe.snaponequipment.com\/wp-content\/uploads\/sun.png\" alt=\"\" class=\"wp-image-166\"\/><\/figure>\n\n\n\n<div class=\"wp-block-columns is-layout-flex wp-container-core-columns-is-layout-9d6595d7 wp-block-columns-is-layout-flex\">\n<div class=\"wp-block-column tsswordbox is-layout-flow wp-block-column-is-layout-flow\">\n<p><a href=\"https:\/\/eu.sun-workshopsolutions.com\/en\" data-type=\"link\" data-id=\"https:\/\/eu.sun-workshopsolutions.com\/en\" target=\"_blank\" rel=\"noreferrer noopener\">SUN\u00ae, una de las muchas marcas de Snap-on\u00ae, TOTAL SHOP SOLUTIONS, ofrece sistemas completos de diagn\u00f3stico e informaci\u00f3n de reparaci\u00f3n para todo tipo de reparaciones, tanto mec\u00e1nicas como por colisi\u00f3n, en los que la informaci\u00f3n del mundo real se integra con las especificaciones de los fabricantes de equipos originales, los procedimientos y mucho m\u00e1s para ayudar a los t\u00e9cnicos a acelerar las reparaciones con confianza.<\/a><\/p>\n<\/div>\n<\/div>\n<\/div><\/div>\n\n\n\n<div class=\"wp-block-group tssbox\"><div class=\"wp-block-group__inner-container is-layout-constrained wp-block-group-is-layout-constrained\">\n<figure class=\"wp-block-image size-full\"><a href=\"https:\/\/www.johnbean.com\/us\/\" target=\"_blank\"><img loading=\"lazy\" decoding=\"async\" width=\"250\" height=\"75\" src=\"https:\/\/soe.snaponequipment.com\/wp-content\/uploads\/johnbean.png\" alt=\"\" class=\"wp-image-173\"\/><\/a><\/figure>\n\n\n\n<div class=\"wp-block-columns is-layout-flex wp-container-core-columns-is-layout-9d6595d7 wp-block-columns-is-layout-flex\">\n<div class=\"wp-block-column tsswordbox is-layout-flow wp-block-column-is-layout-flow\">\n<p><a href=\"https:\/\/www.johnbean.com\/us\/\" data-type=\"link\" data-id=\"https:\/\/eu.sun-workshopsolutions.com\/en\" target=\"_blank\" rel=\"noreferrer noopener\">John Bean\u00ae es una fuente l\u00edder mundial de soluciones de equipamiento para el mantenimiento de los bajos del autom\u00f3vil y es una de las muchas marcas que Snap-on\u00ae, TOTAL SHOP SOLUTIONS ofrece a los propietarios y gerentes de talleres de reparaci\u00f3n.<\/a><\/p>\n<\/div>\n<\/div>\n<\/div><\/div>\n\n\n\n<div class=\"wp-block-group tssbox\"><div class=\"wp-block-group__inner-container is-layout-constrained wp-block-group-is-layout-constrained\">\n<figure class=\"wp-block-image size-full\"><a href=\"https:\/\/blackhawkcollision.com\/\" target=\"_blank\"><img loading=\"lazy\" decoding=\"async\" width=\"250\" height=\"75\" src=\"https:\/\/soe.snaponequipment.com\/wp-content\/uploads\/blackhawk.png\" alt=\"\" class=\"wp-image-175\"\/><\/a><\/figure>\n\n\n\n<div class=\"wp-block-columns is-layout-flex wp-container-core-columns-is-layout-9d6595d7 wp-block-columns-is-layout-flex\">\n<div class=\"wp-block-column tsswordbox is-layout-flow wp-block-column-is-layout-flow\">\n<p><a href=\"https:\/\/blackhawkcollision.com\/\" data-type=\"link\" data-id=\"https:\/\/eu.sun-workshopsolutions.com\/en\" target=\"_blank\" rel=\"noreferrer noopener\">BlackHawk\u2122, miembro de la familia Snap-on\u00ae, TOTAL SHOP SOLUTIONS, es una marca l\u00edder en sistemas de enderezado, medici\u00f3n, elevaci\u00f3n, soldadura e inducci\u00f3n, que ofrece soluciones eficaces con una precisi\u00f3n milim\u00e9trica al sector de la reparaci\u00f3n de colisiones en automoci\u00f3n.<\/a><\/p>\n<\/div>\n<\/div>\n<\/div><\/div>\n\n\n\n<div class=\"wp-block-group tssbox\"><div class=\"wp-block-group__inner-container is-layout-constrained wp-block-group-is-layout-constrained\">\n<figure class=\"wp-block-image size-full\"><a href=\"https:\/\/hofmann-equipment.com\/us\" target=\"_blank\"><img loading=\"lazy\" decoding=\"async\" width=\"250\" height=\"75\" src=\"https:\/\/soe.snaponequipment.com\/wp-content\/uploads\/hofmann.png\" alt=\"\" class=\"wp-image-170\"\/><\/a><\/figure>\n\n\n\n<div class=\"wp-block-columns is-layout-flex wp-container-core-columns-is-layout-9d6595d7 wp-block-columns-is-layout-flex\">\n<div class=\"wp-block-column tsswordbox is-layout-flow wp-block-column-is-layout-flow\">\n<p><a href=\"https:\/\/hofmann-equipment.com\/us\" target=\"_blank\" rel=\"noreferrer noopener\">La excelencia en ingenier\u00eda de las equilibradoras, desmontadoras, alineadoras de ruedas, elevadores de veh\u00edculos y mucho m\u00e1s ha convertido a Hofmann\u00ae en un socio de confianza y respetado por los fabricantes de equipos originales y los profesionales de la reparaci\u00f3n de todo el mundo. Snap-on\u00ae, TOTAL SHOP SOLUTIONS se complace en contar con Hofmann en su amplia familia de marcas.<\/a><\/p>\n<\/div>\n<\/div>\n<\/div><\/div>\n\n\n\n<div class=\"wp-block-group tssbox\"><div class=\"wp-block-group__inner-container is-layout-constrained wp-block-group-is-layout-constrained\">\n<figure class=\"wp-block-image size-full\"><a href=\"https:\/\/www.kansasjack.com\/\" target=\"_blank\"><img loading=\"lazy\" decoding=\"async\" width=\"250\" height=\"75\" src=\"https:\/\/soe.snaponequipment.com\/wp-content\/uploads\/kansasjack.png\" alt=\"\" class=\"wp-image-179\"\/><\/a><\/figure>\n\n\n\n<div class=\"wp-block-columns is-layout-flex wp-container-core-columns-is-layout-9d6595d7 wp-block-columns-is-layout-flex\">\n<div class=\"wp-block-column tsswordbox is-layout-flow wp-block-column-is-layout-flow\">\n<p><a href=\"https:\/\/www.kansasjack.com\/\" target=\"_blank\" rel=\"noreferrer noopener\">La industria de reparaci\u00f3n de colisiones conf\u00eda en Kansas Jack, una de las muchas marcas de Snap-on\u00ae, TOTAL SHOP SOLUTIONS. Los datos de medici\u00f3n de bastidores y los equipos de enderezado y soldadura de Kansas Jack proporcionan las herramientas necesarias para realizar reparaciones r\u00e1pidas y precisas.<\/a><\/p>\n<\/div>\n<\/div>\n<\/div><\/div>\n\n\n\n<div class=\"wp-block-group tssbox\"><div class=\"wp-block-group__inner-container is-layout-constrained wp-block-group-is-layout-constrained\">\n<figure class=\"wp-block-image size-full\"><a href=\"https:\/\/eu.boxer-equipment.com\/en\" target=\"_blank\"><img loading=\"lazy\" decoding=\"async\" width=\"250\" height=\"75\" src=\"https:\/\/soe.snaponequipment.com\/wp-content\/uploads\/boxer.png\" alt=\"\" class=\"wp-image-182\"\/><\/a><\/figure>\n\n\n\n<div class=\"wp-block-columns is-layout-flex wp-container-core-columns-is-layout-9d6595d7 wp-block-columns-is-layout-flex\">\n<div class=\"wp-block-column tsswordbox is-layout-flow wp-block-column-is-layout-flow\">\n<p><a href=\"https:\/\/eu.boxer-equipment.com\/en\" target=\"_blank\" rel=\"noreferrer noopener\">Desde desmontadoras hasta equilibradoras de ruedas e incluso sistemas para trabajos pesados, Boxer\u00ae es s\u00f3lo una de las muchas marcas de Snap-on\u00ae, TOTAL SHOP SOLUTIONS que sirve de inspiraci\u00f3n para la tecnolog\u00eda del ma\u00f1ana.<\/a><\/p>\n<\/div>\n<\/div>\n<\/div><\/div>\n\n\n\n<div class=\"wp-block-group tssbox\"><div class=\"wp-block-group__inner-container is-layout-constrained wp-block-group-is-layout-constrained\">\n<figure class=\"wp-block-image size-full\"><a href=\"https:\/\/eu.cartec-equipment.com\/en\" target=\"_blank\"><img loading=\"lazy\" decoding=\"async\" width=\"250\" height=\"75\" src=\"https:\/\/soe.snaponequipment.com\/wp-content\/uploads\/cartec.png\" alt=\"\" class=\"wp-image-184\"\/><\/a><\/figure>\n\n\n\n<div class=\"wp-block-columns is-layout-flex wp-container-core-columns-is-layout-9d6595d7 wp-block-columns-is-layout-flex\">\n<div class=\"wp-block-column tsswordbox is-layout-flow wp-block-column-is-layout-flow\">\n<p><a href=\"https:\/\/eu.cartec-equipment.com\/en\" target=\"_blank\" rel=\"noreferrer noopener\">Una de las muchas marcas de Snap-on\u00ae, TOTAL SHOP SOLUTIONS, Cartec\u00ae proporciona a la industria de reparaci\u00f3n de autom\u00f3viles y camiones tecnolog\u00eda avanzada de comprobaci\u00f3n para sistemas modulares, incluyendo dispositivos que comprueban frenos, suspensi\u00f3n, direcci\u00f3n, velocidad, emisiones y mucho m\u00e1s.<\/a><\/p>\n<\/div>\n<\/div>\n<\/div><\/div>\n\n\n\n<div class=\"wp-block-group tssbox\"><div class=\"wp-block-group__inner-container is-layout-constrained wp-block-group-is-layout-constrained\">\n<figure class=\"wp-block-image size-full\"><img loading=\"lazy\" decoding=\"async\" width=\"250\" height=\"75\" src=\"https:\/\/soe.snaponequipment.com\/wp-content\/uploads\/challenger.png\" alt=\"\" class=\"wp-image-185\"\/><\/figure>\n\n\n\n<div class=\"wp-block-columns is-layout-flex wp-container-core-columns-is-layout-9d6595d7 wp-block-columns-is-layout-flex\">\n<div class=\"wp-block-column tsswordbox is-layout-flow wp-block-column-is-layout-flow\">\n<p><a href=\"https:\/\/eu.cartec-equipment.com\/en\" target=\"_blank\" rel=\"noreferrer noopener\"><\/a><a href=\"https:\/\/www.challengerlifts.com\/\" target=\"_blank\" rel=\"noreferrer noopener\">Challenger Lifts es una de las muchas marcas de Snap-on\u00ae, TOTAL SHOP SOLUTIONS, que ofrece soluciones innovadoras en el sector de los elevadores para autom\u00f3viles, incluyendo elevadores enterrados, de 2 postes, de 4 postes, columnas m\u00f3viles y mucho m\u00e1s.<\/a><\/p>\n<\/div>\n<\/div>\n<\/div><\/div>\n\n\n\n<div class=\"wp-block-group tssbox\"><div class=\"wp-block-group__inner-container is-layout-constrained wp-block-group-is-layout-constrained\">\n<figure class=\"wp-block-image size-full\"><a href=\"https:\/\/www.procutusa.com\/\" target=\"_blank\"><img loading=\"lazy\" decoding=\"async\" width=\"250\" height=\"75\" src=\"https:\/\/soe.snaponequipment.com\/wp-content\/uploads\/pro-cut.png\" alt=\"\" class=\"wp-image-186\"\/><\/a><\/figure>\n\n\n\n<div class=\"wp-block-columns is-layout-flex wp-container-core-columns-is-layout-9d6595d7 wp-block-columns-is-layout-flex\">\n<div class=\"wp-block-column tsswordbox is-layout-flow wp-block-column-is-layout-flow\">\n<p><a href=\"https:\/\/www.procutusa.com\/\" target=\"_blank\" rel=\"noreferrer noopener\">Pro-Cut Brake Solutions de Snap-on\u00ae, SOLUCIONES TOTALES PARA EL TALLER: Tornos de frenos requeridos por la mayor\u00eda de las marcas OEM para reparaciones en garant\u00eda, y demandados por la mayor\u00eda de los t\u00e9cnicos de frenos minoristas por su precisi\u00f3n, eficiencia y rentabilidad. Pro-Cut: Never Outmatched\u2122<\/a><\/p>\n<\/div>\n<\/div>\n<\/div><\/div>\n\n\n\n<div class=\"wp-block-group tssbox\"><div class=\"wp-block-group__inner-container is-layout-constrained wp-block-group-is-layout-constrained\">\n<figure class=\"wp-block-image size-full\"><a href=\"https:\/\/www.ecotechnics.com\/usa\/\" target=\"_blank\"><img loading=\"lazy\" decoding=\"async\" width=\"250\" height=\"75\" src=\"https:\/\/soe.snaponequipment.com\/wp-content\/uploads\/ecotechnics.png\" alt=\"\" class=\"wp-image-187\"\/><\/a><\/figure>\n\n\n\n<div class=\"wp-block-columns is-layout-flex wp-container-core-columns-is-layout-9d6595d7 wp-block-columns-is-layout-flex\">\n<div class=\"wp-block-column tsswordbox is-layout-flow wp-block-column-is-layout-flow\">\n<p><a href=\"https:\/\/www.ecotechnics.com\/usa\/\" target=\"_blank\" rel=\"noreferrer noopener\">L\u00edder innovador en m\u00e1quinas de recuperaci\u00f3n, reciclaje y recarga de refrigerantes para sistemas de aire acondicionado de automoci\u00f3n, Ecotechnics\u00ae es miembro de la familia Snap-on\u00ae, TOTAL SHOP SOLUTIONS, y fabrica productos adecuados para coches, camiones, autobuses y veh\u00edculos agr\u00edcolas.<\/a><\/p>\n<\/div>\n<\/div>\n<\/div><\/div>\n\n\n\n<div class=\"wp-block-group tssbox\"><div class=\"wp-block-group__inner-container is-layout-constrained wp-block-group-is-layout-constrained\">\n<figure class=\"wp-block-image size-full\"><a href=\"https:\/\/car-o-liner.com\/\" target=\"_blank\"><img loading=\"lazy\" decoding=\"async\" width=\"250\" height=\"75\" src=\"https:\/\/soe.snaponequipment.com\/wp-content\/uploads\/caroliner.png\" alt=\"\" class=\"wp-image-189\"\/><\/a><\/figure>\n\n\n\n<div class=\"wp-block-columns is-layout-flex wp-container-core-columns-is-layout-9d6595d7 wp-block-columns-is-layout-flex\">\n<div class=\"wp-block-column tsswordbox is-layout-flow wp-block-column-is-layout-flow\">\n<p><a href=\"https:\/\/car-o-liner.com\/\" target=\"_blank\" rel=\"noreferrer noopener\">Car-O-Liner\u00ae, miembro de la familia Snap-on\u00ae, TOTAL SHOP SOLUTIONS, es el proveedor l\u00edder mundial de equipos tecnol\u00f3gicamente avanzados y de alta calidad para la reparaci\u00f3n de colisiones en el mercado posventa de la automoci\u00f3n, que ofrece soluciones innovadoras, desarrollo t\u00e9cnico, formaci\u00f3n y asistencia al cliente en todo el mundo.<\/a><\/p>\n<\/div>\n<\/div>\n<\/div><\/div>\n\n\n\n<div class=\"wp-block-group tssbox\"><div class=\"wp-block-group__inner-container is-layout-constrained wp-block-group-is-layout-constrained\">\n<figure class=\"wp-block-image size-full\"><a href=\"https:\/\/truckcam.com\/\" target=\"_blank\"><img loading=\"lazy\" decoding=\"async\" width=\"250\" height=\"70\" src=\"https:\/\/soe.snaponequipment.com\/wp-content\/uploads\/truckcam.png\" alt=\"\" class=\"wp-image-191\"\/><\/a><\/figure>\n\n\n\n<div class=\"wp-block-columns is-layout-flex wp-container-core-columns-is-layout-9d6595d7 wp-block-columns-is-layout-flex\">\n<div class=\"wp-block-column tsswordbox is-layout-flow wp-block-column-is-layout-flow\">\n<p><a href=\"https:\/\/truckcam.com\/\" target=\"_blank\" rel=\"noreferrer noopener\">OEMs de todo el mundo conf\u00edan en truckCAM\u2122, miembro de la familia Snap-on\u00ae, TOTAL SHOP SOLUTIONS, para soluciones de final de l\u00ednea de Alineaci\u00f3n de Ruedas, Control de Crucero Adaptativo y la tecnolog\u00eda de c\u00e1mara patentada del Sistema de Advertencia de Cambio Involuntario de Carril en la industria de veh\u00edculos pesados.<\/a><\/p>\n<\/div>\n<\/div>\n<\/div><\/div>\n\n\n\n<div class=\"wp-block-group tssbox\"><div class=\"wp-block-group__inner-container is-layout-constrained wp-block-group-is-layout-constrained\">\n<figure class=\"wp-block-image size-full\"><a href=\"https:\/\/josam.se\/en\/\" target=\"_blank\"><img loading=\"lazy\" decoding=\"async\" width=\"250\" height=\"75\" src=\"https:\/\/soe.snaponequipment.com\/wp-content\/uploads\/josam.png\" alt=\"\" class=\"wp-image-193\"\/><\/a><\/figure>\n\n\n\n<div class=\"wp-block-columns is-layout-flex wp-container-core-columns-is-layout-9d6595d7 wp-block-columns-is-layout-flex\">\n<div class=\"wp-block-column tsswordbox is-layout-flow wp-block-column-is-layout-flow\">\n<p><a href=\"https:\/\/josam.se\/en\/\" target=\"_blank\" rel=\"noreferrer noopener\">Miembro de la familia Snap-on\u00ae, TOTAL SHOP SOLUTIONS, Josam\u00ae es un fabricante y proveedor mundial de equipos de alineaci\u00f3n de ruedas, enderezamiento y calentamiento por inducci\u00f3n para la industria de veh\u00edculos pesados.<\/a><\/p>\n<\/div>\n<\/div>\n<\/div><\/div>\n<\/div>\n<\/div><\/div>\n\n\n\n<p><\/p>\n","protected":false},"excerpt":{"rendered":"<p>Nuestras Marcas Nuestras marcas en todo el mundo tienen la misi\u00f3n global de aumentar la productividad de los talleres de reparaci\u00f3n de autom\u00f3viles. Mejorar la eficiencia ha sido el eje central de nuestras operaciones durante m\u00e1s de un siglo. Hay m\u00e1s terreno por cubrir, pero juntos podemos establecer nuevos est\u00e1ndares de excelencia en el servicio [&hellip;]<\/p>\n","protected":false},"author":1,"featured_media":0,"parent":0,"menu_order":0,"comment_status":"closed","ping_status":"closed","template":"","meta":{"footnotes":""},"class_list":["post-287","page","type-page","status-publish","hentry"],"_links":{"self":[{"href":"https:\/\/soe.snaponequipment.com\/es\/wp-json\/wp\/v2\/pages\/287","targetHints":{"allow":["GET"]}}],"collection":[{"href":"https:\/\/soe.snaponequipment.com\/es\/wp-json\/wp\/v2\/pages"}],"about":[{"href":"https:\/\/soe.snaponequipment.com\/es\/wp-json\/wp\/v2\/types\/page"}],"author":[{"embeddable":true,"href":"https:\/\/soe.snaponequipment.com\/es\/wp-json\/wp\/v2\/users\/1"}],"replies":[{"embeddable":true,"href":"https:\/\/soe.snaponequipment.com\/es\/wp-json\/wp\/v2\/comments?post=287"}],"version-history":[{"count":1,"href":"https:\/\/soe.snaponequipment.com\/es\/wp-json\/wp\/v2\/pages\/287\/revisions"}],"predecessor-version":[{"id":1839,"href":"https:\/\/soe.snaponequipment.com\/es\/wp-json\/wp\/v2\/pages\/287\/revisions\/1839"}],"wp:attachment":[{"href":"https:\/\/soe.snaponequipment.com\/es\/wp-json\/wp\/v2\/media?parent=287"}],"curies":[{"name":"wp","href":"https:\/\/api.w.org\/{rel}","templated":true}]}}