{"id":304,"date":"2025-10-15T20:34:30","date_gmt":"2025-10-15T20:34:30","guid":{"rendered":"https:\/\/soe.snaponequipment.com\/home\/"},"modified":"2025-11-03T19:55:26","modified_gmt":"2025-11-03T19:55:26","slug":"home","status":"publish","type":"page","link":"https:\/\/soe.snaponequipment.com\/es\/","title":{"rendered":"Home"},"content":{"rendered":"\n<div class=\"wp-block-group bluehead\"><div class=\"wp-block-group__inner-container is-layout-constrained wp-block-group-is-layout-constrained\">\n<div class=\"wp-block-group content-inner1200\"><div class=\"wp-block-group__inner-container is-layout-constrained wp-block-group-is-layout-constrained\">\n<div class=\"wp-block-columns is-layout-flex wp-container-core-columns-is-layout-9d6595d7 wp-block-columns-is-layout-flex\">\n<div class=\"wp-block-column whiteheader is-layout-flow wp-block-column-is-layout-flow\">\n<p><strong>L\u00edder mundial en servicio de ruedas automotrices y reparaci\u00f3n de colisiones<\/strong><\/p>\n<\/div>\n\n\n\n<div class=\"wp-block-column is-layout-flow wp-block-column-is-layout-flow\">\n<figure class=\"wp-block-video\"><video height=\"1080\" style=\"aspect-ratio: 1920 \/ 1080;\" width=\"1920\" autoplay controls loop muted src=\"https:\/\/soe.snaponequipment.com\/wp-content\/uploads\/2025\/10\/global.mp4\"><\/video><\/figure>\n<\/div>\n<\/div>\n<\/div><\/div>\n<\/div><\/div>\n\n\n\n<div class=\"wp-block-group container\"><div class=\"wp-block-group__inner-container is-layout-constrained wp-block-group-is-layout-constrained\">\n<div class=\"wp-block-group content-inner1200\"><div class=\"wp-block-group__inner-container is-layout-constrained wp-block-group-is-layout-constrained\">\n<h1 class=\"wp-block-heading h1line\">Innovador l\u00edder en tecnolog\u00eda de reparaci\u00f3n automotriz<\/h1>\n\n\n\n<p>Ofrecemos los alineadores de ruedas, equilibradores de ruedas, cambiadores de neum\u00e1ticos, elevadores de alineaci\u00f3n, elevadores de uso general, tornos de freno, sistemas de medici\u00f3n de marcos y bastidores de enderezamiento de marcos m\u00e1s avanzados tecnol\u00f3gicamente.&nbsp;En Snap-on Equipment, trabajamos para proporcionar equipo, informaci\u00f3n, capacitaci\u00f3n y soporte aprobados l\u00edderes en la industria para ayudar a los talleres a volver a poner en circulaci\u00f3n veh\u00edculos seguros.<\/p>\n\n\n\n<p>Como parte de nuestras operaciones diarias, Snap-on se compromete a crear productos de alta calidad en un lugar de trabajo seguro y saludable y, al mismo tiempo, nos esforzamos por proteger los recursos naturales y preservar el medio ambiente. Adem\u00e1s de actuar como vecinos responsables con el medio ambiente en las comunidades, nos dedicamos a comunicar las mejores pr\u00e1cticas a los miembros de nuestro equipo. Nos enorgullecemos del compromiso establecido de nuestro equipo de construir y fomentar relaciones a largo plazo con los clientes.<\/p>\n\n\n\n<figure class=\"wp-block-image size-full\"><img loading=\"lazy\" decoding=\"async\" width=\"3002\" height=\"1646\" src=\"https:\/\/soe.snaponequipment.com\/wp-content\/uploads\/2025\/10\/assemblyline.png\" alt=\"\" class=\"wp-image-43\"\/><\/figure>\n<\/div><\/div>\n\n\n\n<div class=\"wp-block-group content-inner1200\"><div class=\"wp-block-group__inner-container is-layout-constrained wp-block-group-is-layout-constrained\">\n<h1 class=\"wp-block-heading h1line\" id=\"presence\">Nuestra Presencia<\/h1>\n\n\n\n<p>Snap-on Equipment tiene presencia global con instalaciones en:<\/p>\n<\/div><\/div>\n<\/div><\/div>\n\n\n\n<div class=\"presence\">\n<div class=\"flexrow\">\n<div class=\"col-md-4\">\n<div class=\"location\">Conway, Estados Unidos<\/div>\n\n<div class=\"location\">Louisville, Estados Unidos<\/div>\n\n<div class=\"location\">Detroit, Estados Unidos<\/div>\n\n<div class=\"location\">L&iacute;bano occidental, Estados Unidos<\/div>\n\n<div class=\"location\">Waukesha, Estados Unidos<\/div>\n\n<div class=\"location\">Lexington, Estados Unidos<\/div>\n\n<div class=\"location\">Sharjah, Emiratos &Aacute;rabes Unidos<\/div>\n\n<div class=\"location\">Bicester, Reino Unido<\/div>\n<\/div>\n\n<div class=\"col-md-4\">\n<div class=\"location\">Rugby, Reino Unido<\/div>\n\n<div class=\"location\">Santa Corona am Wechsel, Austria<\/div>\n\n<div class=\"location\">Santa B&aacute;rbara d&#39;Oeste, Brasil<\/div>\n\n<div class=\"location\">Mississauga, Canad&aacute;<\/div>\n\n<div class=\"location\">Par&iacute;s, Francia<\/div>\n\n<div class=\"location\">Babenhausen, Alemania<\/div>\n\n<div class=\"location\">Unterneukirchen, Alemania<\/div>\n\n<div class=\"location\">Sopron, Hungr&iacute;a<\/div>\n<\/div>\n\n<div class=\"col-md-4\">\n<div class=\"location\">Correggio, Italia<\/div>\n\n<div class=\"location\">Florencia, Italia<\/div>\n\n<div class=\"location\">Larvik, Noruega<\/div>\n\n<div class=\"location\">Gotemburgo, Suecia<\/div>\n\n<div class=\"location\">Katrineholm, Suecia<\/div>\n\n<div class=\"location\">Kungs&ouml;r, Suecia<\/div>\n\n<div class=\"location\">&Ouml;rebro, Suecia<\/div>\n\n<div class=\"location\">Estocolmo, Suecia<\/div>\n<\/div>\n<div class=\"clearall\">&nbsp;<\/div>\n<\/div>\n<\/div>\n\n\n\n<div class=\"wp-block-group press\"><div class=\"wp-block-group__inner-container is-layout-constrained wp-block-group-is-layout-constrained\">\n<div class=\"wp-block-group container\"><div class=\"wp-block-group__inner-container is-layout-constrained wp-block-group-is-layout-constrained\"><\/div><\/div>\n<\/div><\/div>\n","protected":false},"excerpt":{"rendered":"<p>L\u00edder mundial en servicio de ruedas automotrices y reparaci\u00f3n de colisiones Innovador l\u00edder en tecnolog\u00eda de reparaci\u00f3n automotriz Ofrecemos los alineadores de ruedas, equilibradores de ruedas, cambiadores de neum\u00e1ticos, elevadores de alineaci\u00f3n, elevadores de uso general, tornos de freno, sistemas de medici\u00f3n de marcos y bastidores de enderezamiento de marcos m\u00e1s avanzados tecnol\u00f3gicamente.&nbsp;En Snap-on Equipment, [&hellip;]<\/p>\n","protected":false},"author":1,"featured_media":0,"parent":0,"menu_order":0,"comment_status":"closed","ping_status":"closed","template":"","meta":{"footnotes":""},"class_list":["post-304","page","type-page","status-publish","hentry"],"_links":{"self":[{"href":"https:\/\/soe.snaponequipment.com\/es\/wp-json\/wp\/v2\/pages\/304","targetHints":{"allow":["GET"]}}],"collection":[{"href":"https:\/\/soe.snaponequipment.com\/es\/wp-json\/wp\/v2\/pages"}],"about":[{"href":"https:\/\/soe.snaponequipment.com\/es\/wp-json\/wp\/v2\/types\/page"}],"author":[{"embeddable":true,"href":"https:\/\/soe.snaponequipment.com\/es\/wp-json\/wp\/v2\/users\/1"}],"replies":[{"embeddable":true,"href":"https:\/\/soe.snaponequipment.com\/es\/wp-json\/wp\/v2\/comments?post=304"}],"version-history":[{"count":5,"href":"https:\/\/soe.snaponequipment.com\/es\/wp-json\/wp\/v2\/pages\/304\/revisions"}],"predecessor-version":[{"id":1831,"href":"https:\/\/soe.snaponequipment.com\/es\/wp-json\/wp\/v2\/pages\/304\/revisions\/1831"}],"wp:attachment":[{"href":"https:\/\/soe.snaponequipment.com\/es\/wp-json\/wp\/v2\/media?parent=304"}],"curies":[{"name":"wp","href":"https:\/\/api.w.org\/{rel}","templated":true}]}}