{"id":328,"date":"2025-10-24T18:53:00","date_gmt":"2025-10-24T18:53:00","guid":{"rendered":"https:\/\/soe.snaponequipment.com\/careers\/"},"modified":"2025-11-03T20:28:38","modified_gmt":"2025-11-03T20:28:38","slug":"carreras","status":"publish","type":"page","link":"https:\/\/soe.snaponequipment.com\/es\/carreras\/","title":{"rendered":"Careers"},"content":{"rendered":"\n<div class=\"wp-block-group content-inner1200\"><div class=\"wp-block-group__inner-container is-layout-constrained wp-block-group-is-layout-constrained\">\n<h1 class=\"wp-block-heading h1line\">Carreras<\/h1>\n\n\n\n<p>La gente conoce Snap-on Equipment por la calidad de nuestros productos, y nosotros sabemos que la pasi\u00f3n y el car\u00e1cter de nuestra gente hacen de nuestra empresa un l\u00edder mundial. Siempre estamos buscando nuevos miembros para nuestro equipo, candidatos que ejemplifiquen lo que somos. Estamos orgullosos de nuestro trabajo, somos \u00edntegros y tenemos una actitud positiva. Somos fiables y respetuosos, poseemos grandes dotes de colaboraci\u00f3n y ganas de aprender, mejorar y triunfar. Con nuestros diversos talentos y el gran orgullo que sentimos por la familia de marcas Snap-on Equipment, impulsamos la innovaci\u00f3n y creamos valor. Crecemos juntos. Juntos triunfaremos. Y juntos, formamos el Equipo Snap-on.<\/p>\n\n\n\n<h2 class=\"wp-block-heading\">HISTORIAS DE \u00c9XITO<\/h2>\n\n\n\n<div class=\"wp-block-group portfolio-iteml\"><div class=\"wp-block-group__inner-container is-layout-constrained wp-block-group-is-layout-constrained\">\n<div class=\"wp-block-group portfolio-imagel\"><div class=\"wp-block-group__inner-container is-layout-constrained wp-block-group-is-layout-constrained\">\n<figure class=\"wp-block-image size-full img100\"><img loading=\"lazy\" decoding=\"async\" width=\"315\" height=\"400\" src=\"https:\/\/soe.snaponequipment.com\/wp-content\/uploads\/anny.jpg\" alt=\"\" class=\"wp-image-203\"\/><\/figure>\n<\/div><\/div>\n\n\n\n<div class=\"wp-block-group portfolio-descl\"><div class=\"wp-block-group__inner-container is-layout-constrained wp-block-group-is-layout-constrained\">\n<p style=\"font-size:25px\"><strong>Ingeniero de dise\u00f1o<\/strong><\/p>\n\n\n\n<p>Hace casi una d\u00e9cada, cuando me un\u00ed por primera vez al equipo de Snap-on, no pod\u00eda imaginar el incre\u00edble viaje que me esperaba. A lo largo de los a\u00f1os, he tenido el privilegio de trabajar en Brasil, Italia y Suecia, y de colaborar con personas extraordinarias de diversos rincones del mundo, lo que ha enriquecido mi vida personal y profesional. Ahora, en Estados Unidos, estoy decidida a seguir superando los l\u00edmites y a seguir trabajando, aprendiendo y siendo una fuerza impulsora del cambio, porque en Snap-on no s\u00f3lo somos testigos del cambio, sino que le damos forma activamente.<\/p>\n\n\n\n<div style=\"height:1px\" aria-hidden=\"true\" class=\"wp-block-spacer\"><\/div>\n<\/div><\/div>\n<\/div><\/div>\n\n\n\n<div class=\"wp-block-group portfolio-itemr\"><div class=\"wp-block-group__inner-container is-layout-constrained wp-block-group-is-layout-constrained\">\n<div class=\"wp-block-group portfolio-imager\"><div class=\"wp-block-group__inner-container is-layout-constrained wp-block-group-is-layout-constrained\">\n<figure class=\"wp-block-image size-full img100\"><img loading=\"lazy\" decoding=\"async\" width=\"315\" height=\"401\" src=\"https:\/\/soe.snaponequipment.com\/wp-content\/uploads\/success-1r.jpg\" alt=\"\" class=\"wp-image-238\"\/><\/figure>\n<\/div><\/div>\n\n\n\n<div class=\"wp-block-group portfolio-descr\"><div class=\"wp-block-group__inner-container is-layout-constrained wp-block-group-is-layout-constrained\">\n<p style=\"font-size:25px\"><strong>JOHN BEAN TRU-POINT LINE LEAD<\/strong><\/p>\n\n\n\n<p>Trabajo para Snap-on desde hace 11 a\u00f1os y actualmente soy el responsable de la l\u00ednea de montaje ADAS. Me aseguro de que el montaje de nuestros productos se realice sin problemas, pero tambi\u00e9n realizo las inspecciones finales para ofrecer productos de calidad a nuestros clientes. Lo que m\u00e1s me gusta de trabajar para Snap-on es el ambiente familiar en el que celebramos nuestros logros.<\/p>\n\n\n\n<p>Mi equipo se enorgullece de los equipos que construimos cada d\u00eda, sabiendo que nuestros equipos se utilizan en todo el mundo en veh\u00edculos para corregir un sensor o una c\u00e1mara que mantiene a salvo a alguien. Producir nuevos productos para la marca John Bean me mantiene ilusionado de cara al futuro.<\/p>\n\n\n\n<div style=\"height:1px\" aria-hidden=\"true\" class=\"wp-block-spacer\"><\/div>\n<\/div><\/div>\n<\/div><\/div>\n\n\n\n<div class=\"wp-block-group portfolio-iteml\"><div class=\"wp-block-group__inner-container is-layout-constrained wp-block-group-is-layout-constrained\">\n<div class=\"wp-block-group portfolio-imagel\"><div class=\"wp-block-group__inner-container is-layout-constrained wp-block-group-is-layout-constrained\">\n<figure class=\"wp-block-image size-full img100\"><img loading=\"lazy\" decoding=\"async\" width=\"315\" height=\"401\" src=\"https:\/\/soe.snaponequipment.com\/wp-content\/uploads\/success-3r.jpg\" alt=\"\" class=\"wp-image-244\"\/><\/figure>\n<\/div><\/div>\n\n\n\n<div class=\"wp-block-group portfolio-descl\"><div class=\"wp-block-group__inner-container is-layout-constrained wp-block-group-is-layout-constrained\">\n<p style=\"font-size:25px\"><strong>Supervisora \u200b\u200bde Comunicaciones de Marketing<\/strong><\/p>\n\n\n\n<p>Es un placer formar parte de una industria que contribuye a mantener el mundo en movimiento. La fuerza de la marca y la notable historia de Snap-on aumentan mi pasi\u00f3n por el papel que desempe\u00f1o para garantizar que defendemos y mantenemos el valor de nuestra empresa y su continua contribuci\u00f3n a nuestra sociedad.<\/p>\n\n\n\n<p>No es de extra\u00f1ar que muchas familias tengan m\u00e1s de un miembro en el equipo Snap-on. Me sorprendi\u00f3 mucho cuando mi primog\u00e9nito decidi\u00f3 que su primer trabajo al salir de la escuela de soldadura ser\u00eda en Snap-on, y no podr\u00eda haberme alegrado m\u00e1s cuando se propuso alcanzar ese objetivo por s\u00ed mismo. Ahora se mantiene a s\u00ed mismo, empieza su carrera en Louisville, KY, y ayuda a construir el mismo equipo que yo apoyo con contenidos de marketing.<\/p>\n\n\n\n<div style=\"height:1px\" aria-hidden=\"true\" class=\"wp-block-spacer\"><\/div>\n<\/div><\/div>\n<\/div><\/div>\n\n\n\n<div class=\"wp-block-group portfolio-itemr\"><div class=\"wp-block-group__inner-container is-layout-constrained wp-block-group-is-layout-constrained\">\n<div class=\"wp-block-group portfolio-imager\"><div class=\"wp-block-group__inner-container is-layout-constrained wp-block-group-is-layout-constrained\">\n<figure class=\"wp-block-image size-full img100\"><img loading=\"lazy\" decoding=\"async\" width=\"315\" height=\"401\" src=\"https:\/\/soe.snaponequipment.com\/wp-content\/uploads\/success-4r.jpg\" alt=\"\" class=\"wp-image-245\"\/><\/figure>\n<\/div><\/div>\n\n\n\n<div class=\"wp-block-group portfolio-descr\"><div class=\"wp-block-group__inner-container is-layout-constrained wp-block-group-is-layout-constrained\">\n<p style=\"font-size:25px\"><strong>Supervisor de Control de Calidad<\/strong><\/p>\n\n\n\n<p>Emigr\u00e9 de Argentina en los a\u00f1os 90, durante la crisis econ\u00f3mica de mi pa\u00eds. Como muchos otros, al principio pas\u00e9 por una agencia de empleo como trabajador temporal antes de ser contratado a tiempo completo por Snap-on. Obtuve mi diploma en electr\u00f3nica en el instituto local mientras trabajaba en Snap-on, \u00a1incluso me ascendieron a supervisor de la l\u00ednea de montaje! Hoy en d\u00eda, sigo teniendo un antiguo deseo de superarme, y estoy estudiando como licenciada en ingenier\u00eda.<\/p>\n\n\n\n<p>Cuando un miembro del equipo con m\u00e1s de 42 a\u00f1os de experiencia decidi\u00f3 jubilarse, sab\u00eda que dejar\u00eda unos zapatos muy grandes que llenar, pero de todos modos ocup\u00e9 su lugar. Se le consideraba un pilar del taller, as\u00ed que trabajo duro cada d\u00eda para estar a la altura de su legado y dar ejemplo a mi hijo de 11 a\u00f1os.<\/p>\n\n\n\n<p>Despu\u00e9s de 18 a\u00f1os de empleo, a partir de septiembre de 2022, sigo avanzando en mi carrera con Snap-on, actualmente como Coordinador de Salud y Seguridad, cumpliendo el sue\u00f1o que he tenido de trabajar en esta \u00e1rea. Espero que esta nueva medida repercuta positivamente en la seguridad de todos en el lugar de trabajo.<\/p>\n\n\n\n<div style=\"height:1px\" aria-hidden=\"true\" class=\"wp-block-spacer\"><\/div>\n<\/div><\/div>\n<\/div><\/div>\n\n\n\n<h2 class=\"wp-block-heading\">UN GRAN LUGAR PARA TRABAJAR<\/h2>\n\n\n\n<p>Puesto que somos l\u00edderes mundiales en equipos de servicio de ruedas de autom\u00f3viles y reparaci\u00f3n de colisiones, se unir\u00e1 a nosotros para fomentar la capacidad de reparaci\u00f3n y mejorar el entorno de trabajo de los profesionales de todo el mundo, que utilizan nuestros productos y nuestro entorno para sus negocios. Al unirte a nosotros en Snap-on Equipment, est\u00e1s contribuyendo a aumentar la sostenibilidad. Tambi\u00e9n tendr\u00e1 la posibilidad de trabajar con productos llenos de mucho orgullo, ya que son reconocidos por los profesionales como los de mayor calidad disponible en todo el mundo.<\/p>\n\n\n\n<p>Snap-on Equipment se esfuerza continuamente por ser un empleador de elecci\u00f3n y ofrecer un \u00abGran lugar para trabajar\u00bb. La cultura empresarial de Snap-on fomenta las relaciones respetuosas y honestas, el esp\u00edritu de equipo, la transparencia, la orientaci\u00f3n al cliente y la innovaci\u00f3n. Junto con nuestras creencias, establecemos una visi\u00f3n inflexible de la seguridad, la calidad y la mejora continua de nuestra empresa, nuestros productos y nuestro personal. Siempre tenemos distintos programas de desarrollo en varias partes de nuestra empresa.<\/p>\n\n\n\n<p class=\"has-text-align-center\"><strong>Quienes Somos<\/strong><br>Nuestra Misi\u00f3n<br>Las soluciones m\u00e1s valoradad del mund en productividad<\/p>\n\n\n\n<div class=\"wp-block-columns is-layout-flex wp-container-core-columns-is-layout-9d6595d7 wp-block-columns-is-layout-flex\">\n<div class=\"wp-block-column is-layout-flow wp-block-column-is-layout-flow\">\n<h3 class=\"wp-block-heading\">Creencias<\/h3>\n\n\n\n<ul class=\"wp-block-list\">\n<li>Creemos sinceramente en:<\/li>\n\n\n\n<li>La seguridad en el puesto de trabajo<\/li>\n\n\n\n<li>La calidad sin compromiso<\/li>\n\n\n\n<li>La atenci\u00f3n total al Cliente<\/li>\n\n\n\n<li>La innovaci\u00f3n agresiva<\/li>\n\n\n\n<li>La mejora Continua\u00a0<\/li>\n<\/ul>\n<\/div>\n\n\n\n<div class=\"wp-block-column is-layout-flow wp-block-column-is-layout-flow\">\n<h3 class=\"wp-block-heading\">Valores<\/h3>\n\n\n\n<ul class=\"wp-block-list\">\n<li>Nuestro comportamiento define nuestro \u00e9xito:<\/li>\n\n\n\n<li>Demostramos integridad.<\/li>\n\n\n\n<li>Decimos la verdad.<\/li>\n\n\n\n<li>Respetamos a las personas.<\/li>\n\n\n\n<li>Promovemos el trabajo en Equipo.<\/li>\n\n\n\n<li>Escuchamos.<\/li>\n<\/ul>\n<\/div>\n\n\n\n<div class=\"wp-block-column is-layout-flow wp-block-column-is-layout-flow\">\n<h3 class=\"wp-block-heading\">Visi\u00f3n<\/h3>\n\n\n\n<ul class=\"wp-block-list\">\n<li>Empresa preferida para trabajar:<\/li>\n\n\n\n<li>Marca preferida<\/li>\n\n\n\n<li>Empleador preferido<\/li>\n\n\n\n<li>Franquicia preferida<\/li>\n\n\n\n<li>Socio empresarial preferido<\/li>\n\n\n\n<li>Inversi\u00f3n preferida<\/li>\n<\/ul>\n<\/div>\n<\/div>\n\n\n\n<h1 class=\"wp-block-heading has-text-align-center\"><strong>Estamos actualizando nuestro portal de empleo.<\/strong><\/h1>\n\n\n\n<h1 class=\"wp-block-heading has-text-align-center\"><strong>Pr\u00f3ximamente tendremos un nuevo sistema de postulaci\u00f3n.<\/strong><\/h1>\n<\/div><\/div>\n","protected":false},"excerpt":{"rendered":"<p>Carreras La gente conoce Snap-on Equipment por la calidad de nuestros productos, y nosotros sabemos que la pasi\u00f3n y el car\u00e1cter de nuestra gente hacen de nuestra empresa un l\u00edder mundial. Siempre estamos buscando nuevos miembros para nuestro equipo, candidatos que ejemplifiquen lo que somos. Estamos orgullosos de nuestro trabajo, somos \u00edntegros y tenemos una [&hellip;]<\/p>\n","protected":false},"author":1,"featured_media":0,"parent":0,"menu_order":0,"comment_status":"closed","ping_status":"closed","template":"","meta":{"footnotes":""},"class_list":["post-328","page","type-page","status-publish","hentry"],"_links":{"self":[{"href":"https:\/\/soe.snaponequipment.com\/es\/wp-json\/wp\/v2\/pages\/328","targetHints":{"allow":["GET"]}}],"collection":[{"href":"https:\/\/soe.snaponequipment.com\/es\/wp-json\/wp\/v2\/pages"}],"about":[{"href":"https:\/\/soe.snaponequipment.com\/es\/wp-json\/wp\/v2\/types\/page"}],"author":[{"embeddable":true,"href":"https:\/\/soe.snaponequipment.com\/es\/wp-json\/wp\/v2\/users\/1"}],"replies":[{"embeddable":true,"href":"https:\/\/soe.snaponequipment.com\/es\/wp-json\/wp\/v2\/comments?post=328"}],"version-history":[{"count":1,"href":"https:\/\/soe.snaponequipment.com\/es\/wp-json\/wp\/v2\/pages\/328\/revisions"}],"predecessor-version":[{"id":1841,"href":"https:\/\/soe.snaponequipment.com\/es\/wp-json\/wp\/v2\/pages\/328\/revisions\/1841"}],"wp:attachment":[{"href":"https:\/\/soe.snaponequipment.com\/es\/wp-json\/wp\/v2\/media?parent=328"}],"curies":[{"name":"wp","href":"https:\/\/api.w.org\/{rel}","templated":true}]}}