{"id":344,"date":"2025-10-16T19:10:19","date_gmt":"2025-10-16T19:10:19","guid":{"rendered":"https:\/\/soe.snaponequipment.com\/products\/"},"modified":"2025-11-03T20:17:30","modified_gmt":"2025-11-03T20:17:30","slug":"productos","status":"publish","type":"page","link":"https:\/\/soe.snaponequipment.com\/es\/productos\/","title":{"rendered":"Products"},"content":{"rendered":"\n<div class=\"wp-block-group container has-white-background-color has-background\"><div class=\"wp-block-group__inner-container is-layout-constrained wp-block-group-is-layout-constrained\">\n<div class=\"wp-block-group content-inner1200\"><div class=\"wp-block-group__inner-container is-layout-constrained wp-block-group-is-layout-constrained\">\n<h1 class=\"wp-block-heading h1line\">REPARACI\u00d3N DE AUTOM\u00d3VILES<\/h1>\n\n\n\r\n\t\t<div class=\"productgrid1\">\r\n\t\t\t<div class=\"filters\">\r\n\t\t\t\t<div class=\"filterheader\">\r\n\t\t\t\t\t<h2>REPARACI\u00d3N DE AUTOM\u00d3VILES<\/h2>\r\n\t\t\t\t<\/div>\r\n\t\t\t\t<div class=\"filterlist\">\r\n<div><button class=\"pcheckedbox\" id=\"p1\" aria-label=\"ELEVADOR\"><\/button> ELEVADOR<\/div><div class=\"filter\"><a href=\"?catkey=4\" class=\"filterlink\"><button class=\"pcheckbox\" id=\"p4\" aria-label=\" ALINEADORES DE RUEDAS\"><\/button> ALINEADORES DE RUEDAS<a><\/div><div class=\"filter\"><a href=\"?catkey=2\" class=\"filterlink\"><button class=\"pcheckbox\" id=\"p2\" aria-label=\"ADAS CALIBRACI\u00d3N\"><\/button>ADAS CALIBRACI\u00d3N<a><\/div><div class=\"filter\"><a href=\"?catkey=5\" class=\"filterlink\"><button class=\"pcheckbox\" id=\"p5\" aria-label=\"EQUILIBRADORAS DE RUEDAS\"><\/button>EQUILIBRADORAS DE RUEDAS<a><\/div><div class=\"filter\"><a href=\"?catkey=3\" class=\"filterlink\"><button class=\"pcheckbox\" id=\"p3\" aria-label=\"DESMONTADORAS DE NEUM\u00c1TICOS\"><\/button>DESMONTADORAS DE NEUM\u00c1TICOS<a><\/div><div class=\"filter\"><a href=\"?catkey=6\" class=\"filterlink\"><button class=\"pcheckbox\" id=\"p6\" aria-label=\"SERVICIO DE FRENOS\"><\/button>SERVICIO DE FRENOS<a><\/div><div class=\"filter\"><a href=\"?catkey=7\" class=\"filterlink\"><button class=\"pcheckbox\" id=\"p7\" aria-label=\"SERVICIO DE AIRE ACONDICIONADO\"><\/button>SERVICIO DE AIRE ACONDICIONADO<a><\/div><div class=\"filter\"><a href=\"?catkey=8\" class=\"filterlink\"><button class=\"pcheckbox\" id=\"p8\" aria-label=\"LIMPIEZA DE TRANSMISIONES\"><\/button>LIMPIEZA DE TRANSMISIONES<a><\/div><div class=\"filter\"><a href=\"?catkey=9\" class=\"filterlink\"><button class=\"pcheckbox\" id=\"p9\" aria-label=\"EQUIPO DE PRUEBA\"><\/button>EQUIPO DE PRUEBA<a><\/div><div class=\"filter\"><a href=\"?catkey=10\" class=\"filterlink\"><button class=\"pcheckbox\" id=\"p10\" aria-label=\"MEDICI\u00d3N DE NEUM\u00c1TICOS\"><\/button>MEDICI\u00d3N DE NEUM\u00c1TICOS<a><\/div><div class=\"filter\"><a href=\"?catkey=11\" class=\"filterlink\"><button class=\"pcheckbox\" id=\"p11\" aria-label=\"REPARACI\u00d3N DE COLISIONES\"><\/button>REPARACI\u00d3N DE COLISIONES<a><\/div><div class=\"filter\"><a href=\"?catkey=12\" class=\"filterlink\"><button class=\"pcheckbox\" id=\"p12\" aria-label=\"Diagn\u00f3stico\"><\/button>Diagn\u00f3stico<a><\/div><div class=\"filter\"><a href=\"?catkey=13\" class=\"filterlink\"><button class=\"pcheckbox\" id=\"p13\" aria-label=\"SISTEMAS DE FINAL DE L\u00cdNEA\"><\/button>SISTEMAS DE FINAL DE L\u00cdNEA<a><\/div>\t\t\t\t\r\n\t\t\t\t\r\n\t\t\t\t\r\n\t\t\t\t\t<p class=\"disclaimer\">*Es posible que algunos productos no est\u00e9n disponibles en todas las regiones. Comun\u00edquese con su representante local para obtener m\u00e1s informaci\u00f3n.<\/p>\r\n\t\t\t\t<\/div>\r\n\t\t\t<\/div>\r\n\t\t\t<div class=\"productgrid\">\r\n<div class=\"product\">\r\n\t\t\t<img decoding=\"async\" src=\"\/wp-content\/uploads\/CL12A-2.png\">ELEVADORES DE DOS POSTES<\/div><div class=\"product\">\r\n\t\t\t<img decoding=\"async\" src=\"\/wp-content\/uploads\/four-post-lift.jpg\">ELEVADORES DE 4 POSTES<\/div><div class=\"product\">\r\n\t\t\t<img decoding=\"async\" src=\"\/wp-content\/uploads\/inground-lifts.jpg\">ASCENSORES EMPOTRADOS<\/div><div class=\"product\">\r\n\t\t\t<img decoding=\"async\" src=\"\/wp-content\/uploads\/lift-table.jpg\">MESAS ELEVADORAS<\/div><div class=\"product\">\r\n\t\t\t<img decoding=\"async\" src=\"\/wp-content\/uploads\/scissor-lift.jpg\">ELEVADORES DE TIJERA<\/div><div class=\"product\">\r\n\t\t\t<img decoding=\"async\" src=\"\/wp-content\/uploads\/home-storage-lift.jpg\">ELEVADORES DE ALMACENAMIENTO DOM\u00c9STICO<\/div><div class=\"product\">\r\n\t\t\t<img decoding=\"async\" src=\"\/wp-content\/uploads\/short-midrise-lift.jpg\">ELEVADORES DE ASCENSO CORTO\/MIG<\/div>\t\t\t\r\n\t\t\t<\/div>\r\n\t\t<\/div>\r\n\n<\/div><\/div>\n<\/div><\/div>\n\n\n\n<div class=\"wp-block-group container has-white-background-color has-background\"><div class=\"wp-block-group__inner-container is-layout-constrained wp-block-group-is-layout-constrained\">\n<div class=\"wp-block-group content-inner1200\"><div class=\"wp-block-group__inner-container is-layout-constrained wp-block-group-is-layout-constrained\">\n<h1 class=\"wp-block-heading h1line\">REPARACI\u00d3N DE TRABAJO PESADO<\/h1>\n\n\n\n<div class=\"wp-block-group is-layout-grid wp-container-core-group-is-layout-4448c592 wp-block-group-is-layout-grid\">\n<div class=\"wp-block-group product\"><div class=\"wp-block-group__inner-container is-layout-constrained wp-block-group-is-layout-constrained\"><div class=\"wp-block-image\">\n<figure class=\"aligncenter size-full\"><img loading=\"lazy\" decoding=\"async\" width=\"290\" height=\"222\" src=\"https:\/\/soe.snaponequipment.com\/wp-content\/uploads\/wheel-alignment.jpg\" alt=\"\" class=\"wp-image-78\"\/><\/figure>\n<\/div>\n\n\n<p class=\"has-text-align-center\">ALINEACI\u00d3N DE RUEDAS<\/p>\n<\/div><\/div>\n\n\n\n<div class=\"wp-block-group product\"><div class=\"wp-block-group__inner-container is-layout-constrained wp-block-group-is-layout-constrained\"><div class=\"wp-block-image\">\n<figure class=\"aligncenter size-full\"><img loading=\"lazy\" decoding=\"async\" width=\"290\" height=\"222\" src=\"https:\/\/soe.snaponequipment.com\/wp-content\/uploads\/adas-calibration.jpg\" alt=\"\" class=\"wp-image-76\"\/><\/figure>\n<\/div>\n\n\n<p class=\"has-text-align-center\">CALIBRACI\u00d3N ADAS<\/p>\n<\/div><\/div>\n\n\n\n<div class=\"wp-block-group product\"><div class=\"wp-block-group__inner-container is-layout-constrained wp-block-group-is-layout-constrained\"><div class=\"wp-block-image\">\n<figure class=\"aligncenter size-full\"><img loading=\"lazy\" decoding=\"async\" width=\"290\" height=\"222\" src=\"https:\/\/soe.snaponequipment.com\/wp-content\/uploads\/mobile-columns-lift.jpg\" alt=\"\" class=\"wp-image-80\"\/><\/figure>\n<\/div>\n\n\n<p class=\"has-text-align-center\">CAMI\u00d3N ELEVADOR DE COLUMNA M\u00d3VIL<\/p>\n<\/div><\/div>\n\n\n\n<div class=\"wp-block-group product\"><div class=\"wp-block-group__inner-container is-layout-constrained wp-block-group-is-layout-constrained\"><div class=\"wp-block-image\">\n<figure class=\"aligncenter size-full\"><img loading=\"lazy\" decoding=\"async\" width=\"290\" height=\"222\" src=\"https:\/\/soe.snaponequipment.com\/wp-content\/uploads\/tire-changer.jpg\" alt=\"\" class=\"wp-image-82\"\/><\/figure>\n<\/div>\n\n\n<p class=\"has-text-align-center\">DESMONTADORAS DE NEUM\u00c1TICOS<\/p>\n<\/div><\/div>\n\n\n\n<div class=\"wp-block-group product\"><div class=\"wp-block-group__inner-container is-layout-constrained wp-block-group-is-layout-constrained\"><div class=\"wp-block-image\">\n<figure class=\"aligncenter size-full\"><img loading=\"lazy\" decoding=\"async\" width=\"290\" height=\"222\" src=\"https:\/\/soe.snaponequipment.com\/wp-content\/uploads\/wheel-balancers.jpg\" alt=\"\" class=\"wp-image-96\"\/><\/figure>\n<\/div>\n\n\n<p class=\"has-text-align-center\">EQUILIBRADORAS DE RUEDAS<\/p>\n<\/div><\/div>\n\n\n\n<div class=\"wp-block-group product\"><div class=\"wp-block-group__inner-container is-layout-constrained wp-block-group-is-layout-constrained\"><div class=\"wp-block-image\">\n<figure class=\"aligncenter size-full\"><img loading=\"lazy\" decoding=\"async\" width=\"290\" height=\"222\" src=\"https:\/\/soe.snaponequipment.com\/wp-content\/uploads\/break-lathe.jpg\" alt=\"\" class=\"wp-image-88\"\/><\/figure>\n<\/div>\n\n\n<p class=\"has-text-align-center\" style=\"text-transform:uppercase\">tornos de freno<\/p>\n<\/div><\/div>\n\n\n\n<div class=\"wp-block-group product\"><div class=\"wp-block-group__inner-container is-layout-constrained wp-block-group-is-layout-constrained\"><div class=\"wp-block-image\">\n<figure class=\"aligncenter size-full\"><img loading=\"lazy\" decoding=\"async\" width=\"290\" height=\"222\" src=\"https:\/\/soe.snaponequipment.com\/wp-content\/uploads\/break-tester.jpg\" alt=\"\" class=\"wp-image-89\"\/><\/figure>\n<\/div>\n\n\n<p class=\"has-text-align-center\" style=\"text-transform:uppercase\">Comprobadores de frenos<\/p>\n<\/div><\/div>\n\n\n\n<div class=\"wp-block-group product\"><div class=\"wp-block-group__inner-container is-layout-constrained wp-block-group-is-layout-constrained\"><div class=\"wp-block-image\">\n<figure class=\"aligncenter size-full\"><img loading=\"lazy\" decoding=\"async\" width=\"290\" height=\"222\" src=\"https:\/\/soe.snaponequipment.com\/wp-content\/uploads\/speedometer.jpg\" alt=\"\" class=\"wp-image-94\"\/><\/figure>\n<\/div>\n\n\n<p class=\"has-text-align-center\" style=\"text-transform:uppercase\">Veloc\u00edmetro<\/p>\n<\/div><\/div>\n\n\n\n<div class=\"wp-block-group product\"><div class=\"wp-block-group__inner-container is-layout-constrained wp-block-group-is-layout-constrained\"><div class=\"wp-block-image\">\n<figure class=\"aligncenter size-full\"><img loading=\"lazy\" decoding=\"async\" width=\"290\" height=\"222\" src=\"https:\/\/soe.snaponequipment.com\/wp-content\/uploads\/emissions-analyzer.jpg\" alt=\"\" class=\"wp-image-92\"\/><\/figure>\n<\/div>\n\n\n<p class=\"has-text-align-center\">ANALIZADOR DE EMISIONES<\/p>\n<\/div><\/div>\n\n\n\n<div class=\"wp-block-group product\"><div class=\"wp-block-group__inner-container is-layout-constrained wp-block-group-is-layout-constrained\"><div class=\"wp-block-image\">\n<figure class=\"aligncenter size-full\"><img loading=\"lazy\" decoding=\"async\" width=\"290\" height=\"222\" src=\"https:\/\/soe.snaponequipment.com\/wp-content\/uploads\/headlight-tester.jpg\" alt=\"\" class=\"wp-image-93\"\/><\/figure>\n<\/div>\n\n\n<p class=\"has-text-align-center\">COMPROBADOR DE FAROS<\/p>\n<\/div><\/div>\n\n\n\n<div class=\"wp-block-group product\"><div class=\"wp-block-group__inner-container is-layout-constrained wp-block-group-is-layout-constrained\"><div class=\"wp-block-image\">\n<figure class=\"aligncenter size-full\"><img loading=\"lazy\" decoding=\"async\" width=\"290\" height=\"222\" src=\"https:\/\/soe.snaponequipment.com\/wp-content\/uploads\/CTR9.png\" alt=\"\" class=\"wp-image-90\"\/><\/figure>\n<\/div>\n\n\n<p class=\"has-text-align-center\" style=\"text-transform:uppercase\">Soldador por puntos<\/p>\n<\/div><\/div>\n\n\n\n<div class=\"wp-block-group product\"><div class=\"wp-block-group__inner-container is-layout-constrained wp-block-group-is-layout-constrained\"><div class=\"wp-block-image\">\n<figure class=\"aligncenter size-full\"><img loading=\"lazy\" decoding=\"async\" width=\"290\" height=\"222\" src=\"https:\/\/soe.snaponequipment.com\/wp-content\/uploads\/ecotechnics_web2.png\" alt=\"\" class=\"wp-image-91\"\/><\/figure>\n<\/div>\n\n\n<p class=\"has-text-align-center\">SERVICIO DE AIRE ACONDICIONADO<\/p>\n<\/div><\/div>\n\n\n\n<p><\/p>\n<\/div>\n<\/div><\/div>\n<\/div><\/div>\n\n\n\n<p><\/p>\n","protected":false},"excerpt":{"rendered":"<p>REPARACI\u00d3N DE AUTOM\u00d3VILES REPARACI\u00d3N DE TRABAJO PESADO ALINEACI\u00d3N DE RUEDAS CALIBRACI\u00d3N ADAS CAMI\u00d3N ELEVADOR DE COLUMNA M\u00d3VIL DESMONTADORAS DE NEUM\u00c1TICOS EQUILIBRADORAS DE RUEDAS tornos de freno Comprobadores de frenos Veloc\u00edmetro ANALIZADOR DE EMISIONES COMPROBADOR DE FAROS Soldador por puntos SERVICIO DE AIRE ACONDICIONADO<\/p>\n","protected":false},"author":1,"featured_media":0,"parent":0,"menu_order":0,"comment_status":"closed","ping_status":"closed","template":"soe-products.php","meta":{"footnotes":""},"class_list":["post-344","page","type-page","status-publish","hentry"],"_links":{"self":[{"href":"https:\/\/soe.snaponequipment.com\/es\/wp-json\/wp\/v2\/pages\/344","targetHints":{"allow":["GET"]}}],"collection":[{"href":"https:\/\/soe.snaponequipment.com\/es\/wp-json\/wp\/v2\/pages"}],"about":[{"href":"https:\/\/soe.snaponequipment.com\/es\/wp-json\/wp\/v2\/types\/page"}],"author":[{"embeddable":true,"href":"https:\/\/soe.snaponequipment.com\/es\/wp-json\/wp\/v2\/users\/1"}],"replies":[{"embeddable":true,"href":"https:\/\/soe.snaponequipment.com\/es\/wp-json\/wp\/v2\/comments?post=344"}],"version-history":[{"count":1,"href":"https:\/\/soe.snaponequipment.com\/es\/wp-json\/wp\/v2\/pages\/344\/revisions"}],"predecessor-version":[{"id":1837,"href":"https:\/\/soe.snaponequipment.com\/es\/wp-json\/wp\/v2\/pages\/344\/revisions\/1837"}],"wp:attachment":[{"href":"https:\/\/soe.snaponequipment.com\/es\/wp-json\/wp\/v2\/media?parent=344"}],"curies":[{"name":"wp","href":"https:\/\/api.w.org\/{rel}","templated":true}]}}