{"id":277,"date":"2025-10-24T17:03:03","date_gmt":"2025-10-24T17:03:03","guid":{"rendered":"https:\/\/soe.snaponequipment.com\/brands\/"},"modified":"2025-10-31T16:05:32","modified_gmt":"2025-10-31T16:05:32","slug":"marques","status":"publish","type":"page","link":"https:\/\/soe.snaponequipment.com\/fr\/marques\/","title":{"rendered":"Brands"},"content":{"rendered":"\n<div class=\"wp-block-group content-inner1200\"><div class=\"wp-block-group__inner-container is-layout-constrained wp-block-group-is-layout-constrained\">\n<h1 class=\"wp-block-heading h1line\">Nos Marques<\/h1>\n\n\n\n<p>Nos marques du monde entier ont pour mission d&rsquo;accro\u00eetre la productivit\u00e9 des ateliers de r\u00e9paration automobile. L&rsquo;am\u00e9lioration de l&rsquo;efficacit\u00e9 est au c\u0153ur de nos activit\u00e9s depuis plus d&rsquo;un si\u00e8cle. Il reste encore du chemin \u00e0 parcourir, mais ensemble, nous pouvons \u00e9tablir de nouvelles normes d&rsquo;excellence en mati\u00e8re de services automobiles.<\/p>\n\n\n\n<p><\/p>\n\n\n\n<div class=\"wp-block-group tssgrid is-layout-grid wp-container-core-group-is-layout-4448c592 wp-block-group-is-layout-grid\">\n<div class=\"wp-block-group tssbox\"><div class=\"wp-block-group__inner-container is-layout-constrained wp-block-group-is-layout-constrained\">\n<figure class=\"wp-block-image size-full\"><img loading=\"lazy\" decoding=\"async\" width=\"250\" height=\"70\" src=\"https:\/\/soe.snaponequipment.com\/wp-content\/uploads\/sun.png\" alt=\"\" class=\"wp-image-166\"\/><\/figure>\n\n\n\n<div class=\"wp-block-columns is-layout-flex wp-container-core-columns-is-layout-9d6595d7 wp-block-columns-is-layout-flex\">\n<div class=\"wp-block-column tsswordbox is-layout-flow wp-block-column-is-layout-flow\">\n<p><a href=\"https:\/\/eu.sun-workshopsolutions.com\/en\" data-type=\"link\" data-id=\"https:\/\/eu.sun-workshopsolutions.com\/en\" target=\"_blank\" rel=\"noreferrer noopener\">SUN\u00ae, l&rsquo;une des nombreuses marques de Snap-on\u00ae, TOTAL SHOP SOLUTIONS, propose des syst\u00e8mes complets de diagnostic et d&rsquo;information sur les r\u00e9parations pour tous les types de r\u00e9parations, qu&rsquo;il s&rsquo;agisse de collisions ou de r\u00e9parations m\u00e9caniques, o\u00f9 les connaissances du monde r\u00e9el s&rsquo;int\u00e8grent aux sp\u00e9cifications, proc\u00e9dures et autres des fabricants d&rsquo;\u00e9quipement d&rsquo;origine pour aider les techniciens \u00e0 acc\u00e9l\u00e9rer les r\u00e9parations en toute confiance.<\/a><\/p>\n<\/div>\n<\/div>\n<\/div><\/div>\n\n\n\n<div class=\"wp-block-group tssbox\"><div class=\"wp-block-group__inner-container is-layout-constrained wp-block-group-is-layout-constrained\">\n<figure class=\"wp-block-image size-full\"><a href=\"https:\/\/www.johnbean.com\/us\/\" target=\"_blank\"><img loading=\"lazy\" decoding=\"async\" width=\"250\" height=\"75\" src=\"https:\/\/soe.snaponequipment.com\/wp-content\/uploads\/johnbean.png\" alt=\"\" class=\"wp-image-173\"\/><\/a><\/figure>\n\n\n\n<div class=\"wp-block-columns is-layout-flex wp-container-core-columns-is-layout-9d6595d7 wp-block-columns-is-layout-flex\">\n<div class=\"wp-block-column tsswordbox is-layout-flow wp-block-column-is-layout-flow\">\n<p><a href=\"https:\/\/www.johnbean.com\/us\/\" data-type=\"link\" data-id=\"https:\/\/eu.sun-workshopsolutions.com\/en\" target=\"_blank\" rel=\"noreferrer noopener\">John Bean\u00ae est une source de premier plan dans le monde entier pour les solutions d&rsquo;\u00e9quipement d&rsquo;entretien du soubassement des voitures et est l&rsquo;une des nombreuses marques que Snap-on\u00ae, TOTAL SHOP SOLUTIONS propose aux propri\u00e9taires et aux directeurs d&rsquo;ateliers de r\u00e9paration.<\/a><\/p>\n<\/div>\n<\/div>\n<\/div><\/div>\n\n\n\n<div class=\"wp-block-group tssbox\"><div class=\"wp-block-group__inner-container is-layout-constrained wp-block-group-is-layout-constrained\">\n<figure class=\"wp-block-image size-full\"><a href=\"https:\/\/blackhawkcollision.com\/\" target=\"_blank\"><img loading=\"lazy\" decoding=\"async\" width=\"250\" height=\"75\" src=\"https:\/\/soe.snaponequipment.com\/wp-content\/uploads\/blackhawk.png\" alt=\"\" class=\"wp-image-175\"\/><\/a><\/figure>\n\n\n\n<div class=\"wp-block-columns is-layout-flex wp-container-core-columns-is-layout-9d6595d7 wp-block-columns-is-layout-flex\">\n<div class=\"wp-block-column tsswordbox is-layout-flow wp-block-column-is-layout-flow\">\n<p><a href=\"https:\/\/blackhawkcollision.com\/\" data-type=\"link\" data-id=\"https:\/\/eu.sun-workshopsolutions.com\/en\" target=\"_blank\" rel=\"noreferrer noopener\">Membre de la famille Snap-on\u00ae, TOTAL SHOP SOLUTIONS, BlackHawk\u2122 est une marque leader dans le domaine des syst\u00e8mes de redressage, de mesure, de levage, de soudage et d&rsquo;induction, offrant des solutions efficaces et d&rsquo;une grande pr\u00e9cision \u00e0 l&rsquo;industrie de la r\u00e9paration automobile.<\/a><\/p>\n<\/div>\n<\/div>\n<\/div><\/div>\n\n\n\n<div class=\"wp-block-group tssbox\"><div class=\"wp-block-group__inner-container is-layout-constrained wp-block-group-is-layout-constrained\">\n<figure class=\"wp-block-image size-full\"><a href=\"https:\/\/hofmann-equipment.com\/us\" target=\"_blank\"><img loading=\"lazy\" decoding=\"async\" width=\"250\" height=\"75\" src=\"https:\/\/soe.snaponequipment.com\/wp-content\/uploads\/hofmann.png\" alt=\"\" class=\"wp-image-170\"\/><\/a><\/figure>\n\n\n\n<div class=\"wp-block-columns is-layout-flex wp-container-core-columns-is-layout-9d6595d7 wp-block-columns-is-layout-flex\">\n<div class=\"wp-block-column tsswordbox is-layout-flow wp-block-column-is-layout-flow\">\n<p><a href=\"https:\/\/hofmann-equipment.com\/us\" target=\"_blank\" rel=\"noreferrer noopener\">L&rsquo;excellence de l&rsquo;ing\u00e9nierie des \u00e9quilibreuses de roues, des d\u00e9monte-pneus, des alignements de roues, des \u00e9l\u00e9vateurs de v\u00e9hicules et bien plus encore a fait de Hofmann\u00ae un partenaire de confiance et respect\u00e9 par les \u00e9quipementiers et les professionnels de la r\u00e9paration du monde entier. Snap-on\u00ae, TOTAL SHOP SOLUTIONS est heureux d&rsquo;avoir Hofmann dans sa grande famille de marques.<\/a><\/p>\n<\/div>\n<\/div>\n<\/div><\/div>\n\n\n\n<div class=\"wp-block-group tssbox\"><div class=\"wp-block-group__inner-container is-layout-constrained wp-block-group-is-layout-constrained\">\n<figure class=\"wp-block-image size-full\"><a href=\"https:\/\/www.kansasjack.com\/\" target=\"_blank\"><img loading=\"lazy\" decoding=\"async\" width=\"250\" height=\"75\" src=\"https:\/\/soe.snaponequipment.com\/wp-content\/uploads\/kansasjack.png\" alt=\"\" class=\"wp-image-179\"\/><\/a><\/figure>\n\n\n\n<div class=\"wp-block-columns is-layout-flex wp-container-core-columns-is-layout-9d6595d7 wp-block-columns-is-layout-flex\">\n<div class=\"wp-block-column tsswordbox is-layout-flow wp-block-column-is-layout-flow\">\n<p><a href=\"https:\/\/www.kansasjack.com\/\" target=\"_blank\" rel=\"noreferrer noopener\">Le secteur de la r\u00e9paration des carrosseries fait confiance \u00e0 Kansas Jack, l&rsquo;une des nombreuses marques de Snap-on\u00ae, TOTAL SHOP SOLUTIONS. Les donn\u00e9es de mesure du cadre, les \u00e9quipements de redressage et de soudage de Kansas Jack fournissent les outils n\u00e9cessaires pour effectuer des r\u00e9parations rapides et pr\u00e9cises.<\/a><\/p>\n<\/div>\n<\/div>\n<\/div><\/div>\n\n\n\n<div class=\"wp-block-group tssbox\"><div class=\"wp-block-group__inner-container is-layout-constrained wp-block-group-is-layout-constrained\">\n<figure class=\"wp-block-image size-full\"><a href=\"https:\/\/eu.boxer-equipment.com\/en\" target=\"_blank\"><img loading=\"lazy\" decoding=\"async\" width=\"250\" height=\"75\" src=\"https:\/\/soe.snaponequipment.com\/wp-content\/uploads\/boxer.png\" alt=\"\" class=\"wp-image-182\"\/><\/a><\/figure>\n\n\n\n<div class=\"wp-block-columns is-layout-flex wp-container-core-columns-is-layout-9d6595d7 wp-block-columns-is-layout-flex\">\n<div class=\"wp-block-column tsswordbox is-layout-flow wp-block-column-is-layout-flow\">\n<p><a href=\"https:\/\/eu.boxer-equipment.com\/en\" target=\"_blank\" rel=\"noreferrer noopener\">Des d\u00e9monte-pneus aux \u00e9quilibreuses de roues, en passant par les syst\u00e8mes pour charges lourdes, Boxer\u00ae n&rsquo;est que l&rsquo;une des nombreuses marques de Snap-on\u00ae, TOTAL SHOP SOLUTIONS, qui sert d&rsquo;inspiration \u00e0 la technologie de demain.<\/a><\/p>\n<\/div>\n<\/div>\n<\/div><\/div>\n\n\n\n<div class=\"wp-block-group tssbox\"><div class=\"wp-block-group__inner-container is-layout-constrained wp-block-group-is-layout-constrained\">\n<figure class=\"wp-block-image size-full\"><a href=\"https:\/\/eu.cartec-equipment.com\/en\" target=\"_blank\"><img loading=\"lazy\" decoding=\"async\" width=\"250\" height=\"75\" src=\"https:\/\/soe.snaponequipment.com\/wp-content\/uploads\/cartec.png\" alt=\"\" class=\"wp-image-184\"\/><\/a><\/figure>\n\n\n\n<div class=\"wp-block-columns is-layout-flex wp-container-core-columns-is-layout-9d6595d7 wp-block-columns-is-layout-flex\">\n<div class=\"wp-block-column tsswordbox is-layout-flow wp-block-column-is-layout-flow\">\n<p><a href=\"https:\/\/eu.cartec-equipment.com\/en\" target=\"_blank\" rel=\"noreferrer noopener\">L&rsquo;une des nombreuses marques de Snap-on\u00ae, TOTAL SHOP SOLUTIONS, Cartec\u00ae fournit \u00e0 l&rsquo;industrie de la r\u00e9paration automobile et des camions une technologie de test avanc\u00e9e pour les syst\u00e8mes modulaires, y compris des dispositifs qui testent les freins, la suspension, la direction, la vitesse, les \u00e9missions et plus encore.<\/a><\/p>\n<\/div>\n<\/div>\n<\/div><\/div>\n\n\n\n<div class=\"wp-block-group tssbox\"><div class=\"wp-block-group__inner-container is-layout-constrained wp-block-group-is-layout-constrained\">\n<figure class=\"wp-block-image size-full\"><img loading=\"lazy\" decoding=\"async\" width=\"250\" height=\"75\" src=\"https:\/\/soe.snaponequipment.com\/wp-content\/uploads\/challenger.png\" alt=\"\" class=\"wp-image-185\"\/><\/figure>\n\n\n\n<div class=\"wp-block-columns is-layout-flex wp-container-core-columns-is-layout-9d6595d7 wp-block-columns-is-layout-flex\">\n<div class=\"wp-block-column tsswordbox is-layout-flow wp-block-column-is-layout-flow\">\n<p><a href=\"https:\/\/eu.cartec-equipment.com\/en\" target=\"_blank\" rel=\"noreferrer noopener\"><\/a><a href=\"https:\/\/challengerlifts.com\/\" data-type=\"link\" data-id=\"https:\/\/challengerlifts.com\/\">Challenger Lifts est l&rsquo;une des nombreuses marques de Snap-on\u00ae, TOTAL SHOP SOLUTIONS, qui fournit des solutions innovantes dans le secteur des ascenseurs pour automobiles, notamment des ascenseurs enterr\u00e9s, \u00e0 2 ou 4 montants, des colonnes mobiles et bien plus encore.<\/a><\/p>\n<\/div>\n<\/div>\n<\/div><\/div>\n\n\n\n<div class=\"wp-block-group tssbox\"><div class=\"wp-block-group__inner-container is-layout-constrained wp-block-group-is-layout-constrained\">\n<figure class=\"wp-block-image size-full\"><a href=\"https:\/\/www.procutusa.com\/\" target=\"_blank\"><img loading=\"lazy\" decoding=\"async\" width=\"250\" height=\"75\" src=\"https:\/\/soe.snaponequipment.com\/wp-content\/uploads\/pro-cut.png\" alt=\"\" class=\"wp-image-186\"\/><\/a><\/figure>\n\n\n\n<div class=\"wp-block-columns is-layout-flex wp-container-core-columns-is-layout-9d6595d7 wp-block-columns-is-layout-flex\">\n<div class=\"wp-block-column tsswordbox is-layout-flow wp-block-column-is-layout-flow\">\n<p><a href=\"https:\/\/www.procutusa.com\/\" target=\"_blank\" rel=\"noreferrer noopener\">Solutions de freinage Pro-Cut de Snap-on\u00ae, SOLUTIONS DE MAGASIN TOTALES: Tours de freinage requis par la plupart des marques OEM pour les r\u00e9parations sous garantie, et demand\u00e9s par la plupart des techniciens de freinage pour leur pr\u00e9cision, leur efficacit\u00e9 et leur rentabilit\u00e9. Pro-Cut : Never Outmatched\u2122<\/a><\/p>\n<\/div>\n<\/div>\n<\/div><\/div>\n\n\n\n<div class=\"wp-block-group tssbox\"><div class=\"wp-block-group__inner-container is-layout-constrained wp-block-group-is-layout-constrained\">\n<figure class=\"wp-block-image size-full\"><a href=\"https:\/\/www.ecotechnics.com\/usa\/\" target=\"_blank\"><img loading=\"lazy\" decoding=\"async\" width=\"250\" height=\"75\" src=\"https:\/\/soe.snaponequipment.com\/wp-content\/uploads\/ecotechnics.png\" alt=\"\" class=\"wp-image-187\"\/><\/a><\/figure>\n\n\n\n<div class=\"wp-block-columns is-layout-flex wp-container-core-columns-is-layout-9d6595d7 wp-block-columns-is-layout-flex\">\n<div class=\"wp-block-column tsswordbox is-layout-flow wp-block-column-is-layout-flow\">\n<p><a href=\"https:\/\/www.ecotechnics.com\/usa\/\" target=\"_blank\" rel=\"noreferrer noopener\">Innovateur de premier plan dans le domaine des machines de r\u00e9cup\u00e9ration, de recyclage et de recharge des fluides frigorig\u00e8nes pour les syst\u00e8mes de climatisation automobile, Ecotechnics\u00ae est membre de la famille Snap-on\u00ae, TOTAL SHOP SOLUTIONS, et fabrique des produits adapt\u00e9s aux voitures, camions, bus et v\u00e9hicules agricoles.<\/a><\/p>\n<\/div>\n<\/div>\n<\/div><\/div>\n\n\n\n<div class=\"wp-block-group tssbox\"><div class=\"wp-block-group__inner-container is-layout-constrained wp-block-group-is-layout-constrained\">\n<figure class=\"wp-block-image size-full\"><a href=\"https:\/\/car-o-liner.com\/\" target=\"_blank\"><img loading=\"lazy\" decoding=\"async\" width=\"250\" height=\"75\" src=\"https:\/\/soe.snaponequipment.com\/wp-content\/uploads\/caroliner.png\" alt=\"\" class=\"wp-image-189\"\/><\/a><\/figure>\n\n\n\n<div class=\"wp-block-columns is-layout-flex wp-container-core-columns-is-layout-9d6595d7 wp-block-columns-is-layout-flex\">\n<div class=\"wp-block-column tsswordbox is-layout-flow wp-block-column-is-layout-flow\">\n<p><a href=\"https:\/\/car-o-liner.com\/\" target=\"_blank\" rel=\"noreferrer noopener\">Membre de la famille Snap-on\u00ae, TOTAL SHOP SOLUTIONS, Car-O-Liner\u00ae est le premier fournisseur mondial d&rsquo;\u00e9quipements de r\u00e9paration des collisions de haute qualit\u00e9 et technologiquement avanc\u00e9s pour le march\u00e9 secondaire de l&rsquo;automobile. Il fournit des solutions innovantes, un d\u00e9veloppement technique, une formation et un support client dans le monde entier.<\/a><\/p>\n<\/div>\n<\/div>\n<\/div><\/div>\n\n\n\n<div class=\"wp-block-group tssbox\"><div class=\"wp-block-group__inner-container is-layout-constrained wp-block-group-is-layout-constrained\">\n<figure class=\"wp-block-image size-full\"><a href=\"https:\/\/truckcam.com\/\" target=\"_blank\"><img loading=\"lazy\" decoding=\"async\" width=\"250\" height=\"70\" src=\"https:\/\/soe.snaponequipment.com\/wp-content\/uploads\/truckcam.png\" alt=\"\" class=\"wp-image-191\"\/><\/a><\/figure>\n\n\n\n<div class=\"wp-block-columns is-layout-flex wp-container-core-columns-is-layout-9d6595d7 wp-block-columns-is-layout-flex\">\n<div class=\"wp-block-column tsswordbox is-layout-flow wp-block-column-is-layout-flow\">\n<p><a href=\"https:\/\/truckcam.com\/\" target=\"_blank\" rel=\"noreferrer noopener\">Les \u00e9quipementiers du monde entier font confiance \u00e0 truckCAM\u2122, un membre de la famille Snap-on\u00ae, TOTAL SHOP SOLUTIONS, pour les solutions de fin de ligne pour l&rsquo;alignement des roues, le r\u00e9gulateur de vitesse adaptatif et la technologie de cam\u00e9ra brevet\u00e9e du syst\u00e8me de d\u00e9tection de sortie de voie dans l&rsquo;industrie des poids lourds.<\/a><\/p>\n<\/div>\n<\/div>\n<\/div><\/div>\n\n\n\n<div class=\"wp-block-group tssbox\"><div class=\"wp-block-group__inner-container is-layout-constrained wp-block-group-is-layout-constrained\">\n<figure class=\"wp-block-image size-full\"><a href=\"https:\/\/josam.se\/en\/\" target=\"_blank\"><img loading=\"lazy\" decoding=\"async\" width=\"250\" height=\"75\" src=\"https:\/\/soe.snaponequipment.com\/wp-content\/uploads\/josam.png\" alt=\"\" class=\"wp-image-193\"\/><\/a><\/figure>\n\n\n\n<div class=\"wp-block-columns is-layout-flex wp-container-core-columns-is-layout-9d6595d7 wp-block-columns-is-layout-flex\">\n<div class=\"wp-block-column tsswordbox is-layout-flow wp-block-column-is-layout-flow\">\n<p><a href=\"https:\/\/josam.se\/en\/\" target=\"_blank\" rel=\"noreferrer noopener\">Membre de la famille Snap-on\u00ae, TOTAL SHOP SOLUTIONS, Josam\u00ae est un fabricant et fournisseur mondial d&rsquo;\u00e9quipements d&rsquo;alignement de roues, de redressement et de chauffage par induction pour l&rsquo;industrie des v\u00e9hicules lourds.<\/a><\/p>\n<\/div>\n<\/div>\n<\/div><\/div>\n<\/div>\n<\/div><\/div>\n\n\n\n<p><\/p>\n","protected":false},"excerpt":{"rendered":"<p>Nos Marques Nos marques du monde entier ont pour mission d&rsquo;accro\u00eetre la productivit\u00e9 des ateliers de r\u00e9paration automobile. L&rsquo;am\u00e9lioration de l&rsquo;efficacit\u00e9 est au c\u0153ur de nos activit\u00e9s depuis plus d&rsquo;un si\u00e8cle. Il reste encore du chemin \u00e0 parcourir, mais ensemble, nous pouvons \u00e9tablir de nouvelles normes d&rsquo;excellence en mati\u00e8re de services automobiles. SUN\u00ae, l&rsquo;une des [&hellip;]<\/p>\n","protected":false},"author":1,"featured_media":0,"parent":0,"menu_order":0,"comment_status":"closed","ping_status":"closed","template":"","meta":{"footnotes":""},"class_list":["post-277","page","type-page","status-publish","hentry"],"_links":{"self":[{"href":"https:\/\/soe.snaponequipment.com\/fr\/wp-json\/wp\/v2\/pages\/277","targetHints":{"allow":["GET"]}}],"collection":[{"href":"https:\/\/soe.snaponequipment.com\/fr\/wp-json\/wp\/v2\/pages"}],"about":[{"href":"https:\/\/soe.snaponequipment.com\/fr\/wp-json\/wp\/v2\/types\/page"}],"author":[{"embeddable":true,"href":"https:\/\/soe.snaponequipment.com\/fr\/wp-json\/wp\/v2\/users\/1"}],"replies":[{"embeddable":true,"href":"https:\/\/soe.snaponequipment.com\/fr\/wp-json\/wp\/v2\/comments?post=277"}],"version-history":[{"count":1,"href":"https:\/\/soe.snaponequipment.com\/fr\/wp-json\/wp\/v2\/pages\/277\/revisions"}],"predecessor-version":[{"id":1756,"href":"https:\/\/soe.snaponequipment.com\/fr\/wp-json\/wp\/v2\/pages\/277\/revisions\/1756"}],"wp:attachment":[{"href":"https:\/\/soe.snaponequipment.com\/fr\/wp-json\/wp\/v2\/media?parent=277"}],"curies":[{"name":"wp","href":"https:\/\/api.w.org\/{rel}","templated":true}]}}