{"id":318,"date":"2025-10-24T18:53:00","date_gmt":"2025-10-24T18:53:00","guid":{"rendered":"https:\/\/soe.snaponequipment.com\/careers\/"},"modified":"2025-10-31T16:30:09","modified_gmt":"2025-10-31T16:30:09","slug":"carieres","status":"publish","type":"page","link":"https:\/\/soe.snaponequipment.com\/fr\/carieres\/","title":{"rendered":"Careers"},"content":{"rendered":"\n<div class=\"wp-block-group content-inner1200\"><div class=\"wp-block-group__inner-container is-layout-constrained wp-block-group-is-layout-constrained\">\n<h1 class=\"wp-block-heading h1line\">Carri\u00e8res<\/h1>\n\n\n\n<p>Les gens connaissent Snap-on Equipment pour la qualit\u00e9 de ses produits, et nous savons que la passion et le caract\u00e8re de nos employ\u00e9s font de notre entreprise un leader mondial. Nous sommes toujours \u00e0 la recherche de nouveaux membres pour l&rsquo;\u00e9quipe &#8211; des candidats qui illustrent ce que nous sommes. Nous sommes fiers de notre travail, nous sommes int\u00e8gres et nous avons une attitude positive. Nous sommes fiables et respectueux, nous poss\u00e9dons de solides comp\u00e9tences en mati\u00e8re de collaboration et nous avons le d\u00e9sir d&rsquo;apprendre, de nous am\u00e9liorer et de r\u00e9ussir. Gr\u00e2ce \u00e0 la diversit\u00e9 de nos talents et \u00e0 la grande fiert\u00e9 que nous \u00e9prouvons \u00e0 l&rsquo;\u00e9gard de la famille de marques Snap-on Equipment, nous favorisons l&rsquo;innovation et cr\u00e9ons de la valeur. Nous grandissons ensemble. Nous r\u00e9ussissons ensemble. Et ensemble, nous formons l&rsquo;\u00e9quipe Snap-on.<\/p>\n\n\n\n<h2 class=\"wp-block-heading\">HISTOIRES DE R\u00c9USSITE<\/h2>\n\n\n\n<div class=\"wp-block-group portfolio-iteml\"><div class=\"wp-block-group__inner-container is-layout-constrained wp-block-group-is-layout-constrained\">\n<div class=\"wp-block-group portfolio-imagel\"><div class=\"wp-block-group__inner-container is-layout-constrained wp-block-group-is-layout-constrained\">\n<figure class=\"wp-block-image size-full img100\"><img loading=\"lazy\" decoding=\"async\" width=\"315\" height=\"400\" src=\"https:\/\/soe.snaponequipment.com\/wp-content\/uploads\/anny.jpg\" alt=\"\" class=\"wp-image-203\"\/><\/figure>\n<\/div><\/div>\n\n\n\n<div class=\"wp-block-group portfolio-descl\"><div class=\"wp-block-group__inner-container is-layout-constrained wp-block-group-is-layout-constrained\">\n<p style=\"font-size:25px\"><strong>Ing\u00e9nieur de Concepteur<\/strong><\/p>\n\n\n\n<p>Il y a pr\u00e8s de dix ans, lorsque j&rsquo;ai rejoint pour la premi\u00e8re fois l&rsquo;\u00e9quipe de Snap-on, je n&rsquo;aurais jamais pu imaginer l&rsquo;incroyable voyage qui m&rsquo;attendait. Au fil des ans, j&rsquo;ai eu le privil\u00e8ge de travailler au Br\u00e9sil, en Italie et en Su\u00e8de, et de collaborer avec des personnes remarquables venues des quatre coins du monde, ce qui a enrichi ma vie personnelle et professionnelle. Aujourd&rsquo;hui, aux \u00c9tats-Unis, je suis d\u00e9termin\u00e9e \u00e0 repousser les limites et \u00e0 continuer \u00e0 travailler, \u00e0 apprendre et \u00e0 \u00eatre une force motrice du changement, car chez Snap-on, nous ne nous contentons pas d&rsquo;\u00eatre des t\u00e9moins du changement, nous le fa\u00e7onnons activement.<\/p>\n\n\n\n<div style=\"height:1px\" aria-hidden=\"true\" class=\"wp-block-spacer\"><\/div>\n<\/div><\/div>\n<\/div><\/div>\n\n\n\n<div class=\"wp-block-group portfolio-itemr\"><div class=\"wp-block-group__inner-container is-layout-constrained wp-block-group-is-layout-constrained\">\n<div class=\"wp-block-group portfolio-imager\"><div class=\"wp-block-group__inner-container is-layout-constrained wp-block-group-is-layout-constrained\">\n<figure class=\"wp-block-image size-full img100\"><img loading=\"lazy\" decoding=\"async\" width=\"315\" height=\"401\" src=\"https:\/\/soe.snaponequipment.com\/wp-content\/uploads\/success-1r.jpg\" alt=\"\" class=\"wp-image-238\"\/><\/figure>\n<\/div><\/div>\n\n\n\n<div class=\"wp-block-group portfolio-descr\"><div class=\"wp-block-group__inner-container is-layout-constrained wp-block-group-is-layout-constrained\">\n<p style=\"font-size:25px\"><strong>Line Lead<\/strong><\/p>\n\n\n\n<p>Je travaille pour Snap-on depuis 11 ans et je suis actuellement le responsable de la ligne d&rsquo;assemblage ADAS. Je m&rsquo;assure que l&rsquo;assemblage de nos produits se d\u00e9roule sans probl\u00e8me, mais je proc\u00e8de \u00e9galement aux inspections finales afin de fournir des produits de qualit\u00e9 \u00e0 nos clients. Ce que je pr\u00e9f\u00e8re dans mon travail chez Snap-on, c&rsquo;est l&rsquo;atmosph\u00e8re familiale dans laquelle nous c\u00e9l\u00e9brons nos r\u00e9ussites.<\/p>\n\n\n\n<p>Mon \u00e9quipe est fi\u00e8re de l&rsquo;\u00e9quipement que nous construisons chaque jour, sachant que notre mat\u00e9riel est utilis\u00e9 dans le monde entier sur des v\u00e9hicules pour corriger un capteur ou une cam\u00e9ra qui assure la s\u00e9curit\u00e9 de quelqu&rsquo;un. La cr\u00e9ation de nouveaux produits pour la marque John Bean m&rsquo;enthousiasme pour l&rsquo;avenir.<\/p>\n\n\n\n<div style=\"height:1px\" aria-hidden=\"true\" class=\"wp-block-spacer\"><\/div>\n<\/div><\/div>\n<\/div><\/div>\n\n\n\n<div class=\"wp-block-group portfolio-iteml\"><div class=\"wp-block-group__inner-container is-layout-constrained wp-block-group-is-layout-constrained\">\n<div class=\"wp-block-group portfolio-imagel\"><div class=\"wp-block-group__inner-container is-layout-constrained wp-block-group-is-layout-constrained\">\n<figure class=\"wp-block-image size-full img100\"><img loading=\"lazy\" decoding=\"async\" width=\"315\" height=\"401\" src=\"https:\/\/soe.snaponequipment.com\/wp-content\/uploads\/success-3r.jpg\" alt=\"\" class=\"wp-image-244\"\/><\/figure>\n<\/div><\/div>\n\n\n\n<div class=\"wp-block-group portfolio-descl\"><div class=\"wp-block-group__inner-container is-layout-constrained wp-block-group-is-layout-constrained\">\n<p style=\"font-size:25px\"><strong>Superviseur des Communications Marketing<\/strong><\/p>\n\n\n\n<p>Il est bon de faire partie d&rsquo;un secteur qui contribue \u00e0 faire bouger le monde. La force de la marque et l&rsquo;histoire remarquable de Snap-on augmentent ma passion pour mon r\u00f4le, qui est de pr\u00e9server la valeur de notre entreprise et sa contribution continue \u00e0 la soci\u00e9t\u00e9.<\/p>\n\n\n\n<p>Il n&rsquo;est pas surprenant que de nombreuses familles comptent plus d&rsquo;un membre dans l&rsquo;\u00e9quipe Snap-on. J&rsquo;ai \u00e9t\u00e9 surpris lorsque mon a\u00een\u00e9 a d\u00e9cid\u00e9 que son premier emploi \u00e0 la sortie de l&rsquo;\u00e9cole de soudure serait chez Snap-on, et je n&rsquo;aurais pas pu \u00eatre plus heureuse lorsqu&rsquo;il a d\u00e9cid\u00e9 d&rsquo;atteindre cet objectif. Aujourd&rsquo;hui, il subvient \u00e0 ses besoins, commence sa carri\u00e8re \u00e0 Louisville, KY, et aide \u00e0 construire le m\u00eame \u00e9quipement que je soutiens avec du contenu marketing.<\/p>\n\n\n\n<div style=\"height:1px\" aria-hidden=\"true\" class=\"wp-block-spacer\"><\/div>\n<\/div><\/div>\n<\/div><\/div>\n\n\n\n<div class=\"wp-block-group portfolio-itemr\"><div class=\"wp-block-group__inner-container is-layout-constrained wp-block-group-is-layout-constrained\">\n<div class=\"wp-block-group portfolio-imager\"><div class=\"wp-block-group__inner-container is-layout-constrained wp-block-group-is-layout-constrained\">\n<figure class=\"wp-block-image size-full img100\"><img loading=\"lazy\" decoding=\"async\" width=\"315\" height=\"401\" src=\"https:\/\/soe.snaponequipment.com\/wp-content\/uploads\/success-4r.jpg\" alt=\"\" class=\"wp-image-245\"\/><\/figure>\n<\/div><\/div>\n\n\n\n<div class=\"wp-block-group portfolio-descr\"><div class=\"wp-block-group__inner-container is-layout-constrained wp-block-group-is-layout-constrained\">\n<p style=\"font-size:25px\"><strong>Superviseur de la Ligne de D\u00e9monte-Pneus<\/strong><\/p>\n\n\n\n<p>J&rsquo;ai \u00e9migr\u00e9 d&rsquo;Argentine dans les ann\u00e9es 90, pendant la crise \u00e9conomique de mon pays. Comme beaucoup d&rsquo;autres, je suis d&rsquo;abord pass\u00e9 par une agence de placement en tant qu&rsquo;int\u00e9rimaire avant d&rsquo;\u00eatre embauch\u00e9 \u00e0 temps plein par Snap-on. J&rsquo;ai obtenu mon dipl\u00f4me en \u00e9lectronique au lyc\u00e9e local tout en travaillant chez Snap-on &#8211; j&rsquo;ai m\u00eame \u00e9t\u00e9 promu superviseur de la ligne d&rsquo;assemblage! Aujourd&rsquo;hui, j&rsquo;ai toujours le d\u00e9sir de m&rsquo;am\u00e9liorer et j&rsquo;\u00e9tudie en tant que dipl\u00f4m\u00e9 en ing\u00e9nierie.<\/p>\n\n\n\n<p>Lorsqu&rsquo;un membre de l&rsquo;\u00e9quipe ayant plus de 42 ans d&rsquo;exp\u00e9rience a d\u00e9cid\u00e9 de prendre sa retraite, je savais qu&rsquo;il laisserait de grands espaces \u00e0 remplir, mais j&rsquo;ai quand m\u00eame pris sa place. Il \u00e9tait consid\u00e9r\u00e9 comme un pilier de l&rsquo;atelier, alors je travaille dur chaque jour pour \u00eatre \u00e0 la hauteur de son h\u00e9ritage, et pour donner l&rsquo;exemple \u00e0 mon fils de 11 ans.<\/p>\n\n\n\n<p>Apr\u00e8s 18 ans d&rsquo;anciennet\u00e9, en septembre 2022, je continue \u00e0 faire progresser ma carri\u00e8re chez Snap-on, actuellement en tant que coordinateur de la sant\u00e9 et de la s\u00e9curit\u00e9, r\u00e9alisant ainsi le r\u00eave que j&rsquo;avais de travailler dans ce domaine. J&rsquo;esp\u00e8re que cette nouvelle initiative aura un impact positif sur la s\u00e9curit\u00e9 de tous sur le lieu de travail.<\/p>\n\n\n\n<div style=\"height:1px\" aria-hidden=\"true\" class=\"wp-block-spacer\"><\/div>\n<\/div><\/div>\n<\/div><\/div>\n\n\n\n<h2 class=\"wp-block-heading\">UN ENDROIT O\u00d9 IL FAIT BON TRAVAILLER<\/h2>\n\n\n\n<p>Comme nous sommes les leaders mondiaux de l&rsquo;\u00e9quipement de r\u00e9paration des roues et des collisions automobiles, vous nous rejoindrez pour favoriser la capacit\u00e9 de r\u00e9paration et am\u00e9liorer l&rsquo;environnement de travail des professionnels du monde entier, qui utilisent nos produits et notre environnement pour leurs activit\u00e9s. En nous rejoignant chez Snap-on Equipment, vous contribuez \u00e0 une plus grande durabilit\u00e9. Vous aurez \u00e9galement la possibilit\u00e9 de travailler avec des produits dont vous serez tr\u00e8s fier, car ils sont reconnus par les professionnels comme \u00e9tant de la plus haute qualit\u00e9 disponible dans le monde entier.<\/p>\n\n\n\n<p>Snap-on Equipment s&rsquo;efforce continuellement d&rsquo;\u00eatre un employeur de choix et d&rsquo;offrir un \u00ab\u00a0lieu de travail exceptionnel\u00a0\u00bb. La culture d&rsquo;entreprise de Snap-on encourage les relations respectueuses et honn\u00eates, l&rsquo;esprit d&rsquo;\u00e9quipe, la transparence, l&rsquo;orientation client et l&rsquo;innovation. Avec nos convictions, nous \u00e9tablissons une vision sans compromis de la s\u00e9curit\u00e9, de la qualit\u00e9 et de l&rsquo;am\u00e9lioration continue de nos activit\u00e9s, de nos produits et de notre personnel. Nous avons toujours des programmes de d\u00e9veloppement diff\u00e9rents dans plusieurs parties de notre entreprise.<\/p>\n\n\n\n<h2 class=\"wp-block-heading has-text-align-center\" style=\"font-size:22px;text-transform:uppercase\"><strong>Qui nous sommes<\/strong><\/h2>\n\n\n\n<p class=\"has-text-align-center\">Mission<br>Le fournisseur de productivit\u00e9 que les gens pr\u00e9f\u00e8rent \u00e0 travers le monde<\/p>\n\n\n\n<div class=\"wp-block-columns is-layout-flex wp-container-core-columns-is-layout-9d6595d7 wp-block-columns-is-layout-flex\">\n<div class=\"wp-block-column is-layout-flow wp-block-column-is-layout-flow\">\n<h3 class=\"wp-block-heading\">Convictions<\/h3>\n\n\n\n<ul class=\"wp-block-list\">\n<li>Nos croyons fermement dans les vertus de:<\/li>\n\n\n\n<li>la s\u00e9curit\u00e9<\/li>\n\n\n\n<li>la qualit\u00e9<\/li>\n\n\n\n<li>la consid\u00e9ration du client<\/li>\n\n\n\n<li>l&rsquo;innovation<\/li>\n\n\n\n<li>l&rsquo;am\u00e9lioration continue et rapide\u00a0<\/li>\n<\/ul>\n<\/div>\n\n\n\n<div class=\"wp-block-column is-layout-flow wp-block-column-is-layout-flow\">\n<h3 class=\"wp-block-heading\">Valeurs<\/h3>\n\n\n\n<ul class=\"wp-block-list\">\n<li>Notre comportement d\u00e9termine notre succ\u00e8s:<\/li>\n\n\n\n<li>nous sommes int\u00e8gres.<\/li>\n\n\n\n<li>nous sommes transparents.<\/li>\n\n\n\n<li>nous respectons les personnes.<\/li>\n\n\n\n<li>nous privil\u00e9gions le travail en \u00e9quipe.<\/li>\n\n\n\n<li>nous pratiquons l&rsquo;\u00e9coute.<\/li>\n<\/ul>\n<\/div>\n\n\n\n<div class=\"wp-block-column is-layout-flow wp-block-column-is-layout-flow\">\n<h3 class=\"wp-block-heading\">Objectif<\/h3>\n\n\n\n<ul class=\"wp-block-list\">\n<li>\u00catre reconnu comme le meilleur choix:<\/li>\n\n\n\n<li>en tant que marques<\/li>\n\n\n\n<li>en tant qu&#8217;employeur<\/li>\n\n\n\n<li>en tant que partenaire commercial<\/li>\n\n\n\n<li>en tant que partenaire industriel<\/li>\n\n\n\n<li>en tant qu&rsquo;investissement<\/li>\n<\/ul>\n<\/div>\n<\/div>\n\n\n\n<h2 class=\"wp-block-heading has-text-align-center\">Nous mettons \u00e0 jour notre portail carri\u00e8res.<\/h2>\n\n\n\n<h2 class=\"wp-block-heading has-text-align-center\">Un nouveau syst\u00e8me de candidature sera bient\u00f4t disponible.<\/h2>\n<\/div><\/div>\n","protected":false},"excerpt":{"rendered":"<p>Carri\u00e8res Les gens connaissent Snap-on Equipment pour la qualit\u00e9 de ses produits, et nous savons que la passion et le caract\u00e8re de nos employ\u00e9s font de notre entreprise un leader mondial. Nous sommes toujours \u00e0 la recherche de nouveaux membres pour l&rsquo;\u00e9quipe &#8211; des candidats qui illustrent ce que nous sommes. Nous sommes fiers de [&hellip;]<\/p>\n","protected":false},"author":1,"featured_media":0,"parent":0,"menu_order":0,"comment_status":"closed","ping_status":"closed","template":"","meta":{"footnotes":""},"class_list":["post-318","page","type-page","status-publish","hentry"],"_links":{"self":[{"href":"https:\/\/soe.snaponequipment.com\/fr\/wp-json\/wp\/v2\/pages\/318","targetHints":{"allow":["GET"]}}],"collection":[{"href":"https:\/\/soe.snaponequipment.com\/fr\/wp-json\/wp\/v2\/pages"}],"about":[{"href":"https:\/\/soe.snaponequipment.com\/fr\/wp-json\/wp\/v2\/types\/page"}],"author":[{"embeddable":true,"href":"https:\/\/soe.snaponequipment.com\/fr\/wp-json\/wp\/v2\/users\/1"}],"replies":[{"embeddable":true,"href":"https:\/\/soe.snaponequipment.com\/fr\/wp-json\/wp\/v2\/comments?post=318"}],"version-history":[{"count":3,"href":"https:\/\/soe.snaponequipment.com\/fr\/wp-json\/wp\/v2\/pages\/318\/revisions"}],"predecessor-version":[{"id":1760,"href":"https:\/\/soe.snaponequipment.com\/fr\/wp-json\/wp\/v2\/pages\/318\/revisions\/1760"}],"wp:attachment":[{"href":"https:\/\/soe.snaponequipment.com\/fr\/wp-json\/wp\/v2\/media?parent=318"}],"curies":[{"name":"wp","href":"https:\/\/api.w.org\/{rel}","templated":true}]}}