{"id":334,"date":"2025-10-16T19:10:19","date_gmt":"2025-10-16T19:10:19","guid":{"rendered":"https:\/\/soe.snaponequipment.com\/products\/"},"modified":"2025-10-31T15:52:32","modified_gmt":"2025-10-31T15:52:32","slug":"produits","status":"publish","type":"page","link":"https:\/\/soe.snaponequipment.com\/fr\/produits\/","title":{"rendered":"Products"},"content":{"rendered":"\n<div class=\"wp-block-group container has-white-background-color has-background\"><div class=\"wp-block-group__inner-container is-layout-constrained wp-block-group-is-layout-constrained\">\n<div class=\"wp-block-group content-inner1200\"><div class=\"wp-block-group__inner-container is-layout-constrained wp-block-group-is-layout-constrained\">\n<h1 class=\"wp-block-heading h1line\">R\u00c9PARATION AUTOMOBILE<\/h1>\n\n\n\r\n\t\t<div class=\"productgrid1\">\r\n\t\t\t<div class=\"filters\">\r\n\t\t\t\t<div class=\"filterheader\">\r\n\t\t\t\t\t<h2>FILTRES DE PRODUITS<\/h2>\r\n\t\t\t\t<\/div>\r\n\t\t\t\t<div class=\"filterlist\">\r\n<div><button class=\"pcheckedbox\" id=\"p1\" aria-label=\"ELEVADORES\"><\/button> ELEVADORES<\/div><div class=\"filter\"><a href=\"?catkey=4\" class=\"filterlink\"><button class=\"pcheckbox\" id=\"p4\" aria-label=\"Appareil de G\u00e9om\u00e9trie\"><\/button>Appareil de G\u00e9om\u00e9trie<a><\/div><div class=\"filter\"><a href=\"?catkey=2\" class=\"filterlink\"><button class=\"pcheckbox\" id=\"p2\" aria-label=\"CALIBRAGE ADAS\"><\/button>CALIBRAGE ADAS<a><\/div><div class=\"filter\"><a href=\"?catkey=5\" class=\"filterlink\"><button class=\"pcheckbox\" id=\"p5\" aria-label=\"\u00c9QUILIBREUSES DE ROUES\"><\/button>\u00c9QUILIBREUSES DE ROUES<a><\/div><div class=\"filter\"><a href=\"?catkey=3\" class=\"filterlink\"><button class=\"pcheckbox\" id=\"p3\" aria-label=\"D\u00c9MONTE-PNEUS\"><\/button>D\u00c9MONTE-PNEUS<a><\/div><div class=\"filter\"><a href=\"?catkey=6\" class=\"filterlink\"><button class=\"pcheckbox\" id=\"p6\" aria-label=\"ENTRETIEN DES FREINS\"><\/button>ENTRETIEN DES FREINS<a><\/div><div class=\"filter\"><a href=\"?catkey=7\" class=\"filterlink\"><button class=\"pcheckbox\" id=\"p7\" aria-label=\"ENTRETIEN DE CLIMATISATION\"><\/button>ENTRETIEN DE CLIMATISATION<a><\/div><div class=\"filter\"><a href=\"?catkey=8\" class=\"filterlink\"><button class=\"pcheckbox\" id=\"p8\" aria-label=\"NETTOYAGE DE LA TRANSMISSION\"><\/button>NETTOYAGE DE LA TRANSMISSION<a><\/div><div class=\"filter\"><a href=\"?catkey=9\" class=\"filterlink\"><button class=\"pcheckbox\" id=\"p9\" aria-label=\"\u00c9QUIPEMENT D'ESSAI\"><\/button>\u00c9QUIPEMENT D'ESSAI<a><\/div><div class=\"filter\"><a href=\"?catkey=10\" class=\"filterlink\"><button class=\"pcheckbox\" id=\"p10\" aria-label=\"MESURE DES PNEUS\"><\/button>MESURE DES PNEUS<a><\/div><div class=\"filter\"><a href=\"?catkey=11\" class=\"filterlink\"><button class=\"pcheckbox\" id=\"p11\" aria-label=\"R\u00c9PARATION DE COLLISION\"><\/button>R\u00c9PARATION DE COLLISION<a><\/div><div class=\"filter\"><a href=\"?catkey=12\" class=\"filterlink\"><button class=\"pcheckbox\" id=\"p12\" aria-label=\"Diagnostic\"><\/button>Diagnostic<a><\/div><div class=\"filter\"><a href=\"?catkey=13\" class=\"filterlink\"><button class=\"pcheckbox\" id=\"p13\" aria-label=\"SYST\u00c8MES DE FIN DE LIGNE\"><\/button>SYST\u00c8MES DE FIN DE LIGNE<a><\/div>\t\t\t\t\r\n\t\t\t\t\r\n\t\t\t\t\r\n\t\t\t\t\t<p class=\"disclaimer\">*Certains produits peuvent ne pas \u00eatre disponibles dans toutes les r\u00e9gions. Contactez votre repr\u00e9sentant local pour plus d'informations.<\/p>\r\n\t\t\t\t<\/div>\r\n\t\t\t<\/div>\r\n\t\t\t<div class=\"productgrid\">\r\n<div class=\"product\">\r\n\t\t\t<img decoding=\"async\" src=\"\/wp-content\/uploads\/CL12A-2.png\">PONT \u00c9L\u00c9VATEURS \u00c0 2 COLONNES<\/div><div class=\"product\">\r\n\t\t\t<img decoding=\"async\" src=\"\/wp-content\/uploads\/four-post-lift.jpg\">Ponts \u00e9l\u00e9vateurs \u00e0 4 colonnes<\/div><div class=\"product\">\r\n\t\t\t<img decoding=\"async\" src=\"\/wp-content\/uploads\/inground-lifts.jpg\">ASCENSEURS ENCASTR\u00c9S<\/div><div class=\"product\">\r\n\t\t\t<img decoding=\"async\" src=\"\/wp-content\/uploads\/lift-table.jpg\">TABLES \u00c9L\u00c9VATRICES<\/div><div class=\"product\">\r\n\t\t\t<img decoding=\"async\" src=\"\/wp-content\/uploads\/scissor-lift.jpg\">\u00c9L\u00c9VATEURS \u00c0 CISEAUX<\/div><div class=\"product\">\r\n\t\t\t<img decoding=\"async\" src=\"\/wp-content\/uploads\/home-storage-lift.jpg\">\u00c9L\u00c9VATEURS DE STOCKAGE DOMESTIQUE<\/div><div class=\"product\">\r\n\t\t\t<img decoding=\"async\" src=\"\/wp-content\/uploads\/short-midrise-lift.jpg\">\u00c9L\u00c9VATEURS COURTS\/MIG<\/div>\t\t\t\r\n\t\t\t<\/div>\r\n\t\t<\/div>\r\n\n<\/div><\/div>\n<\/div><\/div>\n\n\n\n<div class=\"wp-block-group container has-white-background-color has-background\"><div class=\"wp-block-group__inner-container is-layout-constrained wp-block-group-is-layout-constrained\">\n<div class=\"wp-block-group content-inner1200\"><div class=\"wp-block-group__inner-container is-layout-constrained wp-block-group-is-layout-constrained\">\n<h1 class=\"wp-block-heading h1line\">R\u00c9PARATION DE TRAVAUX LOURDS<\/h1>\n\n\n\n<div class=\"wp-block-group is-layout-grid wp-container-core-group-is-layout-4448c592 wp-block-group-is-layout-grid\">\n<div class=\"wp-block-group product\"><div class=\"wp-block-group__inner-container is-layout-constrained wp-block-group-is-layout-constrained\"><div class=\"wp-block-image\">\n<figure class=\"aligncenter size-full\"><img loading=\"lazy\" decoding=\"async\" width=\"290\" height=\"222\" src=\"https:\/\/soe.snaponequipment.com\/wp-content\/uploads\/wheel-alignment.jpg\" alt=\"\" class=\"wp-image-78\"\/><\/figure>\n<\/div>\n\n\n<p class=\"has-text-align-center\">ALIGNEMENT DES ROUES<\/p>\n<\/div><\/div>\n\n\n\n<div class=\"wp-block-group product\"><div class=\"wp-block-group__inner-container is-layout-constrained wp-block-group-is-layout-constrained\"><div class=\"wp-block-image\">\n<figure class=\"aligncenter size-full\"><img loading=\"lazy\" decoding=\"async\" width=\"290\" height=\"222\" src=\"https:\/\/soe.snaponequipment.com\/wp-content\/uploads\/adas-calibration.jpg\" alt=\"\" class=\"wp-image-76\"\/><\/figure>\n<\/div>\n\n\n<p class=\"has-text-align-center\">\u00c9TALONNAGE ADAS<\/p>\n<\/div><\/div>\n\n\n\n<div class=\"wp-block-group product\"><div class=\"wp-block-group__inner-container is-layout-constrained wp-block-group-is-layout-constrained\"><div class=\"wp-block-image\">\n<figure class=\"aligncenter size-full\"><img loading=\"lazy\" decoding=\"async\" width=\"290\" height=\"222\" src=\"https:\/\/soe.snaponequipment.com\/wp-content\/uploads\/mobile-columns-lift.jpg\" alt=\"\" class=\"wp-image-80\"\/><\/figure>\n<\/div>\n\n\n<p class=\"has-text-align-center\">\u00c9L\u00c9VATEUR \u00c0 COLONNE MOBILE POUR CAMION<\/p>\n<\/div><\/div>\n\n\n\n<div class=\"wp-block-group product\"><div class=\"wp-block-group__inner-container is-layout-constrained wp-block-group-is-layout-constrained\"><div class=\"wp-block-image\">\n<figure class=\"aligncenter size-full\"><img loading=\"lazy\" decoding=\"async\" width=\"290\" height=\"222\" src=\"https:\/\/soe.snaponequipment.com\/wp-content\/uploads\/tire-changer.jpg\" alt=\"\" class=\"wp-image-82\"\/><\/figure>\n<\/div>\n\n\n<p class=\"has-text-align-center\">D\u00c9MONTE-PNEUS<\/p>\n<\/div><\/div>\n\n\n\n<div class=\"wp-block-group product\"><div class=\"wp-block-group__inner-container is-layout-constrained wp-block-group-is-layout-constrained\"><div class=\"wp-block-image\">\n<figure class=\"aligncenter size-full\"><img loading=\"lazy\" decoding=\"async\" width=\"290\" height=\"222\" src=\"https:\/\/soe.snaponequipment.com\/wp-content\/uploads\/wheel-balancers.jpg\" alt=\"\" class=\"wp-image-96\"\/><\/figure>\n<\/div>\n\n\n<p class=\"has-text-align-center\">\u00c9QUILIBREUSES DE ROUES<\/p>\n<\/div><\/div>\n\n\n\n<div class=\"wp-block-group product\"><div class=\"wp-block-group__inner-container is-layout-constrained wp-block-group-is-layout-constrained\"><div class=\"wp-block-image\">\n<figure class=\"aligncenter size-full\"><img loading=\"lazy\" decoding=\"async\" width=\"290\" height=\"222\" src=\"https:\/\/soe.snaponequipment.com\/wp-content\/uploads\/break-lathe.jpg\" alt=\"\" class=\"wp-image-88\"\/><\/figure>\n<\/div>\n\n\n<p class=\"has-text-align-center\" style=\"text-transform:uppercase\">tours \u00e0 frein<\/p>\n<\/div><\/div>\n\n\n\n<div class=\"wp-block-group product\"><div class=\"wp-block-group__inner-container is-layout-constrained wp-block-group-is-layout-constrained\"><div class=\"wp-block-image\">\n<figure class=\"aligncenter size-full\"><img loading=\"lazy\" decoding=\"async\" width=\"290\" height=\"222\" src=\"https:\/\/soe.snaponequipment.com\/wp-content\/uploads\/break-tester.jpg\" alt=\"\" class=\"wp-image-89\"\/><\/figure>\n<\/div>\n\n\n<p class=\"has-text-align-center\" style=\"text-transform:uppercase\">testeurs de freins<\/p>\n<\/div><\/div>\n\n\n\n<div class=\"wp-block-group product\"><div class=\"wp-block-group__inner-container is-layout-constrained wp-block-group-is-layout-constrained\"><div class=\"wp-block-image\">\n<figure class=\"aligncenter size-full\"><img loading=\"lazy\" decoding=\"async\" width=\"290\" height=\"222\" src=\"https:\/\/soe.snaponequipment.com\/wp-content\/uploads\/speedometer.jpg\" alt=\"\" class=\"wp-image-94\"\/><\/figure>\n<\/div>\n\n\n<p class=\"has-text-align-center\" style=\"text-transform:uppercase\">Compteur de vitesse<\/p>\n<\/div><\/div>\n\n\n\n<div class=\"wp-block-group product\"><div class=\"wp-block-group__inner-container is-layout-constrained wp-block-group-is-layout-constrained\"><div class=\"wp-block-image\">\n<figure class=\"aligncenter size-full\"><img loading=\"lazy\" decoding=\"async\" width=\"290\" height=\"222\" src=\"https:\/\/soe.snaponequipment.com\/wp-content\/uploads\/emissions-analyzer.jpg\" alt=\"\" class=\"wp-image-92\"\/><\/figure>\n<\/div>\n\n\n<p class=\"has-text-align-center\">ANALYSEUR D&rsquo;\u00c9MISSIONS<\/p>\n<\/div><\/div>\n\n\n\n<div class=\"wp-block-group product\"><div class=\"wp-block-group__inner-container is-layout-constrained wp-block-group-is-layout-constrained\"><div class=\"wp-block-image\">\n<figure class=\"aligncenter size-full\"><img loading=\"lazy\" decoding=\"async\" width=\"290\" height=\"222\" src=\"https:\/\/soe.snaponequipment.com\/wp-content\/uploads\/headlight-tester.jpg\" alt=\"\" class=\"wp-image-93\"\/><\/figure>\n<\/div>\n\n\n<p class=\"has-text-align-center\">TESTEUR DE PHARES<\/p>\n<\/div><\/div>\n\n\n\n<div class=\"wp-block-group product\"><div class=\"wp-block-group__inner-container is-layout-constrained wp-block-group-is-layout-constrained\"><div class=\"wp-block-image\">\n<figure class=\"aligncenter size-full\"><img loading=\"lazy\" decoding=\"async\" width=\"290\" height=\"222\" src=\"https:\/\/soe.snaponequipment.com\/wp-content\/uploads\/CTR9.png\" alt=\"\" class=\"wp-image-90\"\/><\/figure>\n<\/div>\n\n\n<p class=\"has-text-align-center\">SOUDEUSE PAR POINTS<\/p>\n<\/div><\/div>\n\n\n\n<div class=\"wp-block-group product\"><div class=\"wp-block-group__inner-container is-layout-constrained wp-block-group-is-layout-constrained\"><div class=\"wp-block-image\">\n<figure class=\"aligncenter size-full\"><img loading=\"lazy\" decoding=\"async\" width=\"290\" height=\"222\" src=\"https:\/\/soe.snaponequipment.com\/wp-content\/uploads\/ecotechnics_web2.png\" alt=\"\" class=\"wp-image-91\"\/><\/figure>\n<\/div>\n\n\n<p class=\"has-text-align-center\">ENTRETIEN DE CLIMATISATION<\/p>\n<\/div><\/div>\n\n\n\n<p><\/p>\n<\/div>\n<\/div><\/div>\n<\/div><\/div>\n\n\n\n<p><\/p>\n","protected":false},"excerpt":{"rendered":"<p>R\u00c9PARATION AUTOMOBILE R\u00c9PARATION DE TRAVAUX LOURDS ALIGNEMENT DES ROUES \u00c9TALONNAGE ADAS \u00c9L\u00c9VATEUR \u00c0 COLONNE MOBILE POUR CAMION D\u00c9MONTE-PNEUS \u00c9QUILIBREUSES DE ROUES tours \u00e0 frein testeurs de freins Compteur de vitesse ANALYSEUR D&rsquo;\u00c9MISSIONS TESTEUR DE PHARES SOUDEUSE PAR POINTS ENTRETIEN DE CLIMATISATION<\/p>\n","protected":false},"author":1,"featured_media":0,"parent":0,"menu_order":0,"comment_status":"closed","ping_status":"closed","template":"soe-products.php","meta":{"footnotes":""},"class_list":["post-334","page","type-page","status-publish","hentry"],"_links":{"self":[{"href":"https:\/\/soe.snaponequipment.com\/fr\/wp-json\/wp\/v2\/pages\/334","targetHints":{"allow":["GET"]}}],"collection":[{"href":"https:\/\/soe.snaponequipment.com\/fr\/wp-json\/wp\/v2\/pages"}],"about":[{"href":"https:\/\/soe.snaponequipment.com\/fr\/wp-json\/wp\/v2\/types\/page"}],"author":[{"embeddable":true,"href":"https:\/\/soe.snaponequipment.com\/fr\/wp-json\/wp\/v2\/users\/1"}],"replies":[{"embeddable":true,"href":"https:\/\/soe.snaponequipment.com\/fr\/wp-json\/wp\/v2\/comments?post=334"}],"version-history":[{"count":1,"href":"https:\/\/soe.snaponequipment.com\/fr\/wp-json\/wp\/v2\/pages\/334\/revisions"}],"predecessor-version":[{"id":1754,"href":"https:\/\/soe.snaponequipment.com\/fr\/wp-json\/wp\/v2\/pages\/334\/revisions\/1754"}],"wp:attachment":[{"href":"https:\/\/soe.snaponequipment.com\/fr\/wp-json\/wp\/v2\/media?parent=334"}],"curies":[{"name":"wp","href":"https:\/\/api.w.org\/{rel}","templated":true}]}}