{"id":281,"date":"2025-10-24T17:03:03","date_gmt":"2025-10-24T17:03:03","guid":{"rendered":"https:\/\/soe.snaponequipment.com\/brands\/"},"modified":"2025-11-03T19:39:32","modified_gmt":"2025-11-03T19:39:32","slug":"markak","status":"publish","type":"page","link":"https:\/\/soe.snaponequipment.com\/hu\/markak\/","title":{"rendered":"Brands"},"content":{"rendered":"\n<div class=\"wp-block-group content-inner1200\"><div class=\"wp-block-group__inner-container is-layout-constrained wp-block-group-is-layout-constrained\">\n<h1 class=\"wp-block-heading h1line\">M\u00e1rk\u00e1ink<\/h1>\n\n\n\n<p>M\u00e1rk\u00e1ink szerte a vil\u00e1gon glob\u00e1lis k\u00fcldet\u00e9st teljes\u00edtenek az aut\u00f3jav\u00edt\u00f3 m\u0171helyek termel\u00e9kenys\u00e9g\u00e9nek n\u00f6vel\u00e9se \u00e9rdek\u00e9ben. A hat\u00e9konys\u00e1g n\u00f6vel\u00e9se t\u00f6bb mint egy \u00e9vsz\u00e1zada tev\u00e9kenys\u00e9g\u00fcnk k\u00f6z\u00e9ppontj\u00e1ban \u00e1ll. T\u00f6bb a terepre, de egy\u00fctt \u00faj m\u00e9rc\u00e9t \u00e1ll\u00edthatunk fel az aut\u00f3ipari szolg\u00e1ltat\u00e1sok kiv\u00e1l\u00f3s\u00e1ga ter\u00e9n.<\/p>\n\n\n\n<p><\/p>\n\n\n\n<div class=\"wp-block-group tssgrid is-layout-grid wp-container-core-group-is-layout-4448c592 wp-block-group-is-layout-grid\">\n<div class=\"wp-block-group tssbox\"><div class=\"wp-block-group__inner-container is-layout-constrained wp-block-group-is-layout-constrained\">\n<figure class=\"wp-block-image size-full\"><img loading=\"lazy\" decoding=\"async\" width=\"250\" height=\"70\" src=\"https:\/\/soe.snaponequipment.com\/wp-content\/uploads\/sun.png\" alt=\"\" class=\"wp-image-166\"\/><\/figure>\n\n\n\n<div class=\"wp-block-columns is-layout-flex wp-container-core-columns-is-layout-9d6595d7 wp-block-columns-is-layout-flex\">\n<div class=\"wp-block-column tsswordbox is-layout-flow wp-block-column-is-layout-flow\">\n<p><a href=\"https:\/\/eu.sun-workshopsolutions.com\/en\" data-type=\"link\" data-id=\"https:\/\/eu.sun-workshopsolutions.com\/en\" target=\"_blank\" rel=\"noreferrer noopener\">A SUN\u00ae, a Snap-on\u00ae, a TOTAL SHOP SOLUTIONS sz\u00e1mos m\u00e1rk\u00e1ja egyike, \u00e1tfog\u00f3 diagnosztikai \u00e9s jav\u00edt\u00e1si inform\u00e1ci\u00f3kat k\u00edn\u00e1l minden t\u00edpus\u00fa jav\u00edt\u00e1shoz \u2013 \u00fctk\u00f6z\u00e9s \u00e9s mechanikus is \u2013 ahol a val\u00f3s vil\u00e1gb\u00f3l sz\u00e1rmaz\u00f3 betekint\u00e9sek integr\u00e1l\u00f3dnak az OEM-specifik\u00e1ci\u00f3kba, elj\u00e1r\u00e1sokba \u00e9s egyebekbe, hogy seg\u00edtsenek a technikusoknak magabiztosan felgyors\u00edtani a jav\u00edt\u00e1sokat.<\/a><\/p>\n<\/div>\n<\/div>\n<\/div><\/div>\n\n\n\n<div class=\"wp-block-group tssbox\"><div class=\"wp-block-group__inner-container is-layout-constrained wp-block-group-is-layout-constrained\">\n<figure class=\"wp-block-image size-full\"><a href=\"https:\/\/www.johnbean.com\/us\/\" target=\"_blank\"><img loading=\"lazy\" decoding=\"async\" width=\"250\" height=\"75\" src=\"https:\/\/soe.snaponequipment.com\/wp-content\/uploads\/johnbean.png\" alt=\"\" class=\"wp-image-173\"\/><\/a><\/figure>\n\n\n\n<div class=\"wp-block-columns is-layout-flex wp-container-core-columns-is-layout-9d6595d7 wp-block-columns-is-layout-flex\">\n<div class=\"wp-block-column tsswordbox is-layout-flow wp-block-column-is-layout-flow\">\n<p><a href=\"https:\/\/www.johnbean.com\/us\/\" data-type=\"link\" data-id=\"https:\/\/eu.sun-workshopsolutions.com\/en\" target=\"_blank\" rel=\"noreferrer noopener\">John Bean\u00ae a vil\u00e1g vezet\u0151 forr\u00e1sa az aut\u00f3k als\u00f3kocsi-szerviz-megold\u00e1sai ter\u00e9n, \u00e9s egyike a sok m\u00e1rka k\u00f6z\u00fcl, amelyeket a Snap-on\u00ae, TOTAL SHOP SOLUTIONS k\u00edn\u00e1l a jav\u00edt\u00f3m\u0171helyek tulajdonosainak \u00e9s vezet\u0151inek.<\/a><\/p>\n<\/div>\n<\/div>\n<\/div><\/div>\n\n\n\n<div class=\"wp-block-group tssbox\"><div class=\"wp-block-group__inner-container is-layout-constrained wp-block-group-is-layout-constrained\">\n<figure class=\"wp-block-image size-full\"><a href=\"https:\/\/blackhawkcollision.com\/\" target=\"_blank\"><img loading=\"lazy\" decoding=\"async\" width=\"250\" height=\"75\" src=\"https:\/\/soe.snaponequipment.com\/wp-content\/uploads\/blackhawk.png\" alt=\"\" class=\"wp-image-175\"\/><\/a><\/figure>\n\n\n\n<div class=\"wp-block-columns is-layout-flex wp-container-core-columns-is-layout-9d6595d7 wp-block-columns-is-layout-flex\">\n<div class=\"wp-block-column tsswordbox is-layout-flow wp-block-column-is-layout-flow\">\n<p><a href=\"https:\/\/blackhawkcollision.com\/\" data-type=\"link\" data-id=\"https:\/\/eu.sun-workshopsolutions.com\/en\" target=\"_blank\" rel=\"noreferrer noopener\">A Snap-on\u00ae, TOTAL SHOP SOLUTIONS csal\u00e1d tagja, a BlackHawk\u2122 az egyenget\u0151-, m\u00e9r\u0151-, emel\u0151-, hegeszt\u0151- \u00e9s indukci\u00f3s rendszerek vezet\u0151 m\u00e1rk\u00e1ja, amely hat\u00e9kony megold\u00e1sokat k\u00edn\u00e1l pontos pontoss\u00e1ggal az aut\u00f3ipari \u00fctk\u00f6z\u00e9s-jav\u00edt\u00e1si ipar sz\u00e1m\u00e1ra.<\/a><\/p>\n<\/div>\n<\/div>\n<\/div><\/div>\n\n\n\n<div class=\"wp-block-group tssbox\"><div class=\"wp-block-group__inner-container is-layout-constrained wp-block-group-is-layout-constrained\">\n<figure class=\"wp-block-image size-full\"><a href=\"https:\/\/hofmann-equipment.com\/us\" target=\"_blank\"><img loading=\"lazy\" decoding=\"async\" width=\"250\" height=\"75\" src=\"https:\/\/soe.snaponequipment.com\/wp-content\/uploads\/hofmann.png\" alt=\"\" class=\"wp-image-170\"\/><\/a><\/figure>\n\n\n\n<div class=\"wp-block-columns is-layout-flex wp-container-core-columns-is-layout-9d6595d7 wp-block-columns-is-layout-flex\">\n<div class=\"wp-block-column tsswordbox is-layout-flow wp-block-column-is-layout-flow\">\n<p><a href=\"https:\/\/hofmann-equipment.com\/us\" target=\"_blank\" rel=\"noreferrer noopener\">A ker\u00e9kkiegyens\u00falyoz\u00f3k, abroncsv\u00e1lt\u00f3k, ker\u00e9kbe\u00e1ll\u00edt\u00f3k, j\u00e1rm\u0171emel\u0151k \u00e9s egyebek m\u00e9rn\u00f6ki kiv\u00e1l\u00f3s\u00e1ga a Hofmann\u00ae az OEM-ek \u00e9s a jav\u00edt\u00e1si szakemberek megb\u00edzhat\u00f3 \u00e9s megbecs\u00fclt partnere vil\u00e1gszerte. A Snap-on\u00ae, a TOTAL SHOP SOLUTIONS \u00f6r\u00f6mmel fogadja, hogy a Hofmann a nagy m\u00e1rkacsal\u00e1dj\u00e1ba tartozik.<\/a><\/p>\n<\/div>\n<\/div>\n<\/div><\/div>\n\n\n\n<div class=\"wp-block-group tssbox\"><div class=\"wp-block-group__inner-container is-layout-constrained wp-block-group-is-layout-constrained\">\n<figure class=\"wp-block-image size-full\"><a href=\"https:\/\/www.kansasjack.com\/\" target=\"_blank\"><img loading=\"lazy\" decoding=\"async\" width=\"250\" height=\"75\" src=\"https:\/\/soe.snaponequipment.com\/wp-content\/uploads\/kansasjack.png\" alt=\"\" class=\"wp-image-179\"\/><\/a><\/figure>\n\n\n\n<div class=\"wp-block-columns is-layout-flex wp-container-core-columns-is-layout-9d6595d7 wp-block-columns-is-layout-flex\">\n<div class=\"wp-block-column tsswordbox is-layout-flow wp-block-column-is-layout-flow\">\n<p><a href=\"https:\/\/www.kansasjack.com\/\" target=\"_blank\" rel=\"noreferrer noopener\">Az \u00fctk\u00f6z\u00e9s eset\u00e9n jav\u00edt\u00f3 ipar\u00e1g megb\u00edzik a Kansas Jackben, amely a Snap-on\u00ae TOTAL SHOP SOLUTIONS sz\u00e1mos m\u00e1rk\u00e1ja egyike. A Kansas Jack keretm\u00e9r\u00e9si adatai, egyenget\u0151 \u00e9s hegeszt\u0151 berendez\u00e9sei biztos\u00edtj\u00e1k a gyors, pontos jav\u00edt\u00e1sokhoz sz\u00fcks\u00e9ges eszk\u00f6z\u00f6ket.<\/a><\/p>\n<\/div>\n<\/div>\n<\/div><\/div>\n\n\n\n<div class=\"wp-block-group tssbox\"><div class=\"wp-block-group__inner-container is-layout-constrained wp-block-group-is-layout-constrained\">\n<figure class=\"wp-block-image size-full\"><a href=\"https:\/\/eu.boxer-equipment.com\/en\" target=\"_blank\"><img loading=\"lazy\" decoding=\"async\" width=\"250\" height=\"75\" src=\"https:\/\/soe.snaponequipment.com\/wp-content\/uploads\/boxer.png\" alt=\"\" class=\"wp-image-182\"\/><\/a><\/figure>\n\n\n\n<div class=\"wp-block-columns is-layout-flex wp-container-core-columns-is-layout-9d6595d7 wp-block-columns-is-layout-flex\">\n<div class=\"wp-block-column tsswordbox is-layout-flow wp-block-column-is-layout-flow\">\n<p><a href=\"https:\/\/eu.boxer-equipment.com\/en\" target=\"_blank\" rel=\"noreferrer noopener\">A gumicser\u00e9l\u0151kt\u0151l a ker\u00e9kkiegyens\u00falyoz\u00f3kig \u00e9s m\u00e9g a nagy teherb\u00edr\u00e1s\u00fa rendszerekig a Boxer\u00ae csak egy a Snap-on\u00ae, TOTAL SHOP SOLUTIONS sz\u00e1mos m\u00e1rk\u00e1ja k\u00f6z\u00fcl, amelyek inspir\u00e1ci\u00f3k\u00e9nt szolg\u00e1lnak a holnap technol\u00f3gi\u00e1j\u00e1hoz.<\/a><\/p>\n<\/div>\n<\/div>\n<\/div><\/div>\n\n\n\n<div class=\"wp-block-group tssbox\"><div class=\"wp-block-group__inner-container is-layout-constrained wp-block-group-is-layout-constrained\">\n<figure class=\"wp-block-image size-full\"><a href=\"https:\/\/eu.cartec-equipment.com\/en\" target=\"_blank\"><img loading=\"lazy\" decoding=\"async\" width=\"250\" height=\"75\" src=\"https:\/\/soe.snaponequipment.com\/wp-content\/uploads\/cartec.png\" alt=\"\" class=\"wp-image-184\"\/><\/a><\/figure>\n\n\n\n<div class=\"wp-block-columns is-layout-flex wp-container-core-columns-is-layout-9d6595d7 wp-block-columns-is-layout-flex\">\n<div class=\"wp-block-column tsswordbox is-layout-flow wp-block-column-is-layout-flow\">\n<p><a href=\"https:\/\/eu.cartec-equipment.com\/en\" target=\"_blank\" rel=\"noreferrer noopener\">A sz\u00e1mos m\u00e1rka egyike a Snap-on\u00ae, TOTAL SHOP SOLUTIONS, Cartec\u00ae fejlett tesztel\u00e9si technol\u00f3gi\u00e1t k\u00edn\u00e1l az aut\u00f3- \u00e9s teheraut\u00f3-jav\u00edt\u00f3 ipar sz\u00e1m\u00e1ra a modul\u00e1ris rendszerekhez, bele\u00e9rtve a f\u00e9keket, felf\u00fcggeszt\u00e9st, korm\u00e1nyz\u00e1st, sebess\u00e9get, k\u00e1rosanyag-kibocs\u00e1t\u00e1st \u00e9s egyebeket tesztel\u0151 eszk\u00f6z\u00f6ket.<\/a><\/p>\n<\/div>\n<\/div>\n<\/div><\/div>\n\n\n\n<div class=\"wp-block-group tssbox\"><div class=\"wp-block-group__inner-container is-layout-constrained wp-block-group-is-layout-constrained\">\n<figure class=\"wp-block-image size-full\"><img loading=\"lazy\" decoding=\"async\" width=\"250\" height=\"75\" src=\"https:\/\/soe.snaponequipment.com\/wp-content\/uploads\/challenger.png\" alt=\"\" class=\"wp-image-185\"\/><\/figure>\n\n\n\n<div class=\"wp-block-columns is-layout-flex wp-container-core-columns-is-layout-9d6595d7 wp-block-columns-is-layout-flex\">\n<div class=\"wp-block-column tsswordbox is-layout-flow wp-block-column-is-layout-flow\">\n<p><a href=\"https:\/\/eu.cartec-equipment.com\/en\" target=\"_blank\" rel=\"noreferrer noopener\"><\/a><a href=\"https:\/\/www.challengerlifts.com\/\" target=\"_blank\" rel=\"noreferrer noopener\">A Challenger Lifts egyike a Snap-on\u00ae, a TOTAL SHOP SOLUTIONS sz\u00e1mos m\u00e1rk\u00e1j\u00e1nak, amelyek innovat\u00edv megold\u00e1sokat k\u00edn\u00e1lnak az aut\u00f3ipari emel\u0151iparban, bele\u00e9rtve a talajba s\u00fcllyesztett, 2 oszlopos, 4 oszlopos, mobil oszlopokat stb.<\/a><\/p>\n<\/div>\n<\/div>\n<\/div><\/div>\n\n\n\n<div class=\"wp-block-group tssbox\"><div class=\"wp-block-group__inner-container is-layout-constrained wp-block-group-is-layout-constrained\">\n<figure class=\"wp-block-image size-full\"><a href=\"https:\/\/www.procutusa.com\/\" target=\"_blank\"><img loading=\"lazy\" decoding=\"async\" width=\"250\" height=\"75\" src=\"https:\/\/soe.snaponequipment.com\/wp-content\/uploads\/pro-cut.png\" alt=\"\" class=\"wp-image-186\"\/><\/a><\/figure>\n\n\n\n<div class=\"wp-block-columns is-layout-flex wp-container-core-columns-is-layout-9d6595d7 wp-block-columns-is-layout-flex\">\n<div class=\"wp-block-column tsswordbox is-layout-flow wp-block-column-is-layout-flow\">\n<p><a href=\"https:\/\/www.procutusa.com\/\" target=\"_blank\" rel=\"noreferrer noopener\">Pro-Cut\u2122 F\u00e9kmegold\u00e1sok a Snap-on\u00ae-t\u0151l, TOTAL SHOP SOLUTIONS: F\u00e9keszterg\u00e1k, amelyeket a legt\u00f6bb OEM m\u00e1rka ig\u00e9nyel a garanci\u00e1lis jav\u00edt\u00e1sokhoz, \u00e9s a legt\u00f6bb kiskereskedelmi f\u00e9ktechnikus ig\u00e9nyli pontoss\u00e1guk, hat\u00e9konys\u00e1guk \u00e9s j\u00f6vedelmez\u0151s\u00e9g\u00fck miatt. Pro-Cut\u2122: Soha nem jobb\u2122.<\/a><\/p>\n<\/div>\n<\/div>\n<\/div><\/div>\n\n\n\n<div class=\"wp-block-group tssbox\"><div class=\"wp-block-group__inner-container is-layout-constrained wp-block-group-is-layout-constrained\">\n<figure class=\"wp-block-image size-full\"><a href=\"https:\/\/www.ecotechnics.com\/usa\/\" target=\"_blank\"><img loading=\"lazy\" decoding=\"async\" width=\"250\" height=\"75\" src=\"https:\/\/soe.snaponequipment.com\/wp-content\/uploads\/ecotechnics.png\" alt=\"\" class=\"wp-image-187\"\/><\/a><\/figure>\n\n\n\n<div class=\"wp-block-columns is-layout-flex wp-container-core-columns-is-layout-9d6595d7 wp-block-columns-is-layout-flex\">\n<div class=\"wp-block-column tsswordbox is-layout-flow wp-block-column-is-layout-flow\">\n<p><a href=\"https:\/\/www.ecotechnics.com\/usa\/\" target=\"_blank\" rel=\"noreferrer noopener\">Az Ecotechnics &amp; reg; a Snap-on\u00ae, TOTAL SHOP SOLUTIONS csal\u00e1d tagja, szem\u00e9lyg\u00e9pkocsikhoz, teheraut\u00f3khoz, buszokhoz \u00e9s mez\u0151gazdas\u00e1gi j\u00e1rm\u0171vekhez alkalmas term\u00e9keket gy\u00e1rt..<\/a><\/p>\n<\/div>\n<\/div>\n<\/div><\/div>\n\n\n\n<div class=\"wp-block-group tssbox\"><div class=\"wp-block-group__inner-container is-layout-constrained wp-block-group-is-layout-constrained\">\n<figure class=\"wp-block-image size-full\"><a href=\"https:\/\/car-o-liner.com\/\" target=\"_blank\"><img loading=\"lazy\" decoding=\"async\" width=\"250\" height=\"75\" src=\"https:\/\/soe.snaponequipment.com\/wp-content\/uploads\/caroliner.png\" alt=\"\" class=\"wp-image-189\"\/><\/a><\/figure>\n\n\n\n<div class=\"wp-block-columns is-layout-flex wp-container-core-columns-is-layout-9d6595d7 wp-block-columns-is-layout-flex\">\n<div class=\"wp-block-column tsswordbox is-layout-flow wp-block-column-is-layout-flow\">\n<p><a href=\"https:\/\/car-o-liner.com\/\" target=\"_blank\" rel=\"noreferrer noopener\">A Snap-on\u00ae, TOTAL SHOP SOLUTIONS csal\u00e1d tagja, a Car-O-Liner\u00ae a kiv\u00e1l\u00f3 min\u0151s\u00e9g\u0171, technol\u00f3giailag fejlett \u00fctk\u00f6z\u00e9sjav\u00edt\u00f3 berendez\u00e9sek vezet\u0151 glob\u00e1lis sz\u00e1ll\u00edt\u00f3ja az aut\u00f3ipari ut\u00f3piac sz\u00e1m\u00e1ra, amely innovat\u00edv megold\u00e1sokat, m\u0171szaki fejleszt\u00e9st, k\u00e9pz\u00e9st \u00e9s \u00fcgyf\u00e9lszolg\u00e1latot sz\u00e1ll\u00edt vil\u00e1gszerte.<\/a><\/p>\n<\/div>\n<\/div>\n<\/div><\/div>\n\n\n\n<div class=\"wp-block-group tssbox\"><div class=\"wp-block-group__inner-container is-layout-constrained wp-block-group-is-layout-constrained\">\n<figure class=\"wp-block-image size-full\"><a href=\"https:\/\/truckcam.com\/\" target=\"_blank\"><img loading=\"lazy\" decoding=\"async\" width=\"250\" height=\"70\" src=\"https:\/\/soe.snaponequipment.com\/wp-content\/uploads\/truckcam.png\" alt=\"\" class=\"wp-image-191\"\/><\/a><\/figure>\n\n\n\n<div class=\"wp-block-columns is-layout-flex wp-container-core-columns-is-layout-9d6595d7 wp-block-columns-is-layout-flex\">\n<div class=\"wp-block-column tsswordbox is-layout-flow wp-block-column-is-layout-flow\">\n<p><a href=\"https:\/\/truckcam.com\/\" target=\"_blank\" rel=\"noreferrer noopener\">Az OEM-ek vil\u00e1gszerte a TruckCAM\u2122-re, a Snap-on\u00ae, TOTAL SHOP SOLUTIONS csal\u00e1d tagj\u00e1ra hagyatkoznak a ker\u00e9kbe\u00e1ll\u00edt\u00e1s, az adapt\u00edv sebess\u00e9gtart\u00f3 \u00e9s a s\u00e1velhagy\u00e1sra figyelmeztet\u0151 rendszer szabadalmaztatott kameratechnol\u00f3gi\u00e1j\u00e1nak v\u00e9gterm\u00e9kei ter\u00e9n. a neh\u00e9zg\u00e9pj\u00e1rm\u0171iparban.<\/a><\/p>\n<\/div>\n<\/div>\n<\/div><\/div>\n\n\n\n<div class=\"wp-block-group tssbox\"><div class=\"wp-block-group__inner-container is-layout-constrained wp-block-group-is-layout-constrained\">\n<figure class=\"wp-block-image size-full\"><a href=\"https:\/\/josam.se\/en\/\" target=\"_blank\"><img loading=\"lazy\" decoding=\"async\" width=\"250\" height=\"75\" src=\"https:\/\/soe.snaponequipment.com\/wp-content\/uploads\/josam.png\" alt=\"\" class=\"wp-image-193\"\/><\/a><\/figure>\n\n\n\n<div class=\"wp-block-columns is-layout-flex wp-container-core-columns-is-layout-9d6595d7 wp-block-columns-is-layout-flex\">\n<div class=\"wp-block-column tsswordbox is-layout-flow wp-block-column-is-layout-flow\">\n<p><a href=\"https:\/\/josam.se\/en\/\" target=\"_blank\" rel=\"noreferrer noopener\">A Snap-on\u00ae, TOTAL SHOP SOLUTIONS csal\u00e1d tagja, Josam\u00ae egy vil\u00e1gm\u00e9ret\u0171 gy\u00e1rt\u00f3 \u00e9s sz\u00e1ll\u00edt\u00f3 ker\u00e9kbe\u00e1ll\u00edt\u00f3, egyenes\u00edt\u0151 \u00e9s indukci\u00f3s f\u0171t\u00e9si berendez\u00e9seket a neh\u00e9z j\u00e1rm\u0171ipar sz\u00e1m\u00e1ra.<\/a><\/p>\n<\/div>\n<\/div>\n<\/div><\/div>\n<\/div>\n<\/div><\/div>\n\n\n\n<p><\/p>\n","protected":false},"excerpt":{"rendered":"<p>M\u00e1rk\u00e1ink M\u00e1rk\u00e1ink szerte a vil\u00e1gon glob\u00e1lis k\u00fcldet\u00e9st teljes\u00edtenek az aut\u00f3jav\u00edt\u00f3 m\u0171helyek termel\u00e9kenys\u00e9g\u00e9nek n\u00f6vel\u00e9se \u00e9rdek\u00e9ben. A hat\u00e9konys\u00e1g n\u00f6vel\u00e9se t\u00f6bb mint egy \u00e9vsz\u00e1zada tev\u00e9kenys\u00e9g\u00fcnk k\u00f6z\u00e9ppontj\u00e1ban \u00e1ll. T\u00f6bb a terepre, de egy\u00fctt \u00faj m\u00e9rc\u00e9t \u00e1ll\u00edthatunk fel az aut\u00f3ipari szolg\u00e1ltat\u00e1sok kiv\u00e1l\u00f3s\u00e1ga ter\u00e9n. A SUN\u00ae, a Snap-on\u00ae, a TOTAL SHOP SOLUTIONS sz\u00e1mos m\u00e1rk\u00e1ja egyike, \u00e1tfog\u00f3 diagnosztikai \u00e9s jav\u00edt\u00e1si inform\u00e1ci\u00f3kat k\u00edn\u00e1l [&hellip;]<\/p>\n","protected":false},"author":1,"featured_media":0,"parent":0,"menu_order":0,"comment_status":"closed","ping_status":"closed","template":"","meta":{"footnotes":""},"class_list":["post-281","page","type-page","status-publish","hentry"],"_links":{"self":[{"href":"https:\/\/soe.snaponequipment.com\/hu\/wp-json\/wp\/v2\/pages\/281","targetHints":{"allow":["GET"]}}],"collection":[{"href":"https:\/\/soe.snaponequipment.com\/hu\/wp-json\/wp\/v2\/pages"}],"about":[{"href":"https:\/\/soe.snaponequipment.com\/hu\/wp-json\/wp\/v2\/types\/page"}],"author":[{"embeddable":true,"href":"https:\/\/soe.snaponequipment.com\/hu\/wp-json\/wp\/v2\/users\/1"}],"replies":[{"embeddable":true,"href":"https:\/\/soe.snaponequipment.com\/hu\/wp-json\/wp\/v2\/comments?post=281"}],"version-history":[{"count":1,"href":"https:\/\/soe.snaponequipment.com\/hu\/wp-json\/wp\/v2\/pages\/281\/revisions"}],"predecessor-version":[{"id":1819,"href":"https:\/\/soe.snaponequipment.com\/hu\/wp-json\/wp\/v2\/pages\/281\/revisions\/1819"}],"wp:attachment":[{"href":"https:\/\/soe.snaponequipment.com\/hu\/wp-json\/wp\/v2\/media?parent=281"}],"curies":[{"name":"wp","href":"https:\/\/api.w.org\/{rel}","templated":true}]}}