{"id":298,"date":"2025-10-15T20:34:30","date_gmt":"2025-10-15T20:34:30","guid":{"rendered":"https:\/\/soe.snaponequipment.com\/home\/"},"modified":"2025-11-03T19:07:52","modified_gmt":"2025-11-03T19:07:52","slug":"home","status":"publish","type":"page","link":"https:\/\/soe.snaponequipment.com\/hu\/","title":{"rendered":"Home"},"content":{"rendered":"\n<div class=\"wp-block-group bluehead\"><div class=\"wp-block-group__inner-container is-layout-constrained wp-block-group-is-layout-constrained\">\n<div class=\"wp-block-group content-inner1200\"><div class=\"wp-block-group__inner-container is-layout-constrained wp-block-group-is-layout-constrained\">\n<div class=\"wp-block-columns is-layout-flex wp-container-core-columns-is-layout-9d6595d7 wp-block-columns-is-layout-flex\">\n<div class=\"wp-block-column whiteheader is-layout-flow wp-block-column-is-layout-flow\">\n<p>Vil\u00e1gvezet\u0151 az aut\u00f3ipari ker\u00e9kszerviz \u00e9s \u00fctk\u00f6z\u00e9si jav\u00edt\u00e1s ter\u00fclet\u00e9n<\/p>\n<\/div>\n\n\n\n<div class=\"wp-block-column is-layout-flow wp-block-column-is-layout-flow\">\n<figure class=\"wp-block-video\"><video height=\"1080\" style=\"aspect-ratio: 1920 \/ 1080;\" width=\"1920\" autoplay controls loop muted src=\"https:\/\/soe.snaponequipment.com\/wp-content\/uploads\/2025\/10\/global.mp4\"><\/video><\/figure>\n<\/div>\n<\/div>\n<\/div><\/div>\n<\/div><\/div>\n\n\n\n<div class=\"wp-block-group container\"><div class=\"wp-block-group__inner-container is-layout-constrained wp-block-group-is-layout-constrained\">\n<div class=\"wp-block-group content-inner1200\"><div class=\"wp-block-group__inner-container is-layout-constrained wp-block-group-is-layout-constrained\">\n<h1 class=\"wp-block-heading h1line\">Vezet\u0151 innov\u00e1tor az aut\u00f3jav\u00edt\u00e1si technol\u00f3gi\u00e1ban<\/h1>\n\n\n\n<p>A legfejlettebb k\u00e9palkot\u00f3 ker\u00e9k-aligners, ker\u00e9k-balancers, gumiabroncsv\u00e1lt\u00f3k, alignment liftek, \u00e1ltal\u00e1nos c\u00e9l\u00fa liftek, f\u00e9kkerekekek, keretm\u00e9r\u0151 rendszerek \u00e9s keretjelleg\u0171 raklapok.&nbsp;A Snap-on Equipment v\u00e1llalatn\u00e1l arra t\u00f6reksz\u00fcnk, hogy ipar\u00e1gvezet\u0151, j\u00f3v\u00e1hagyott berendez\u00e9seket, inform\u00e1ci\u00f3kat, k\u00e9pz\u00e9seket \u00e9s t\u00e1mogat\u00e1st ny\u00fajtsunk a m\u0171helyeknek, hogy biztons\u00e1gos j\u00e1rm\u0171veket hozzanak vissza az \u00fatra.<\/p>\n\n\n\n<p>Napi tev\u00e9kenys\u00e9g\u00fcnk r\u00e9szek\u00e9nt a Snap-on elk\u00f6telezett amellett, hogy kiv\u00e1l\u00f3 min\u0151s\u00e9g\u0171 term\u00e9keket hozzon l\u00e9tre egy biztons\u00e1gos \u00e9s eg\u00e9szs\u00e9ges munkahelyen, ugyanakkor t\u00f6reksz\u00fcnk a term\u00e9szeti er\u0151forr\u00e1sok v\u00e9delm\u00e9re \u00e9s a k\u00f6rnyezet meg\u0151rz\u00e9s\u00e9re. Amellett, hogy k\u00f6rnyezettudatos szomsz\u00e9dokk\u00e9nt viselked\u00fcnk a k\u00f6z\u00f6ss\u00e9gekben, elk\u00f6telezt\u00fck magunkat a legjobb gyakorlatok kommunik\u00e1l\u00e1s\u00e1val csapatunk tagjai sz\u00e1m\u00e1ra. B\u00fcszk\u00e9k vagyunk csapatunk elk\u00f6telezetts\u00e9g\u00e9re a hossz\u00fa t\u00e1v\u00fa \u00fcgyf\u00e9lkapcsolatok ki\u00e9p\u00edt\u00e9se \u00e9s \u00e1pol\u00e1sa ir\u00e1nt.<\/p>\n\n\n\n<figure class=\"wp-block-image size-full\"><img loading=\"lazy\" decoding=\"async\" width=\"3002\" height=\"1646\" src=\"https:\/\/soe.snaponequipment.com\/wp-content\/uploads\/2025\/10\/assemblyline.png\" alt=\"\" class=\"wp-image-43\"\/><\/figure>\n<\/div><\/div>\n\n\n\n<div class=\"wp-block-group content-inner1200\"><div class=\"wp-block-group__inner-container is-layout-constrained wp-block-group-is-layout-constrained\">\n<h1 class=\"wp-block-heading h1line\" id=\"presence\">Jelenl\u00e9t\u00fcnk<\/h1>\n\n\n\n<p>A Snap-on Equipment glob\u00e1lis jelenl\u00e9ttel rendelkezik a k\u00f6vetkez\u0151 ter\u00fcleteken:<\/p>\n<\/div><\/div>\n<\/div><\/div>\n\n\n\n<div class=\"presence\">\n<div class=\"flexrow\">\n<div class=\"col-md-4\">\n<div class=\"location\">Conway, Egyes&uuml;lt &Aacute;llamok<\/div>\n<div class=\"location\">Louisville, Egyes&uuml;lt &Aacute;llamok<\/div>\n<div class=\"location\">Detroit, Egyes&uuml;lt &Aacute;llamok<\/div>\n<div class=\"location\">Nyugat-Libanon, Egyes&uuml;lt &Aacute;llamok<\/div>\n<div class=\"location\">Waukesha, Egyes&uuml;lt &Aacute;llamok<\/div>\n<div class=\"location\">Lexington, Egyes&uuml;lt &Aacute;llamok<\/div>\n<div class=\"location\">Sharjah, Egyes&uuml;lt Arab Em&iacute;rs&eacute;gek<\/div>\n<div class=\"location\">Bicester, Egyes&uuml;lt Kir&aacute;lys&aacute;g<\/div>\n<\/div>\n<div class=\"col-md-4\">\n<div class=\"location\">R&ouml;gbi, Egyes&uuml;lt Kir&aacute;lys&aacute;g<\/div>\n<div class=\"location\">St. Corona am Wechsel, Ausztria<\/div>\n<div class=\"location\">Santa Barbara d&#39;Oeste, Braz&iacute;lia<\/div>\n<div class=\"location\">Mississauga, Kanada<\/div>\n<div class=\"location\">P&aacute;rizs, Franciaorsz&aacute;g<\/div>\n<div class=\"location\">Babenhausen, N&eacute;metorsz&aacute;g<\/div>\n<div class=\"location\">Unterneukirchen, N&eacute;metorsz&aacute;g<\/div>\n<div class=\"location\">Sopron, Magyarorsz&aacute;g<\/div>\n<\/div>\n<div class=\"col-md-4\">\n<div class=\"location\">Correggio, Olaszorsz&aacute;g<\/div>\n<div class=\"location\">Firenze, Olaszorsz&aacute;g<\/div>\n<div class=\"location\">Larvik, Norv&eacute;gia<\/div>\n<div class=\"location\">G&ouml;teborg, Sv&eacute;dorsz&aacute;g<\/div>\n<div class=\"location\">Katrineholm, Sv&eacute;dorsz&aacute;g<\/div>\n<div class=\"location\">Kungs&ouml;r, Sv&eacute;dorsz&aacute;g<\/div>\n<div class=\"location\">&Ouml;rebro, Sv&eacute;dorsz&aacute;g<\/div>\n<div class=\"location\">Stockholm, Sv&eacute;dorsz&aacute;g<\/div>\n<\/div>\n<div class=\"clearall\">&nbsp;<\/div>\n<\/div>\n<\/div>\n\n\n\n<div class=\"wp-block-group press\"><div class=\"wp-block-group__inner-container is-layout-constrained wp-block-group-is-layout-constrained\">\n<div class=\"wp-block-group container\"><div class=\"wp-block-group__inner-container is-layout-constrained wp-block-group-is-layout-constrained\"><\/div><\/div>\n<\/div><\/div>\n","protected":false},"excerpt":{"rendered":"<p>Vil\u00e1gvezet\u0151 az aut\u00f3ipari ker\u00e9kszerviz \u00e9s \u00fctk\u00f6z\u00e9si jav\u00edt\u00e1s ter\u00fclet\u00e9n Vezet\u0151 innov\u00e1tor az aut\u00f3jav\u00edt\u00e1si technol\u00f3gi\u00e1ban A legfejlettebb k\u00e9palkot\u00f3 ker\u00e9k-aligners, ker\u00e9k-balancers, gumiabroncsv\u00e1lt\u00f3k, alignment liftek, \u00e1ltal\u00e1nos c\u00e9l\u00fa liftek, f\u00e9kkerekekek, keretm\u00e9r\u0151 rendszerek \u00e9s keretjelleg\u0171 raklapok.&nbsp;A Snap-on Equipment v\u00e1llalatn\u00e1l arra t\u00f6reksz\u00fcnk, hogy ipar\u00e1gvezet\u0151, j\u00f3v\u00e1hagyott berendez\u00e9seket, inform\u00e1ci\u00f3kat, k\u00e9pz\u00e9seket \u00e9s t\u00e1mogat\u00e1st ny\u00fajtsunk a m\u0171helyeknek, hogy biztons\u00e1gos j\u00e1rm\u0171veket hozzanak vissza az \u00fatra. Napi tev\u00e9kenys\u00e9g\u00fcnk [&hellip;]<\/p>\n","protected":false},"author":1,"featured_media":0,"parent":0,"menu_order":0,"comment_status":"closed","ping_status":"closed","template":"","meta":{"footnotes":""},"class_list":["post-298","page","type-page","status-publish","hentry"],"_links":{"self":[{"href":"https:\/\/soe.snaponequipment.com\/hu\/wp-json\/wp\/v2\/pages\/298","targetHints":{"allow":["GET"]}}],"collection":[{"href":"https:\/\/soe.snaponequipment.com\/hu\/wp-json\/wp\/v2\/pages"}],"about":[{"href":"https:\/\/soe.snaponequipment.com\/hu\/wp-json\/wp\/v2\/types\/page"}],"author":[{"embeddable":true,"href":"https:\/\/soe.snaponequipment.com\/hu\/wp-json\/wp\/v2\/users\/1"}],"replies":[{"embeddable":true,"href":"https:\/\/soe.snaponequipment.com\/hu\/wp-json\/wp\/v2\/comments?post=298"}],"version-history":[{"count":5,"href":"https:\/\/soe.snaponequipment.com\/hu\/wp-json\/wp\/v2\/pages\/298\/revisions"}],"predecessor-version":[{"id":1815,"href":"https:\/\/soe.snaponequipment.com\/hu\/wp-json\/wp\/v2\/pages\/298\/revisions\/1815"}],"wp:attachment":[{"href":"https:\/\/soe.snaponequipment.com\/hu\/wp-json\/wp\/v2\/media?parent=298"}],"curies":[{"name":"wp","href":"https:\/\/api.w.org\/{rel}","templated":true}]}}