{"id":338,"date":"2025-10-16T19:10:19","date_gmt":"2025-10-16T19:10:19","guid":{"rendered":"https:\/\/soe.snaponequipment.com\/products\/"},"modified":"2025-11-03T19:40:00","modified_gmt":"2025-11-03T19:40:00","slug":"termekek","status":"publish","type":"page","link":"https:\/\/soe.snaponequipment.com\/hu\/termekek\/","title":{"rendered":"Products"},"content":{"rendered":"\n<div class=\"wp-block-group container has-white-background-color has-background\"><div class=\"wp-block-group__inner-container is-layout-constrained wp-block-group-is-layout-constrained\">\n<div class=\"wp-block-group content-inner1200\"><div class=\"wp-block-group__inner-container is-layout-constrained wp-block-group-is-layout-constrained\">\n<h1 class=\"wp-block-heading h1line\">AUT\u00d3JAV\u00cdT\u00c1S<\/h1>\n\n\n\r\n\t\t<div class=\"productgrid1\">\r\n\t\t\t<div class=\"filters\">\r\n\t\t\t\t<div class=\"filterheader\">\r\n\t\t\t\t\t<h2>AUT\u00d3JAV\u00cdT\u00c1S<\/h2>\r\n\t\t\t\t<\/div>\r\n\t\t\t\t<div class=\"filterlist\">\r\n<div><button class=\"pcheckedbox\" id=\"p1\" aria-label=\"AUT\u00d3LIFT\"><\/button> AUT\u00d3LIFT<\/div><div class=\"filter\"><a href=\"?catkey=4\" class=\"filterlink\"><button class=\"pcheckbox\" id=\"p4\" aria-label=\"KER\u00c9KBE\u00c1LL\u00cdT\u00d3K\"><\/button>KER\u00c9KBE\u00c1LL\u00cdT\u00d3K<a><\/div><div class=\"filter\"><a href=\"?catkey=2\" class=\"filterlink\"><button class=\"pcheckbox\" id=\"p2\" aria-label=\"ADAS KALIBR\u00c1L\u00d3 RENDSZEREK\"><\/button>ADAS KALIBR\u00c1L\u00d3 RENDSZEREK<a><\/div><div class=\"filter\"><a href=\"?catkey=5\" class=\"filterlink\"><button class=\"pcheckbox\" id=\"p5\" aria-label=\"KER\u00c9KEGYENS\u00daLYOZ\u00d3K\"><\/button>KER\u00c9KEGYENS\u00daLYOZ\u00d3K<a><\/div><div class=\"filter\"><a href=\"?catkey=3\" class=\"filterlink\"><button class=\"pcheckbox\" id=\"p3\" aria-label=\"GUMICSERE\"><\/button>GUMICSERE<a><\/div><div class=\"filter\"><a href=\"?catkey=6\" class=\"filterlink\"><button class=\"pcheckbox\" id=\"p6\" aria-label=\"F\u00c9KSZERVIZ\"><\/button>F\u00c9KSZERVIZ<a><\/div><div class=\"filter\"><a href=\"?catkey=7\" class=\"filterlink\"><button class=\"pcheckbox\" id=\"p7\" aria-label=\"KL\u00cdMA SZOLG\u00c1LTAT\u00c1S\"><\/button>KL\u00cdMA SZOLG\u00c1LTAT\u00c1S<a><\/div><div class=\"filter\"><a href=\"?catkey=8\" class=\"filterlink\"><button class=\"pcheckbox\" id=\"p8\" aria-label=\"SEBESS\u00c9GV\u00c1LT\u00d3 TISZT\u00cdT\u00c1SA\"><\/button>SEBESS\u00c9GV\u00c1LT\u00d3 TISZT\u00cdT\u00c1SA<a><\/div><div class=\"filter\"><a href=\"?catkey=9\" class=\"filterlink\"><button class=\"pcheckbox\" id=\"p9\" aria-label=\"VIZSG\u00c1LATI BERENDEZ\u00c9S\"><\/button>VIZSG\u00c1LATI BERENDEZ\u00c9S<a><\/div><div class=\"filter\"><a href=\"?catkey=10\" class=\"filterlink\"><button class=\"pcheckbox\" id=\"p10\" aria-label=\"GUMIM\u00c9R\u00c9S\"><\/button>GUMIM\u00c9R\u00c9S<a><\/div><div class=\"filter\"><a href=\"?catkey=11\" class=\"filterlink\"><button class=\"pcheckbox\" id=\"p11\" aria-label=\"\u00dcTK\u00d6Z\u00c9SJAV\u00cdT\u00c1S\"><\/button>\u00dcTK\u00d6Z\u00c9SJAV\u00cdT\u00c1S<a><\/div><div class=\"filter\"><a href=\"?catkey=12\" class=\"filterlink\"><button class=\"pcheckbox\" id=\"p12\" aria-label=\"Diagnosztika\"><\/button>Diagnosztika<a><\/div><div class=\"filter\"><a href=\"?catkey=13\" class=\"filterlink\"><button class=\"pcheckbox\" id=\"p13\" aria-label=\"VONAL V\u00c9GE RENDSZEREK\"><\/button>VONAL V\u00c9GE RENDSZEREK<a><\/div>\t\t\t\t\r\n\t\t\t\t\r\n\t\t\t\t\r\n\t\t\t\t\t<p class=\"disclaimer\">*El\u0151fordulhat, hogy egyes term\u00e9kek nem \u00e1llnak rendelkez\u00e9sre minden r\u00e9gi\u00f3ban. Tov\u00e1bbi inform\u00e1ci\u00f3\u00e9rt forduljon helyi k\u00e9pvisel\u0151j\u00e9hez.<\/p>\r\n\t\t\t\t<\/div>\r\n\t\t\t<\/div>\r\n\t\t\t<div class=\"productgrid\">\r\n<div class=\"product\">\r\n\t\t\t<img decoding=\"async\" src=\"\/wp-content\/uploads\/CL12A-2.png\">2 oszlopos emel\u0151k<\/div><div class=\"product\">\r\n\t\t\t<img decoding=\"async\" src=\"\/wp-content\/uploads\/four-post-lift.jpg\">4 oszlopos emel\u0151k<\/div><div class=\"product\">\r\n\t\t\t<img decoding=\"async\" src=\"\/wp-content\/uploads\/inground-lifts.jpg\">F\u00d6LDLI FELHASZN\u00c1L\u00c1S\u00da LIFTEK<\/div><div class=\"product\">\r\n\t\t\t<img decoding=\"async\" src=\"\/wp-content\/uploads\/lift-table.jpg\">EMEL\u0150ASZTALOK<\/div><div class=\"product\">\r\n\t\t\t<img decoding=\"async\" src=\"\/wp-content\/uploads\/scissor-lift.jpg\">Oll\u00f3s emel\u0151k<\/div><div class=\"product\">\r\n\t\t\t<img decoding=\"async\" src=\"\/wp-content\/uploads\/home-storage-lift.jpg\">OTTHONI T\u00c1ROL\u00d3LIFTEK<\/div><div class=\"product\">\r\n\t\t\t<img decoding=\"async\" src=\"\/wp-content\/uploads\/short-midrise-lift.jpg\">R\u00d6VID\/MIG EMELKED\u00c9S\u0170 EMEL\u0150K<\/div>\t\t\t\r\n\t\t\t<\/div>\r\n\t\t<\/div>\r\n\n<\/div><\/div>\n<\/div><\/div>\n\n\n\n<div class=\"wp-block-group container has-white-background-color has-background\"><div class=\"wp-block-group__inner-container is-layout-constrained wp-block-group-is-layout-constrained\">\n<div class=\"wp-block-group content-inner1200\"><div class=\"wp-block-group__inner-container is-layout-constrained wp-block-group-is-layout-constrained\">\n<h1 class=\"wp-block-heading h1line\">NAGYON TERMEL\u0150 JAV\u00cdT\u00c1S<\/h1>\n\n\n\n<div class=\"wp-block-group is-layout-grid wp-container-core-group-is-layout-4448c592 wp-block-group-is-layout-grid\">\n<div class=\"wp-block-group product\"><div class=\"wp-block-group__inner-container is-layout-constrained wp-block-group-is-layout-constrained\"><div class=\"wp-block-image\">\n<figure class=\"aligncenter size-full\"><img loading=\"lazy\" decoding=\"async\" width=\"290\" height=\"222\" src=\"https:\/\/soe.snaponequipment.com\/wp-content\/uploads\/wheel-alignment.jpg\" alt=\"\" class=\"wp-image-78\"\/><\/figure>\n<\/div>\n\n\n<p class=\"has-text-align-center\">KER\u00c9KBE\u00c1LL\u00cdT\u00c1S<\/p>\n<\/div><\/div>\n\n\n\n<div class=\"wp-block-group product\"><div class=\"wp-block-group__inner-container is-layout-constrained wp-block-group-is-layout-constrained\"><div class=\"wp-block-image\">\n<figure class=\"aligncenter size-full\"><img loading=\"lazy\" decoding=\"async\" width=\"290\" height=\"222\" src=\"https:\/\/soe.snaponequipment.com\/wp-content\/uploads\/adas-calibration.jpg\" alt=\"\" class=\"wp-image-76\"\/><\/figure>\n<\/div>\n\n\n<p class=\"has-text-align-center\">ADAS KALIBR\u00c1L\u00c1S<\/p>\n<\/div><\/div>\n\n\n\n<div class=\"wp-block-group product\"><div class=\"wp-block-group__inner-container is-layout-constrained wp-block-group-is-layout-constrained\"><div class=\"wp-block-image\">\n<figure class=\"aligncenter size-full\"><img loading=\"lazy\" decoding=\"async\" width=\"290\" height=\"222\" src=\"https:\/\/soe.snaponequipment.com\/wp-content\/uploads\/mobile-columns-lift.jpg\" alt=\"\" class=\"wp-image-80\"\/><\/figure>\n<\/div>\n\n\n<p class=\"has-text-align-center\" style=\"text-transform:uppercase\">MOBIL OSZLOPOS TEheraut\u00f3 emel\u0151<\/p>\n<\/div><\/div>\n\n\n\n<div class=\"wp-block-group product\"><div class=\"wp-block-group__inner-container is-layout-constrained wp-block-group-is-layout-constrained\"><div class=\"wp-block-image\">\n<figure class=\"aligncenter size-full\"><img loading=\"lazy\" decoding=\"async\" width=\"290\" height=\"222\" src=\"https:\/\/soe.snaponequipment.com\/wp-content\/uploads\/tire-changer.jpg\" alt=\"\" class=\"wp-image-82\"\/><\/figure>\n<\/div>\n\n\n<p class=\"has-text-align-center\">GUMICSERE<\/p>\n<\/div><\/div>\n\n\n\n<div class=\"wp-block-group product\"><div class=\"wp-block-group__inner-container is-layout-constrained wp-block-group-is-layout-constrained\"><div class=\"wp-block-image\">\n<figure class=\"aligncenter size-full\"><img loading=\"lazy\" decoding=\"async\" width=\"290\" height=\"222\" src=\"https:\/\/soe.snaponequipment.com\/wp-content\/uploads\/wheel-balancers.jpg\" alt=\"\" class=\"wp-image-96\"\/><\/figure>\n<\/div>\n\n\n<p class=\"has-text-align-center\">KER\u00c9KEGYENS\u00daLYOZ\u00d3K<\/p>\n<\/div><\/div>\n\n\n\n<div class=\"wp-block-group product\"><div class=\"wp-block-group__inner-container is-layout-constrained wp-block-group-is-layout-constrained\"><div class=\"wp-block-image\">\n<figure class=\"aligncenter size-full\"><img loading=\"lazy\" decoding=\"async\" width=\"290\" height=\"222\" src=\"https:\/\/soe.snaponequipment.com\/wp-content\/uploads\/break-lathe.jpg\" alt=\"\" class=\"wp-image-88\"\/><\/figure>\n<\/div>\n\n\n<p class=\"has-text-align-center\" style=\"text-transform:uppercase\">f\u00e9kez\u0151 eszterg\u00e1k<\/p>\n<\/div><\/div>\n\n\n\n<div class=\"wp-block-group product\"><div class=\"wp-block-group__inner-container is-layout-constrained wp-block-group-is-layout-constrained\"><div class=\"wp-block-image\">\n<figure class=\"aligncenter size-full\"><img loading=\"lazy\" decoding=\"async\" width=\"290\" height=\"222\" src=\"https:\/\/soe.snaponequipment.com\/wp-content\/uploads\/break-tester.jpg\" alt=\"\" class=\"wp-image-89\"\/><\/figure>\n<\/div>\n\n\n<p class=\"has-text-align-center\" style=\"text-transform:uppercase\">f\u00e9kvizsg\u00e1l\u00f3<\/p>\n<\/div><\/div>\n\n\n\n<div class=\"wp-block-group product\"><div class=\"wp-block-group__inner-container is-layout-constrained wp-block-group-is-layout-constrained\"><div class=\"wp-block-image\">\n<figure class=\"aligncenter size-full\"><img loading=\"lazy\" decoding=\"async\" width=\"290\" height=\"222\" src=\"https:\/\/soe.snaponequipment.com\/wp-content\/uploads\/speedometer.jpg\" alt=\"\" class=\"wp-image-94\"\/><\/figure>\n<\/div>\n\n\n<p class=\"has-text-align-center\" style=\"text-transform:uppercase\">Sebess\u00e9gm\u00e9r\u0151<\/p>\n<\/div><\/div>\n\n\n\n<div class=\"wp-block-group product\"><div class=\"wp-block-group__inner-container is-layout-constrained wp-block-group-is-layout-constrained\"><div class=\"wp-block-image\">\n<figure class=\"aligncenter size-full\"><img loading=\"lazy\" decoding=\"async\" width=\"290\" height=\"222\" src=\"https:\/\/soe.snaponequipment.com\/wp-content\/uploads\/emissions-analyzer.jpg\" alt=\"\" class=\"wp-image-92\"\/><\/figure>\n<\/div>\n\n\n<p class=\"has-text-align-center\">EMISSZI\u00d3S ELEMZ\u0150<\/p>\n<\/div><\/div>\n\n\n\n<div class=\"wp-block-group product\"><div class=\"wp-block-group__inner-container is-layout-constrained wp-block-group-is-layout-constrained\"><div class=\"wp-block-image\">\n<figure class=\"aligncenter size-full\"><img loading=\"lazy\" decoding=\"async\" width=\"290\" height=\"222\" src=\"https:\/\/soe.snaponequipment.com\/wp-content\/uploads\/headlight-tester.jpg\" alt=\"\" class=\"wp-image-93\"\/><\/figure>\n<\/div>\n\n\n<p class=\"has-text-align-center\">F\u00c9NYSZ\u00d3R\u00d3 TESZTER<\/p>\n<\/div><\/div>\n\n\n\n<div class=\"wp-block-group product\"><div class=\"wp-block-group__inner-container is-layout-constrained wp-block-group-is-layout-constrained\"><div class=\"wp-block-image\">\n<figure class=\"aligncenter size-full\"><img loading=\"lazy\" decoding=\"async\" width=\"290\" height=\"222\" src=\"https:\/\/soe.snaponequipment.com\/wp-content\/uploads\/CTR9.png\" alt=\"\" class=\"wp-image-90\"\/><\/figure>\n<\/div>\n\n\n<p class=\"has-text-align-center\">PONTHEGESZT\u0150<\/p>\n<\/div><\/div>\n\n\n\n<div class=\"wp-block-group product\"><div class=\"wp-block-group__inner-container is-layout-constrained wp-block-group-is-layout-constrained\"><div class=\"wp-block-image\">\n<figure class=\"aligncenter size-full\"><img loading=\"lazy\" decoding=\"async\" width=\"290\" height=\"222\" src=\"https:\/\/soe.snaponequipment.com\/wp-content\/uploads\/ecotechnics_web2.png\" alt=\"\" class=\"wp-image-91\"\/><\/figure>\n<\/div>\n\n\n<p class=\"has-text-align-center\">KL\u00cdMA SZOLG\u00c1LTAT\u00c1S<\/p>\n<\/div><\/div>\n\n\n\n<p><\/p>\n<\/div>\n<\/div><\/div>\n<\/div><\/div>\n\n\n\n<p><\/p>\n","protected":false},"excerpt":{"rendered":"<p>AUT\u00d3JAV\u00cdT\u00c1S NAGYON TERMEL\u0150 JAV\u00cdT\u00c1S KER\u00c9KBE\u00c1LL\u00cdT\u00c1S ADAS KALIBR\u00c1L\u00c1S MOBIL OSZLOPOS TEheraut\u00f3 emel\u0151 GUMICSERE KER\u00c9KEGYENS\u00daLYOZ\u00d3K f\u00e9kez\u0151 eszterg\u00e1k f\u00e9kvizsg\u00e1l\u00f3 Sebess\u00e9gm\u00e9r\u0151 EMISSZI\u00d3S ELEMZ\u0150 F\u00c9NYSZ\u00d3R\u00d3 TESZTER PONTHEGESZT\u0150 KL\u00cdMA SZOLG\u00c1LTAT\u00c1S<\/p>\n","protected":false},"author":1,"featured_media":0,"parent":0,"menu_order":0,"comment_status":"closed","ping_status":"closed","template":"soe-products.php","meta":{"footnotes":""},"class_list":["post-338","page","type-page","status-publish","hentry"],"_links":{"self":[{"href":"https:\/\/soe.snaponequipment.com\/hu\/wp-json\/wp\/v2\/pages\/338","targetHints":{"allow":["GET"]}}],"collection":[{"href":"https:\/\/soe.snaponequipment.com\/hu\/wp-json\/wp\/v2\/pages"}],"about":[{"href":"https:\/\/soe.snaponequipment.com\/hu\/wp-json\/wp\/v2\/types\/page"}],"author":[{"embeddable":true,"href":"https:\/\/soe.snaponequipment.com\/hu\/wp-json\/wp\/v2\/users\/1"}],"replies":[{"embeddable":true,"href":"https:\/\/soe.snaponequipment.com\/hu\/wp-json\/wp\/v2\/comments?post=338"}],"version-history":[{"count":1,"href":"https:\/\/soe.snaponequipment.com\/hu\/wp-json\/wp\/v2\/pages\/338\/revisions"}],"predecessor-version":[{"id":1817,"href":"https:\/\/soe.snaponequipment.com\/hu\/wp-json\/wp\/v2\/pages\/338\/revisions\/1817"}],"wp:attachment":[{"href":"https:\/\/soe.snaponequipment.com\/hu\/wp-json\/wp\/v2\/media?parent=338"}],"curies":[{"name":"wp","href":"https:\/\/api.w.org\/{rel}","templated":true}]}}