{"id":289,"date":"2025-10-24T17:03:03","date_gmt":"2025-10-24T17:03:03","guid":{"rendered":"https:\/\/soe.snaponequipment.com\/brands\/"},"modified":"2025-11-03T20:54:13","modified_gmt":"2025-11-03T20:54:13","slug":"varumarken","status":"publish","type":"page","link":"https:\/\/soe.snaponequipment.com\/sv\/varumarken\/","title":{"rendered":"Brands"},"content":{"rendered":"\n<div class=\"wp-block-group content-inner1200\"><div class=\"wp-block-group__inner-container is-layout-constrained wp-block-group-is-layout-constrained\">\n<h1 class=\"wp-block-heading h1line\">V\u00e5ra Varum\u00e4rken<\/h1>\n\n\n\n<p>V\u00e5ra varum\u00e4rken runt om i v\u00e4rlden har ett globalt uppdrag f\u00f6r att \u00f6ka bilverkst\u00e4dernas produktivitet. Att f\u00f6rb\u00e4ttra effektiviteten har varit k\u00e4rnan i v\u00e5r verksamhet i \u00f6ver ett sekel. Det finns mer mark att t\u00e4cka, men tillsammans kan vi s\u00e4tta nya standarder f\u00f6r excellens inom fordonsservice.<\/p>\n\n\n\n<p><\/p>\n\n\n\n<div class=\"wp-block-group tssgrid is-layout-grid wp-container-core-group-is-layout-4448c592 wp-block-group-is-layout-grid\">\n<div class=\"wp-block-group tssbox\"><div class=\"wp-block-group__inner-container is-layout-constrained wp-block-group-is-layout-constrained\">\n<figure class=\"wp-block-image size-full\"><img loading=\"lazy\" decoding=\"async\" width=\"250\" height=\"70\" src=\"https:\/\/soe.snaponequipment.com\/wp-content\/uploads\/sun.png\" alt=\"\" class=\"wp-image-166\"\/><\/figure>\n\n\n\n<div class=\"wp-block-columns is-layout-flex wp-container-core-columns-is-layout-9d6595d7 wp-block-columns-is-layout-flex\">\n<div class=\"wp-block-column tsswordbox is-layout-flow wp-block-column-is-layout-flow\">\n<p><a href=\"https:\/\/eu.sun-workshopsolutions.com\/en\" data-type=\"link\" data-id=\"https:\/\/eu.sun-workshopsolutions.com\/en\" target=\"_blank\" rel=\"noreferrer noopener\">SUN\u00ae, ett av de m\u00e5nga m\u00e4rkena fr\u00e5n Snap-on\u00ae, TOTAL SHOP SOLUTIONS, levererar omfattande diagnostik och reparationsinformation f\u00f6r alla typer av reparationer \u2013 b\u00e5de kollision och mekanisk \u2013 d\u00e4r verkliga insikter integreras med OEM-specifikationer, procedurer och mer f\u00f6r att hj\u00e4lpa tekniker att p\u00e5skynda reparationer med tillf\u00f6rsikt.<\/a><\/p>\n<\/div>\n<\/div>\n<\/div><\/div>\n\n\n\n<div class=\"wp-block-group tssbox\"><div class=\"wp-block-group__inner-container is-layout-constrained wp-block-group-is-layout-constrained\">\n<figure class=\"wp-block-image size-full\"><a href=\"https:\/\/www.johnbean.com\/us\/\" target=\"_blank\"><img loading=\"lazy\" decoding=\"async\" width=\"250\" height=\"75\" src=\"https:\/\/soe.snaponequipment.com\/wp-content\/uploads\/johnbean.png\" alt=\"\" class=\"wp-image-173\"\/><\/a><\/figure>\n\n\n\n<div class=\"wp-block-columns is-layout-flex wp-container-core-columns-is-layout-9d6595d7 wp-block-columns-is-layout-flex\">\n<div class=\"wp-block-column tsswordbox is-layout-flow wp-block-column-is-layout-flow\">\n<p><a href=\"https:\/\/www.johnbean.com\/us\/\" data-type=\"link\" data-id=\"https:\/\/eu.sun-workshopsolutions.com\/en\" target=\"_blank\" rel=\"noreferrer noopener\">John Bean\u00ae \u00e4r en v\u00e4rldsledande k\u00e4lla f\u00f6r l\u00f6sningar f\u00f6r serviceutrustning f\u00f6r bilar och \u00e4r ett av de m\u00e5nga varum\u00e4rken som Snap-on\u00ae, TOTAL SHOP SOLUTIONS erbjuder till verkstads\u00e4gare och chefer.<\/a><\/p>\n<\/div>\n<\/div>\n<\/div><\/div>\n\n\n\n<div class=\"wp-block-group tssbox\"><div class=\"wp-block-group__inner-container is-layout-constrained wp-block-group-is-layout-constrained\">\n<figure class=\"wp-block-image size-full\"><a href=\"https:\/\/blackhawkcollision.com\/\" target=\"_blank\"><img loading=\"lazy\" decoding=\"async\" width=\"250\" height=\"75\" src=\"https:\/\/soe.snaponequipment.com\/wp-content\/uploads\/blackhawk.png\" alt=\"\" class=\"wp-image-175\"\/><\/a><\/figure>\n\n\n\n<div class=\"wp-block-columns is-layout-flex wp-container-core-columns-is-layout-9d6595d7 wp-block-columns-is-layout-flex\">\n<div class=\"wp-block-column tsswordbox is-layout-flow wp-block-column-is-layout-flow\">\n<p><a href=\"https:\/\/blackhawkcollision.com\/\" data-type=\"link\" data-id=\"https:\/\/eu.sun-workshopsolutions.com\/en\" target=\"_blank\" rel=\"noreferrer noopener\">Medlem av Snap-on\u00ae, TOTAL SHOP SOLUTIONS-familjen, BlackHawk\u2122 \u00e4r ett ledande varum\u00e4rke f\u00f6r riktnings-, m\u00e4t-, lyft-, svets- och induktionssystem, och erbjuder effektiva l\u00f6sningar med precision till bilkollisionsreparationsindustrin.<\/a><\/p>\n<\/div>\n<\/div>\n<\/div><\/div>\n\n\n\n<div class=\"wp-block-group tssbox\"><div class=\"wp-block-group__inner-container is-layout-constrained wp-block-group-is-layout-constrained\">\n<figure class=\"wp-block-image size-full\"><a href=\"https:\/\/hofmann-equipment.com\/us\" target=\"_blank\"><img loading=\"lazy\" decoding=\"async\" width=\"250\" height=\"75\" src=\"https:\/\/soe.snaponequipment.com\/wp-content\/uploads\/hofmann.png\" alt=\"\" class=\"wp-image-170\"\/><\/a><\/figure>\n\n\n\n<div class=\"wp-block-columns is-layout-flex wp-container-core-columns-is-layout-9d6595d7 wp-block-columns-is-layout-flex\">\n<div class=\"wp-block-column tsswordbox is-layout-flow wp-block-column-is-layout-flow\">\n<p><a href=\"https:\/\/hofmann-equipment.com\/us\" target=\"_blank\" rel=\"noreferrer noopener\">Den tekniska f\u00f6rtr\u00e4ffligheten hos hjulbalanserare, d\u00e4ckv\u00e4xlare, hjulinriktare, fordonslyftar och mer har gjort att Hofmann\u00ae en p\u00e5litlig och respekterad partner f\u00f6r OEM och reparationsproffs \u00f6ver hela v\u00e4rlden. Snap-on\u00ae, TOTAL SHOP SOLUTIONS \u00e4r glada \u00f6ver att ha Hofmann i sin stora familj av varum\u00e4rken.<\/a><\/p>\n<\/div>\n<\/div>\n<\/div><\/div>\n\n\n\n<div class=\"wp-block-group tssbox\"><div class=\"wp-block-group__inner-container is-layout-constrained wp-block-group-is-layout-constrained\">\n<figure class=\"wp-block-image size-full\"><a href=\"https:\/\/www.kansasjack.com\/\" target=\"_blank\"><img loading=\"lazy\" decoding=\"async\" width=\"250\" height=\"75\" src=\"https:\/\/soe.snaponequipment.com\/wp-content\/uploads\/kansasjack.png\" alt=\"\" class=\"wp-image-179\"\/><\/a><\/figure>\n\n\n\n<div class=\"wp-block-columns is-layout-flex wp-container-core-columns-is-layout-9d6595d7 wp-block-columns-is-layout-flex\">\n<div class=\"wp-block-column tsswordbox is-layout-flow wp-block-column-is-layout-flow\">\n<p><a href=\"https:\/\/www.kansasjack.com\/\" target=\"_blank\" rel=\"noreferrer noopener\">Kollisionsreparationsindustrin litar p\u00e5 Kansas Jack, ett av de m\u00e5nga m\u00e4rkena fr\u00e5n Snap-on\u00ae, TOTAL SHOP SOLUTIONS. Kansas Jacks ramm\u00e4tningsdata, riktnings- och svetsutrustning ger de verktyg som beh\u00f6vs f\u00f6r att g\u00f6ra snabba, exakta reparationer.<\/a><\/p>\n<\/div>\n<\/div>\n<\/div><\/div>\n\n\n\n<div class=\"wp-block-group tssbox\"><div class=\"wp-block-group__inner-container is-layout-constrained wp-block-group-is-layout-constrained\">\n<figure class=\"wp-block-image size-full\"><a href=\"https:\/\/eu.boxer-equipment.com\/en\" target=\"_blank\"><img loading=\"lazy\" decoding=\"async\" width=\"250\" height=\"75\" src=\"https:\/\/soe.snaponequipment.com\/wp-content\/uploads\/boxer.png\" alt=\"\" class=\"wp-image-182\"\/><\/a><\/figure>\n\n\n\n<div class=\"wp-block-columns is-layout-flex wp-container-core-columns-is-layout-9d6595d7 wp-block-columns-is-layout-flex\">\n<div class=\"wp-block-column tsswordbox is-layout-flow wp-block-column-is-layout-flow\">\n<p><a href=\"https:\/\/eu.boxer-equipment.com\/en\" target=\"_blank\" rel=\"noreferrer noopener\">Fr\u00e5n d\u00e4ckv\u00e4xlare till hjulbalanserare och till och med kraftiga system, Boxer\u00ae \u00e4r bara ett av m\u00e5nga varum\u00e4rken fr\u00e5n Snap-on\u00ae, TOTAL SHOP SOLUTIONS som fungerar som inspiration f\u00f6r morgondagens teknik.<\/a><\/p>\n<\/div>\n<\/div>\n<\/div><\/div>\n\n\n\n<div class=\"wp-block-group tssbox\"><div class=\"wp-block-group__inner-container is-layout-constrained wp-block-group-is-layout-constrained\">\n<figure class=\"wp-block-image size-full\"><a href=\"https:\/\/eu.cartec-equipment.com\/en\" target=\"_blank\"><img loading=\"lazy\" decoding=\"async\" width=\"250\" height=\"75\" src=\"https:\/\/soe.snaponequipment.com\/wp-content\/uploads\/cartec.png\" alt=\"\" class=\"wp-image-184\"\/><\/a><\/figure>\n\n\n\n<div class=\"wp-block-columns is-layout-flex wp-container-core-columns-is-layout-9d6595d7 wp-block-columns-is-layout-flex\">\n<div class=\"wp-block-column tsswordbox is-layout-flow wp-block-column-is-layout-flow\">\n<p><a href=\"https:\/\/eu.cartec-equipment.com\/en\" target=\"_blank\" rel=\"noreferrer noopener\">Ett av de m\u00e5nga m\u00e4rkena fr\u00e5n Snap-on\u00ae, TOTAL SHOP SOLUTIONS, Cartec\u00ae f\u00f6rser fordons- och lastbilsreparationsindustrin med avancerad testteknik f\u00f6r modul\u00e4ra system, inklusive enheter som testar bromsar, fj\u00e4dring, styrning, hastighet, emissioner och mer.<\/a><\/p>\n<\/div>\n<\/div>\n<\/div><\/div>\n\n\n\n<div class=\"wp-block-group tssbox\"><div class=\"wp-block-group__inner-container is-layout-constrained wp-block-group-is-layout-constrained\">\n<figure class=\"wp-block-image size-full\"><img loading=\"lazy\" decoding=\"async\" width=\"250\" height=\"75\" src=\"https:\/\/soe.snaponequipment.com\/wp-content\/uploads\/challenger.png\" alt=\"\" class=\"wp-image-185\"\/><\/figure>\n\n\n\n<div class=\"wp-block-columns is-layout-flex wp-container-core-columns-is-layout-9d6595d7 wp-block-columns-is-layout-flex\">\n<div class=\"wp-block-column tsswordbox is-layout-flow wp-block-column-is-layout-flow\">\n<p><a href=\"https:\/\/eu.cartec-equipment.com\/en\" target=\"_blank\" rel=\"noreferrer noopener\"><\/a><a href=\"https:\/\/www.challengerlifts.com\/\" target=\"_blank\" rel=\"noreferrer noopener\">Challenger Lifts \u00e4r ett av de m\u00e5nga varum\u00e4rkena fr\u00e5n Snap-on\u00ae, TOTAL SHOP SOLUTIONS, som tillhandah\u00e5ller innovativa l\u00f6sningar inom fordonslyftsindustrin, inklusive inground, 2-post, 4-post, mobila pelare och mer.<\/a><\/p>\n<\/div>\n<\/div>\n<\/div><\/div>\n\n\n\n<div class=\"wp-block-group tssbox\"><div class=\"wp-block-group__inner-container is-layout-constrained wp-block-group-is-layout-constrained\">\n<figure class=\"wp-block-image size-full\"><a href=\"https:\/\/www.procutusa.com\/\" target=\"_blank\"><img loading=\"lazy\" decoding=\"async\" width=\"250\" height=\"75\" src=\"https:\/\/soe.snaponequipment.com\/wp-content\/uploads\/pro-cut.png\" alt=\"\" class=\"wp-image-186\"\/><\/a><\/figure>\n\n\n\n<div class=\"wp-block-columns is-layout-flex wp-container-core-columns-is-layout-9d6595d7 wp-block-columns-is-layout-flex\">\n<div class=\"wp-block-column tsswordbox is-layout-flow wp-block-column-is-layout-flow\">\n<p><a href=\"https:\/\/www.procutusa.com\/\" target=\"_blank\" rel=\"noreferrer noopener\">Pro-Cut\u2122 Bromsl\u00f6sningar fr\u00e5n Snap-on\u00ae, TOTAL SHOP SOLUTIONS: Bromssvarvar som kr\u00e4vs av de flesta OEM-m\u00e4rken f\u00f6r reparationer inom garantin och efterfr\u00e5gas av de flesta bromstekniker i detaljhandeln f\u00f6r deras noggrannhet, effektivitet och l\u00f6nsamhet. Pro-Cut\u2122: Aldrig \u00f6vertr\u00e4ffad\u2122.<\/a><\/p>\n<\/div>\n<\/div>\n<\/div><\/div>\n\n\n\n<div class=\"wp-block-group tssbox\"><div class=\"wp-block-group__inner-container is-layout-constrained wp-block-group-is-layout-constrained\">\n<figure class=\"wp-block-image size-full\"><a href=\"https:\/\/www.ecotechnics.com\/usa\/\" target=\"_blank\"><img loading=\"lazy\" decoding=\"async\" width=\"250\" height=\"75\" src=\"https:\/\/soe.snaponequipment.com\/wp-content\/uploads\/ecotechnics.png\" alt=\"\" class=\"wp-image-187\"\/><\/a><\/figure>\n\n\n\n<div class=\"wp-block-columns is-layout-flex wp-container-core-columns-is-layout-9d6595d7 wp-block-columns-is-layout-flex\">\n<div class=\"wp-block-column tsswordbox is-layout-flow wp-block-column-is-layout-flow\">\n<p><a href=\"https:\/\/www.ecotechnics.com\/usa\/\" target=\"_blank\" rel=\"noreferrer noopener\">En ledande innovat\u00f6r inom kylmedels\u00e5tervinning, \u00e5tervinning och laddningsmaskiner f\u00f6r luftkonditioneringssystem f\u00f6r fordon, Ecotechnics\u00ae \u00e4r medlem i Snap-on\u00ae, TOTAL SHOP SOLUTIONS-familjen, som tillverkar produkter som \u00e4r l\u00e4mpliga f\u00f6r bilar, lastbilar, bussar och jordbruksfordon.<\/a><\/p>\n<\/div>\n<\/div>\n<\/div><\/div>\n\n\n\n<div class=\"wp-block-group tssbox\"><div class=\"wp-block-group__inner-container is-layout-constrained wp-block-group-is-layout-constrained\">\n<figure class=\"wp-block-image size-full\"><a href=\"https:\/\/car-o-liner.com\/\" target=\"_blank\"><img loading=\"lazy\" decoding=\"async\" width=\"250\" height=\"75\" src=\"https:\/\/soe.snaponequipment.com\/wp-content\/uploads\/caroliner.png\" alt=\"\" class=\"wp-image-189\"\/><\/a><\/figure>\n\n\n\n<div class=\"wp-block-columns is-layout-flex wp-container-core-columns-is-layout-9d6595d7 wp-block-columns-is-layout-flex\">\n<div class=\"wp-block-column tsswordbox is-layout-flow wp-block-column-is-layout-flow\">\n<p><a href=\"https:\/\/car-o-liner.com\/\" target=\"_blank\" rel=\"noreferrer noopener\">Medlem av Snap-on\u00ae, TOTAL SHOP SOLUTIONS-familjen, Car-O-Liner\u00ae \u00e4r den ledande globala leverant\u00f6ren av h\u00f6gkvalitativ, tekniskt avancerad krockreparationsutrustning f\u00f6r eftermarknaden f\u00f6r bilar, och levererar innovativa l\u00f6sningar, teknisk utveckling, utbildning och kundsupport \u00f6ver hela v\u00e4rlden.<\/a><\/p>\n<\/div>\n<\/div>\n<\/div><\/div>\n\n\n\n<div class=\"wp-block-group tssbox\"><div class=\"wp-block-group__inner-container is-layout-constrained wp-block-group-is-layout-constrained\">\n<figure class=\"wp-block-image size-full\"><a href=\"https:\/\/truckcam.com\/\" target=\"_blank\"><img loading=\"lazy\" decoding=\"async\" width=\"250\" height=\"70\" src=\"https:\/\/soe.snaponequipment.com\/wp-content\/uploads\/truckcam.png\" alt=\"\" class=\"wp-image-191\"\/><\/a><\/figure>\n\n\n\n<div class=\"wp-block-columns is-layout-flex wp-container-core-columns-is-layout-9d6595d7 wp-block-columns-is-layout-flex\">\n<div class=\"wp-block-column tsswordbox is-layout-flow wp-block-column-is-layout-flow\">\n<p><a href=\"https:\/\/truckcam.com\/\" target=\"_blank\" rel=\"noreferrer noopener\">OEM-tillverkare runt om i v\u00e4rlden f\u00f6rlitar sig p\u00e5 truckCAM\u2122, en medlem av Snap-on\u00ae, TOTAL SHOP SOLUTIONS-familjen, f\u00f6r end-of-line l\u00f6sningar f\u00f6r hjulinst\u00e4llning, adaptiv farth\u00e5llare och Lane Departure Warning Systems patenterade kamerateknologi inom tunga fordonsindustrin.<\/a><\/p>\n<\/div>\n<\/div>\n<\/div><\/div>\n\n\n\n<div class=\"wp-block-group tssbox\"><div class=\"wp-block-group__inner-container is-layout-constrained wp-block-group-is-layout-constrained\">\n<figure class=\"wp-block-image size-full\"><a href=\"https:\/\/josam.se\/en\/\" target=\"_blank\"><img loading=\"lazy\" decoding=\"async\" width=\"250\" height=\"75\" src=\"https:\/\/soe.snaponequipment.com\/wp-content\/uploads\/josam.png\" alt=\"\" class=\"wp-image-193\"\/><\/a><\/figure>\n\n\n\n<div class=\"wp-block-columns is-layout-flex wp-container-core-columns-is-layout-9d6595d7 wp-block-columns-is-layout-flex\">\n<div class=\"wp-block-column tsswordbox is-layout-flow wp-block-column-is-layout-flow\">\n<p><a href=\"https:\/\/josam.se\/en\/\" target=\"_blank\" rel=\"noreferrer noopener\">En medlem av familjen Snap-on\u00ae, TOTAL SHOP SOLUTIONS, Josam\u00ae \u00e4r en v\u00e4rldsomsp\u00e4nnande tillverkare och leverant\u00f6r av utrustning f\u00f6r hjulinst\u00e4llning, riktning och induktionsuppv\u00e4rmning f\u00f6r den tunga fordonsindustrin.<\/a><\/p>\n<\/div>\n<\/div>\n<\/div><\/div>\n<\/div>\n<\/div><\/div>\n\n\n\n<p><\/p>\n","protected":false},"excerpt":{"rendered":"<p>V\u00e5ra Varum\u00e4rken V\u00e5ra varum\u00e4rken runt om i v\u00e4rlden har ett globalt uppdrag f\u00f6r att \u00f6ka bilverkst\u00e4dernas produktivitet. Att f\u00f6rb\u00e4ttra effektiviteten har varit k\u00e4rnan i v\u00e5r verksamhet i \u00f6ver ett sekel. Det finns mer mark att t\u00e4cka, men tillsammans kan vi s\u00e4tta nya standarder f\u00f6r excellens inom fordonsservice. SUN\u00ae, ett av de m\u00e5nga m\u00e4rkena fr\u00e5n Snap-on\u00ae, [&hellip;]<\/p>\n","protected":false},"author":1,"featured_media":0,"parent":0,"menu_order":0,"comment_status":"closed","ping_status":"closed","template":"","meta":{"footnotes":""},"class_list":["post-289","page","type-page","status-publish","hentry"],"_links":{"self":[{"href":"https:\/\/soe.snaponequipment.com\/sv\/wp-json\/wp\/v2\/pages\/289","targetHints":{"allow":["GET"]}}],"collection":[{"href":"https:\/\/soe.snaponequipment.com\/sv\/wp-json\/wp\/v2\/pages"}],"about":[{"href":"https:\/\/soe.snaponequipment.com\/sv\/wp-json\/wp\/v2\/types\/page"}],"author":[{"embeddable":true,"href":"https:\/\/soe.snaponequipment.com\/sv\/wp-json\/wp\/v2\/users\/1"}],"replies":[{"embeddable":true,"href":"https:\/\/soe.snaponequipment.com\/sv\/wp-json\/wp\/v2\/comments?post=289"}],"version-history":[{"count":1,"href":"https:\/\/soe.snaponequipment.com\/sv\/wp-json\/wp\/v2\/pages\/289\/revisions"}],"predecessor-version":[{"id":1854,"href":"https:\/\/soe.snaponequipment.com\/sv\/wp-json\/wp\/v2\/pages\/289\/revisions\/1854"}],"wp:attachment":[{"href":"https:\/\/soe.snaponequipment.com\/sv\/wp-json\/wp\/v2\/media?parent=289"}],"curies":[{"name":"wp","href":"https:\/\/api.w.org\/{rel}","templated":true}]}}