{"id":306,"date":"2025-10-15T20:34:30","date_gmt":"2025-10-15T20:34:30","guid":{"rendered":"https:\/\/soe.snaponequipment.com\/home\/"},"modified":"2025-11-03T20:40:57","modified_gmt":"2025-11-03T20:40:57","slug":"home","status":"publish","type":"page","link":"https:\/\/soe.snaponequipment.com\/sv\/","title":{"rendered":"Home"},"content":{"rendered":"\n<div class=\"wp-block-group bluehead\"><div class=\"wp-block-group__inner-container is-layout-constrained wp-block-group-is-layout-constrained\">\n<div class=\"wp-block-group content-inner1200\"><div class=\"wp-block-group__inner-container is-layout-constrained wp-block-group-is-layout-constrained\">\n<div class=\"wp-block-columns is-layout-flex wp-container-core-columns-is-layout-9d6595d7 wp-block-columns-is-layout-flex\">\n<div class=\"wp-block-column whiteheader is-layout-flow wp-block-column-is-layout-flow\">\n<p>V\u00e4rldsledande inom service och reparation av fordonshjul<\/p>\n<\/div>\n\n\n\n<div class=\"wp-block-column is-layout-flow wp-block-column-is-layout-flow\">\n<figure class=\"wp-block-video\"><video height=\"1080\" style=\"aspect-ratio: 1920 \/ 1080;\" width=\"1920\" autoplay controls loop muted src=\"https:\/\/soe.snaponequipment.com\/wp-content\/uploads\/2025\/10\/global.mp4\"><\/video><\/figure>\n<\/div>\n<\/div>\n<\/div><\/div>\n<\/div><\/div>\n\n\n\n<div class=\"wp-block-group container\"><div class=\"wp-block-group__inner-container is-layout-constrained wp-block-group-is-layout-constrained\">\n<div class=\"wp-block-group content-inner1200\"><div class=\"wp-block-group__inner-container is-layout-constrained wp-block-group-is-layout-constrained\">\n<h1 class=\"wp-block-heading h1line\">Ledande Innovat\u00f6r Inom Fordonsreparationsteknik<\/h1>\n\n\n\n<p>Vi erbjuder de mest tekniskt avancerade bildframst\u00e4llningshjulsinriktningarna, hjulbalanserarna, d\u00e4ckv\u00e4xlarna, uppriktningslyftarna, hissarna f\u00f6r allm\u00e4nna \u00e4ndam\u00e5l, bromssvarvarna, ramm\u00e4tningssystemen och ramr\u00e4tningsst\u00e4llen.&nbsp;P\u00e5 Snap-on Equipment arbetar vi f\u00f6r att tillhandah\u00e5lla branschledande godk\u00e4nd utrustning, information, utbildning och support f\u00f6r att hj\u00e4lpa verkst\u00e4derna att f\u00e5 tillbaka s\u00e4kra fordon p\u00e5 v\u00e4garna.<\/p>\n\n\n\n<p>Som en del av v\u00e5r dagliga verksamhet \u00e4r Snap-on engagerade i att skapa h\u00f6gkvalitativa produkter p\u00e5 en s\u00e4ker och h\u00e4lsosam arbetsplats och samtidigt str\u00e4var vi efter att v\u00e4rna om naturresurser och bevara milj\u00f6n. F\u00f6rutom att agera som milj\u00f6ansvariga grannar i samh\u00e4llen, \u00e4r vi h\u00e4ngivna att kommunicera b\u00e4sta praxis till v\u00e5ra teammedlemmar. Vi \u00e4r stolta \u00f6ver v\u00e5rt teams etablerade engagemang f\u00f6r att bygga och v\u00e5rda l\u00e5ngsiktiga kundrelationer.<\/p>\n\n\n\n<figure class=\"wp-block-image size-full\"><img loading=\"lazy\" decoding=\"async\" width=\"3002\" height=\"1646\" src=\"https:\/\/soe.snaponequipment.com\/wp-content\/uploads\/2025\/10\/assemblyline.png\" alt=\"\" class=\"wp-image-43\"\/><\/figure>\n<\/div><\/div>\n\n\n\n<div class=\"wp-block-group content-inner1200\"><div class=\"wp-block-group__inner-container is-layout-constrained wp-block-group-is-layout-constrained\">\n<h1 class=\"wp-block-heading h1line\" id=\"presence\">V\u00e5r N\u00e4rvaro<\/h1>\n\n\n\n<p>Snap-on Equipment har en global n\u00e4rvaro med anl\u00e4ggningar i:lities in:<\/p>\n<\/div><\/div>\n<\/div><\/div>\n\n\n\n<div class=\"presence\">\n<div class=\"flexrow\">\n<div class=\"col-md-4\">\n<div class=\"location\">Conway, USA<\/div>\n\n<div class=\"location\">Louisville, USA<\/div>\n\n<div class=\"location\">Detroit, USA<\/div>\n\n<div class=\"location\">West Lebanon, USA<\/div>\n\n<div class=\"location\">Waukesha, USA<\/div>\n\n<div class=\"location\">Lexington, USA<\/div>\n\n<div class=\"location\">Sharjah, F&ouml;renade Arabemiraten<\/div>\n\n<div class=\"location\">Bicester, Storbritannien<\/div>\n<\/div>\n\n<div class=\"col-md-4\">\n<div class=\"location\">Rugby, Storbritannien<\/div>\n\n<div class=\"location\">St. Corona am Wechsel, &Ouml;sterrike<\/div>\n\n<div class=\"location\">Santa Barbara d&#39;Oeste, Brasilien<\/div>\n\n<div class=\"location\">Mississauga, Kanada<\/div>\n\n<div class=\"location\">Paris, Frankrike<\/div>\n\n<div class=\"location\">Babenhausen, Tyskland<\/div>\n\n<div class=\"location\">Unterneukirchen, Tyskland<\/div>\n\n<div class=\"location\">Sopron, Ungern<\/div>\n<\/div>\n\n<div class=\"col-md-4\">\n<div class=\"location\">Correggio, Italien<\/div>\n\n<div class=\"location\">Florens, Italien<\/div>\n\n<div class=\"location\">Larvik, Norge<\/div>\n\n<div class=\"location\">G&ouml;teborg, Sverige<\/div>\n\n<div class=\"location\">Katrineholm, Sverige<\/div>\n\n<div class=\"location\">Kungs&ouml;r, Sverige<\/div>\n\n<div class=\"location\">&Ouml;rebro, Sverige<\/div>\n\n<div class=\"location\">Stockholm, Sverige<\/div>\n<\/div>\n<div class=\"clearall\">&nbsp;<\/div>\n<\/div>\n<\/div>\n\n\n\n<div class=\"wp-block-group press\"><div class=\"wp-block-group__inner-container is-layout-constrained wp-block-group-is-layout-constrained\">\n<div class=\"wp-block-group container\"><div class=\"wp-block-group__inner-container is-layout-constrained wp-block-group-is-layout-constrained\"><\/div><\/div>\n<\/div><\/div>\n","protected":false},"excerpt":{"rendered":"<p>V\u00e4rldsledande inom service och reparation av fordonshjul Ledande Innovat\u00f6r Inom Fordonsreparationsteknik Vi erbjuder de mest tekniskt avancerade bildframst\u00e4llningshjulsinriktningarna, hjulbalanserarna, d\u00e4ckv\u00e4xlarna, uppriktningslyftarna, hissarna f\u00f6r allm\u00e4nna \u00e4ndam\u00e5l, bromssvarvarna, ramm\u00e4tningssystemen och ramr\u00e4tningsst\u00e4llen.&nbsp;P\u00e5 Snap-on Equipment arbetar vi f\u00f6r att tillhandah\u00e5lla branschledande godk\u00e4nd utrustning, information, utbildning och support f\u00f6r att hj\u00e4lpa verkst\u00e4derna att f\u00e5 tillbaka s\u00e4kra fordon p\u00e5 v\u00e4garna. Som [&hellip;]<\/p>\n","protected":false},"author":1,"featured_media":0,"parent":0,"menu_order":0,"comment_status":"closed","ping_status":"closed","template":"","meta":{"footnotes":""},"class_list":["post-306","page","type-page","status-publish","hentry"],"_links":{"self":[{"href":"https:\/\/soe.snaponequipment.com\/sv\/wp-json\/wp\/v2\/pages\/306","targetHints":{"allow":["GET"]}}],"collection":[{"href":"https:\/\/soe.snaponequipment.com\/sv\/wp-json\/wp\/v2\/pages"}],"about":[{"href":"https:\/\/soe.snaponequipment.com\/sv\/wp-json\/wp\/v2\/types\/page"}],"author":[{"embeddable":true,"href":"https:\/\/soe.snaponequipment.com\/sv\/wp-json\/wp\/v2\/users\/1"}],"replies":[{"embeddable":true,"href":"https:\/\/soe.snaponequipment.com\/sv\/wp-json\/wp\/v2\/comments?post=306"}],"version-history":[{"count":5,"href":"https:\/\/soe.snaponequipment.com\/sv\/wp-json\/wp\/v2\/pages\/306\/revisions"}],"predecessor-version":[{"id":1845,"href":"https:\/\/soe.snaponequipment.com\/sv\/wp-json\/wp\/v2\/pages\/306\/revisions\/1845"}],"wp:attachment":[{"href":"https:\/\/soe.snaponequipment.com\/sv\/wp-json\/wp\/v2\/media?parent=306"}],"curies":[{"name":"wp","href":"https:\/\/api.w.org\/{rel}","templated":true}]}}