{"id":346,"date":"2025-10-16T19:10:19","date_gmt":"2025-10-16T19:10:19","guid":{"rendered":"https:\/\/soe.snaponequipment.com\/products\/"},"modified":"2025-11-03T20:49:17","modified_gmt":"2025-11-03T20:49:17","slug":"produkter","status":"publish","type":"page","link":"https:\/\/soe.snaponequipment.com\/sv\/produkter\/","title":{"rendered":"Products"},"content":{"rendered":"\n<div class=\"wp-block-group container has-white-background-color has-background\"><div class=\"wp-block-group__inner-container is-layout-constrained wp-block-group-is-layout-constrained\">\n<div class=\"wp-block-group content-inner1200\"><div class=\"wp-block-group__inner-container is-layout-constrained wp-block-group-is-layout-constrained\">\n<h1 class=\"wp-block-heading h1line\">BILREPARATION<\/h1>\n\n\n\r\n\t\t<div class=\"productgrid1\">\r\n\t\t\t<div class=\"filters\">\r\n\t\t\t\t<div class=\"filterheader\">\r\n\t\t\t\t\t<h2>BILREPARATION<\/h2>\r\n\t\t\t\t<\/div>\r\n\t\t\t\t<div class=\"filterlist\">\r\n<div><button class=\"pcheckedbox\" id=\"p1\" aria-label=\"B\u00cdLALYFTA\"><\/button> B\u00cdLALYFTA<\/div><div class=\"filter\"><a href=\"?catkey=4\" class=\"filterlink\"><button class=\"pcheckbox\" id=\"p4\" aria-label=\"HJULINST\u00c4LLNINGAR\"><\/button>HJULINST\u00c4LLNINGAR<a><\/div><div class=\"filter\"><a href=\"?catkey=2\" class=\"filterlink\"><button class=\"pcheckbox\" id=\"p2\" aria-label=\"ADAS KALIBRERINGSSYSTEM\"><\/button>ADAS KALIBRERINGSSYSTEM<a><\/div><div class=\"filter\"><a href=\"?catkey=5\" class=\"filterlink\"><button class=\"pcheckbox\" id=\"p5\" aria-label=\"HJULBALANSER\"><\/button>HJULBALANSER<a><\/div><div class=\"filter\"><a href=\"?catkey=3\" class=\"filterlink\"><button class=\"pcheckbox\" id=\"p3\" aria-label=\"D\u00c4CKBYTARE\"><\/button>D\u00c4CKBYTARE<a><\/div><div class=\"filter\"><a href=\"?catkey=6\" class=\"filterlink\"><button class=\"pcheckbox\" id=\"p6\" aria-label=\"BROMSSERVICE\"><\/button>BROMSSERVICE<a><\/div><div class=\"filter\"><a href=\"?catkey=7\" class=\"filterlink\"><button class=\"pcheckbox\" id=\"p7\" aria-label=\"LUFTKONDITIONERINGSTJ\u00c4NST\"><\/button>LUFTKONDITIONERINGSTJ\u00c4NST<a><\/div><div class=\"filter\"><a href=\"?catkey=8\" class=\"filterlink\"><button class=\"pcheckbox\" id=\"p8\" aria-label=\"RENG\u00d6RING AV TRANSMISSION\"><\/button>RENG\u00d6RING AV TRANSMISSION<a><\/div><div class=\"filter\"><a href=\"?catkey=9\" class=\"filterlink\"><button class=\"pcheckbox\" id=\"p9\" aria-label=\"EQUIPO DE PRUEBA\"><\/button>EQUIPO DE PRUEBA<a><\/div><div class=\"filter\"><a href=\"?catkey=10\" class=\"filterlink\"><button class=\"pcheckbox\" id=\"p10\" aria-label=\"D\u00c4CKM\u00c4TNING\"><\/button>D\u00c4CKM\u00c4TNING<a><\/div><div class=\"filter\"><a href=\"?catkey=11\" class=\"filterlink\"><button class=\"pcheckbox\" id=\"p11\" aria-label=\"K\u00d6RSREPARATION\"><\/button>K\u00d6RSREPARATION<a><\/div><div class=\"filter\"><a href=\"?catkey=12\" class=\"filterlink\"><button class=\"pcheckbox\" id=\"p12\" aria-label=\"Diagnostik\"><\/button>Diagnostik<a><\/div><div class=\"filter\"><a href=\"?catkey=13\" class=\"filterlink\"><button class=\"pcheckbox\" id=\"p13\" aria-label=\"END OF LINE SYSTEM\"><\/button>END OF LINE SYSTEM<a><\/div>\t\t\t\t\r\n\t\t\t\t\r\n\t\t\t\t\r\n\t\t\t\t\t<p class=\"disclaimer\">*Vissa produkter kanske inte \u00e4r tillg\u00e4ngliga i alla regioner. Kontakta din lokala representant f\u00f6r mer information.<\/p>\r\n\t\t\t\t<\/div>\r\n\t\t\t<\/div>\r\n\t\t\t<div class=\"productgrid\">\r\n<div class=\"product\">\r\n\t\t\t<img decoding=\"async\" src=\"\/wp-content\/uploads\/CL12A-2.png\">2-POLPARLYFTAR<\/div><div class=\"product\">\r\n\t\t\t<img decoding=\"async\" src=\"\/wp-content\/uploads\/four-post-lift.jpg\">4-POSTLYFTAR<\/div><div class=\"product\">\r\n\t\t\t<img decoding=\"async\" src=\"\/wp-content\/uploads\/inground-lifts.jpg\">Marklyftar<\/div><div class=\"product\">\r\n\t\t\t<img decoding=\"async\" src=\"\/wp-content\/uploads\/lift-table.jpg\">LYFTBORD<\/div><div class=\"product\">\r\n\t\t\t<img decoding=\"async\" src=\"\/wp-content\/uploads\/scissor-lift.jpg\">SAXLYFTAR<\/div><div class=\"product\">\r\n\t\t\t<img decoding=\"async\" src=\"\/wp-content\/uploads\/home-storage-lift.jpg\">HEMF\u00d6RRAGSHISSAR<\/div><div class=\"product\">\r\n\t\t\t<img decoding=\"async\" src=\"\/wp-content\/uploads\/short-midrise-lift.jpg\">KORTA\/MIG-LYFTAR<\/div>\t\t\t\r\n\t\t\t<\/div>\r\n\t\t<\/div>\r\n\n<\/div><\/div>\n<\/div><\/div>\n\n\n\n<div class=\"wp-block-group container has-white-background-color has-background\"><div class=\"wp-block-group__inner-container is-layout-constrained wp-block-group-is-layout-constrained\">\n<div class=\"wp-block-group content-inner1200\"><div class=\"wp-block-group__inner-container is-layout-constrained wp-block-group-is-layout-constrained\">\n<h1 class=\"wp-block-heading h1line\">HEAVY DUTY REPARATION<\/h1>\n\n\n\n<div class=\"wp-block-group is-layout-grid wp-container-core-group-is-layout-4448c592 wp-block-group-is-layout-grid\">\n<div class=\"wp-block-group product\"><div class=\"wp-block-group__inner-container is-layout-constrained wp-block-group-is-layout-constrained\"><div class=\"wp-block-image\">\n<figure class=\"aligncenter size-full\"><img loading=\"lazy\" decoding=\"async\" width=\"290\" height=\"222\" src=\"https:\/\/soe.snaponequipment.com\/wp-content\/uploads\/wheel-alignment.jpg\" alt=\"\" class=\"wp-image-78\"\/><\/figure>\n<\/div>\n\n\n<p class=\"has-text-align-center\">HJULINST\u00c4LLNING<\/p>\n<\/div><\/div>\n\n\n\n<div class=\"wp-block-group product\"><div class=\"wp-block-group__inner-container is-layout-constrained wp-block-group-is-layout-constrained\"><div class=\"wp-block-image\">\n<figure class=\"aligncenter size-full\"><img loading=\"lazy\" decoding=\"async\" width=\"290\" height=\"222\" src=\"https:\/\/soe.snaponequipment.com\/wp-content\/uploads\/adas-calibration.jpg\" alt=\"\" class=\"wp-image-76\"\/><\/figure>\n<\/div>\n\n\n<p class=\"has-text-align-center\">ADAS KALIBRERING<\/p>\n<\/div><\/div>\n\n\n\n<div class=\"wp-block-group product\"><div class=\"wp-block-group__inner-container is-layout-constrained wp-block-group-is-layout-constrained\"><div class=\"wp-block-image\">\n<figure class=\"aligncenter size-full\"><img loading=\"lazy\" decoding=\"async\" width=\"290\" height=\"222\" src=\"https:\/\/soe.snaponequipment.com\/wp-content\/uploads\/mobile-columns-lift.jpg\" alt=\"\" class=\"wp-image-80\"\/><\/figure>\n<\/div>\n\n\n<p class=\"has-text-align-center\">MOBIL KOLONN LASTBILLIFT<\/p>\n<\/div><\/div>\n\n\n\n<div class=\"wp-block-group product\"><div class=\"wp-block-group__inner-container is-layout-constrained wp-block-group-is-layout-constrained\"><div class=\"wp-block-image\">\n<figure class=\"aligncenter size-full\"><img loading=\"lazy\" decoding=\"async\" width=\"290\" height=\"222\" src=\"https:\/\/soe.snaponequipment.com\/wp-content\/uploads\/tire-changer.jpg\" alt=\"\" class=\"wp-image-82\"\/><\/figure>\n<\/div>\n\n\n<p class=\"has-text-align-center\">D\u00c4CKBYTARE<\/p>\n<\/div><\/div>\n\n\n\n<div class=\"wp-block-group product\"><div class=\"wp-block-group__inner-container is-layout-constrained wp-block-group-is-layout-constrained\"><div class=\"wp-block-image\">\n<figure class=\"aligncenter size-full\"><img loading=\"lazy\" decoding=\"async\" width=\"290\" height=\"222\" src=\"https:\/\/soe.snaponequipment.com\/wp-content\/uploads\/wheel-balancers.jpg\" alt=\"\" class=\"wp-image-96\"\/><\/figure>\n<\/div>\n\n\n<p class=\"has-text-align-center\">HJULBALANSER<\/p>\n<\/div><\/div>\n\n\n\n<div class=\"wp-block-group product\"><div class=\"wp-block-group__inner-container is-layout-constrained wp-block-group-is-layout-constrained\"><div class=\"wp-block-image\">\n<figure class=\"aligncenter size-full\"><img loading=\"lazy\" decoding=\"async\" width=\"290\" height=\"222\" src=\"https:\/\/soe.snaponequipment.com\/wp-content\/uploads\/break-lathe.jpg\" alt=\"\" class=\"wp-image-88\"\/><\/figure>\n<\/div>\n\n\n<p class=\"has-text-align-center\" style=\"text-transform:uppercase\">bromssvarvar<\/p>\n<\/div><\/div>\n\n\n\n<div class=\"wp-block-group product\"><div class=\"wp-block-group__inner-container is-layout-constrained wp-block-group-is-layout-constrained\"><div class=\"wp-block-image\">\n<figure class=\"aligncenter size-full\"><img loading=\"lazy\" decoding=\"async\" width=\"290\" height=\"222\" src=\"https:\/\/soe.snaponequipment.com\/wp-content\/uploads\/break-tester.jpg\" alt=\"\" class=\"wp-image-89\"\/><\/figure>\n<\/div>\n\n\n<p class=\"has-text-align-center\" style=\"text-transform:uppercase\">bromsprovare<\/p>\n<\/div><\/div>\n\n\n\n<div class=\"wp-block-group product\"><div class=\"wp-block-group__inner-container is-layout-constrained wp-block-group-is-layout-constrained\"><div class=\"wp-block-image\">\n<figure class=\"aligncenter size-full\"><img loading=\"lazy\" decoding=\"async\" width=\"290\" height=\"222\" src=\"https:\/\/soe.snaponequipment.com\/wp-content\/uploads\/speedometer.jpg\" alt=\"\" class=\"wp-image-94\"\/><\/figure>\n<\/div>\n\n\n<p class=\"has-text-align-center\" style=\"text-transform:uppercase\">Hastighetsm\u00e4tare<\/p>\n<\/div><\/div>\n\n\n\n<div class=\"wp-block-group product\"><div class=\"wp-block-group__inner-container is-layout-constrained wp-block-group-is-layout-constrained\"><div class=\"wp-block-image\">\n<figure class=\"aligncenter size-full\"><img loading=\"lazy\" decoding=\"async\" width=\"290\" height=\"222\" src=\"https:\/\/soe.snaponequipment.com\/wp-content\/uploads\/emissions-analyzer.jpg\" alt=\"\" class=\"wp-image-92\"\/><\/figure>\n<\/div>\n\n\n<p class=\"has-text-align-center\">EMISSIONS ANALYSER<\/p>\n<\/div><\/div>\n\n\n\n<div class=\"wp-block-group product\"><div class=\"wp-block-group__inner-container is-layout-constrained wp-block-group-is-layout-constrained\"><div class=\"wp-block-image\">\n<figure class=\"aligncenter size-full\"><img loading=\"lazy\" decoding=\"async\" width=\"290\" height=\"222\" src=\"https:\/\/soe.snaponequipment.com\/wp-content\/uploads\/headlight-tester.jpg\" alt=\"\" class=\"wp-image-93\"\/><\/figure>\n<\/div>\n\n\n<p class=\"has-text-align-center\">STR\u00c5LJUSTESTER<\/p>\n<\/div><\/div>\n\n\n\n<div class=\"wp-block-group product\"><div class=\"wp-block-group__inner-container is-layout-constrained wp-block-group-is-layout-constrained\"><div class=\"wp-block-image\">\n<figure class=\"aligncenter size-full\"><img loading=\"lazy\" decoding=\"async\" width=\"290\" height=\"222\" src=\"https:\/\/soe.snaponequipment.com\/wp-content\/uploads\/CTR9.png\" alt=\"\" class=\"wp-image-90\"\/><\/figure>\n<\/div>\n\n\n<p class=\"has-text-align-center\">PUNKTSV\u00c4TSARE<\/p>\n<\/div><\/div>\n\n\n\n<div class=\"wp-block-group product\"><div class=\"wp-block-group__inner-container is-layout-constrained wp-block-group-is-layout-constrained\"><div class=\"wp-block-image\">\n<figure class=\"aligncenter size-full\"><img loading=\"lazy\" decoding=\"async\" width=\"290\" height=\"222\" src=\"https:\/\/soe.snaponequipment.com\/wp-content\/uploads\/ecotechnics_web2.png\" alt=\"\" class=\"wp-image-91\"\/><\/figure>\n<\/div>\n\n\n<p class=\"has-text-align-center\">LUFTKONDITIONERINGSTJ\u00c4NST<\/p>\n<\/div><\/div>\n\n\n\n<p><\/p>\n<\/div>\n<\/div><\/div>\n<\/div><\/div>\n\n\n\n<p><\/p>\n","protected":false},"excerpt":{"rendered":"<p>BILREPARATION HEAVY DUTY REPARATION HJULINST\u00c4LLNING ADAS KALIBRERING MOBIL KOLONN LASTBILLIFT D\u00c4CKBYTARE HJULBALANSER bromssvarvar bromsprovare Hastighetsm\u00e4tare EMISSIONS ANALYSER STR\u00c5LJUSTESTER PUNKTSV\u00c4TSARE LUFTKONDITIONERINGSTJ\u00c4NST<\/p>\n","protected":false},"author":1,"featured_media":0,"parent":0,"menu_order":0,"comment_status":"closed","ping_status":"closed","template":"soe-products.php","meta":{"footnotes":""},"class_list":["post-346","page","type-page","status-publish","hentry"],"_links":{"self":[{"href":"https:\/\/soe.snaponequipment.com\/sv\/wp-json\/wp\/v2\/pages\/346","targetHints":{"allow":["GET"]}}],"collection":[{"href":"https:\/\/soe.snaponequipment.com\/sv\/wp-json\/wp\/v2\/pages"}],"about":[{"href":"https:\/\/soe.snaponequipment.com\/sv\/wp-json\/wp\/v2\/types\/page"}],"author":[{"embeddable":true,"href":"https:\/\/soe.snaponequipment.com\/sv\/wp-json\/wp\/v2\/users\/1"}],"replies":[{"embeddable":true,"href":"https:\/\/soe.snaponequipment.com\/sv\/wp-json\/wp\/v2\/comments?post=346"}],"version-history":[{"count":1,"href":"https:\/\/soe.snaponequipment.com\/sv\/wp-json\/wp\/v2\/pages\/346\/revisions"}],"predecessor-version":[{"id":1852,"href":"https:\/\/soe.snaponequipment.com\/sv\/wp-json\/wp\/v2\/pages\/346\/revisions\/1852"}],"wp:attachment":[{"href":"https:\/\/soe.snaponequipment.com\/sv\/wp-json\/wp\/v2\/media?parent=346"}],"curies":[{"name":"wp","href":"https:\/\/api.w.org\/{rel}","templated":true}]}}